{"id":34837,"date":"2019-08-14T16:09:32","date_gmt":"2019-08-14T14:09:32","guid":{"rendered":"https:\/\/www.vandijkenko.nl\/bestellen-bezahlen\/"},"modified":"2019-12-10T17:29:32","modified_gmt":"2019-12-10T16:29:32","slug":"bestellen-bezahlen","status":"publish","type":"page","link":"https:\/\/www.vandijkenko.nl\/de\/bestellen-bezahlen\/","title":{"rendered":"Bestellen und Bezahlen"},"content":{"rendered":"<div class=\"wpb-content-wrapper\"><p>[vc_row el_class=&#8220;in-grid&#8220;][vc_column]\n<h1 class=\"title   title--center title--small\">\n\t<\/h1>\n\n\t[vc_column_text]<\/p>\n<h2 class=\"western\" lang=\"de-DE\">Bestellen und Bezahlen<\/h2>\n<p>&nbsp;<\/p>\n<ol>\n<li>Legen Sie das Produkt Ihrer Wahl in den Warenkorb, indem Sie den Button \u201eKaufen\u201c anklicken.<\/li>\n<li>Klicken Sie anschlie\u00dfend auf den Warenkorb, um Ihre Bestellung anzusehen.<\/li>\n<li>Klicken Sie anschlie\u00dfend auf \u201eZur Kasse gehen\u201c, um die Zahlung abzuschlie\u00dfen.<\/li>\n<li>Tragen Sie Ihre Daten ein und gehen Sie Schritt f\u00fcr Schritt vor.<\/li>\n<li>Erst wenn Sie auf den Button \u201eZahlungspflichtig bestellen\u201c klicken, ist Ihre Bestellung verbindlich.<\/li>\n<\/ol>\n<p>&nbsp;<\/p>\n<p>Sie erhalten von uns eine Auftragsbest\u00e4tigung per E-Mail. Wenn beim Bestellvorgang etwas danebengehen sollte oder Sie etwas \u00e4ndern m\u00f6chten, k\u00f6nnen Sie jederzeit <a href=\"https:\/\/www.vandijkenko.nl\/de\/kontakt\/\">Kontakt<\/a> mit uns aufnehmen.<\/p>\n<p>&nbsp;<\/p>\n<p>Die Preise verstehen sich einschlie\u00dflich 21\u00a0% MwSt., falls nicht anders angegeben.<\/p>\n<p>&nbsp;<\/p>\n<p><strong>W\u00e4hlen Sie eine der folgenden Zahlungsmethoden:<\/strong><\/p>\n<ul>\n<li style=\"list-style-type: none;\">\n<ul>\n<li><strong>IDEAL<\/strong> &#8211; iDeal ist eine sichere Zahlungsm\u00f6glichkeit der niederl\u00e4ndischen Banken. Wenn Sie diese Methode w\u00e4hlen, werden Sie direkt zu Ihrem sicheren Online-Bankkonto weitergeleitet. Sie bezahlen auf dieselbe Weise wie beim Onlinebanking.<\/li>\n<li>PayPal &#8211; Mit PayPal k\u00f6nnen Sie schnell und einfach online Geld \u00fcberweisen und empfangen. Es ist eine ideale Zahlungsmethode, um (auch international) eine \u00dcberweisung abzuwickeln. Die Er\u00f6ffnung eines PayPal-Kontos ist kostenlos. Eventuell anfallende Kosten sind durch die Zahlungsart bedingt. <a href=\"https:\/\/www.paypal.com\/selfhelp\/article\/FAQ690\">Klicken Sie hier<\/a> f\u00fcr weitere Informationen.<\/li>\n<li><strong>Kreditkarte\/Mastercard<\/strong><\/li>\n<li><strong>Zahlung gegen Rechnung<\/strong> &#8211; Sind Sie Gesch\u00e4ftskunde? Dann besteht die M\u00f6glichkeit, die Zahlung gegen Rechnung auf das Konto vorzunehmen. Die Auslieferung erfolgt nach vollst\u00e4ndiger Begleichung der Rechnung. Nehmen Sie vor der Bezahlung gegen Rechnung <a href=\"https:\/\/www.vandijkenko.nl\/de\/kontakt\/\">Kontakt<\/a> mit uns auf.<\/li>\n<\/ul>\n<\/li>\n<\/ul>\n<p>[\/vc_column_text][\/vc_column][\/vc_row]<\/p>\n<\/div>","protected":false},"excerpt":{"rendered":"<p>[vc_row el_class=&#8220;in-grid&#8220;][vc_column][vc_column_text] Bestellen und Bezahlen &nbsp; Legen Sie das Produkt Ihrer Wahl in den [&hellip;]<\/p>\n","protected":false},"author":1,"featured_media":0,"parent":0,"menu_order":6,"comment_status":"closed","ping_status":"closed","template":"","meta":{"_acf_changed":false,"footnotes":""},"class_list":["post-34837","page","type-page","status-publish","hentry"],"acf":[],"yoast_head":"<!-- This site is optimized with the Yoast SEO Premium plugin v27.4 (Yoast SEO v27.4) - https:\/\/yoast.com\/product\/yoast-seo-premium-wordpress\/ -->\n<title>Bestellen und Bezahlen - Van Dijk &amp; Ko<\/title>\n<meta name=\"robots\" content=\"index, follow, max-snippet:-1, max-image-preview:large, max-video-preview:-1\" \/>\n<link rel=\"canonical\" href=\"https:\/\/www.vandijkenko.nl\/de\/bestellen-bezahlen\/\" \/>\n<meta property=\"og:locale\" content=\"de_DE\" \/>\n<meta property=\"og:type\" content=\"article\" \/>\n<meta property=\"og:title\" content=\"Bestellen und Bezahlen\" \/>\n<meta property=\"og:description\" content=\"[vc_row el_class=&#8220;in-grid&#8220;][vc_column][vc_column_text] Bestellen und Bezahlen &nbsp; Legen Sie das Produkt Ihrer Wahl in den [&hellip;]\" \/>\n<meta property=\"og:url\" content=\"https:\/\/www.vandijkenko.nl\/de\/bestellen-bezahlen\/\" \/>\n<meta property=\"og:site_name\" content=\"Van Dijk &amp; Ko\" \/>\n<meta property=\"article:publisher\" content=\"https:\/\/www.facebook.com\/vandijkenko\/\" \/>\n<meta property=\"article:modified_time\" content=\"2019-12-10T16:29:32+00:00\" \/>\n<meta name=\"twitter:card\" content=\"summary_large_image\" \/>\n<meta name=\"twitter:label1\" content=\"Gesch\u00e4tzte Lesezeit\" \/>\n\t<meta name=\"twitter:data1\" content=\"1\u00a0Minute\" \/>\n<script type=\"application\/ld+json\" class=\"yoast-schema-graph\">{\"@context\":\"https:\\\/\\\/schema.org\",\"@graph\":[{\"@type\":\"WebPage\",\"@id\":\"https:\\\/\\\/www.vandijkenko.nl\\\/de\\\/bestellen-bezahlen\\\/\",\"url\":\"https:\\\/\\\/www.vandijkenko.nl\\\/de\\\/bestellen-bezahlen\\\/\",\"name\":\"Bestellen und Bezahlen - Van Dijk &amp; Ko\",\"isPartOf\":{\"@id\":\"https:\\\/\\\/www.vandijkenko.nl\\\/de\\\/#website\"},\"datePublished\":\"2019-08-14T14:09:32+00:00\",\"dateModified\":\"2019-12-10T16:29:32+00:00\",\"breadcrumb\":{\"@id\":\"https:\\\/\\\/www.vandijkenko.nl\\\/de\\\/bestellen-bezahlen\\\/#breadcrumb\"},\"inLanguage\":\"de\",\"potentialAction\":[{\"@type\":\"ReadAction\",\"target\":[\"https:\\\/\\\/www.vandijkenko.nl\\\/de\\\/bestellen-bezahlen\\\/\"]}]},{\"@type\":\"BreadcrumbList\",\"@id\":\"https:\\\/\\\/www.vandijkenko.nl\\\/de\\\/bestellen-bezahlen\\\/#breadcrumb\",\"itemListElement\":[{\"@type\":\"ListItem\",\"position\":1,\"name\":\"Home\",\"item\":\"https:\\\/\\\/www.vandijkenko.nl\\\/de\\\/\"},{\"@type\":\"ListItem\",\"position\":2,\"name\":\"Bestellen und Bezahlen\"}]},{\"@type\":\"WebSite\",\"@id\":\"https:\\\/\\\/www.vandijkenko.nl\\\/de\\\/#website\",\"url\":\"https:\\\/\\\/www.vandijkenko.nl\\\/de\\\/\",\"name\":\"Van Dijk &amp; Ko\",\"description\":\"\",\"publisher\":{\"@id\":\"https:\\\/\\\/www.vandijkenko.nl\\\/de\\\/#organization\"},\"potentialAction\":[{\"@type\":\"SearchAction\",\"target\":{\"@type\":\"EntryPoint\",\"urlTemplate\":\"https:\\\/\\\/www.vandijkenko.nl\\\/de\\\/?s={search_term_string}\"},\"query-input\":{\"@type\":\"PropertyValueSpecification\",\"valueRequired\":true,\"valueName\":\"search_term_string\"}}],\"inLanguage\":\"de\"},{\"@type\":[\"Organization\",\"Place\",\"FurnitureStore\"],\"@id\":\"https:\\\/\\\/www.vandijkenko.nl\\\/de\\\/#organization\",\"name\":\"Van Dijk & Ko\",\"url\":\"https:\\\/\\\/www.vandijkenko.nl\\\/de\\\/\",\"logo\":{\"@id\":\"https:\\\/\\\/www.vandijkenko.nl\\\/de\\\/bestellen-bezahlen\\\/#local-main-organization-logo\"},\"image\":{\"@id\":\"https:\\\/\\\/www.vandijkenko.nl\\\/de\\\/bestellen-bezahlen\\\/#local-main-organization-logo\"},\"sameAs\":[\"https:\\\/\\\/www.facebook.com\\\/vandijkenko\\\/\",\"https:\\\/\\\/www.instagram.com\\\/vandijkenko\\\/\",\"https:\\\/\\\/www.pinterest.co.uk\\\/vandijkko0026\\\/\"],\"address\":{\"@id\":\"https:\\\/\\\/www.vandijkenko.nl\\\/de\\\/bestellen-bezahlen\\\/#local-main-place-address\"},\"geo\":{\"@type\":\"GeoCoordinates\",\"latitude\":\"52.3977911\",\"longitude\":\"4.9042822\"},\"telephone\":[\"+31 20 684 1524\"],\"openingHoursSpecification\":[{\"@type\":\"OpeningHoursSpecification\",\"dayOfWeek\":[\"Monday\"],\"opens\":\"00:00\",\"closes\":\"00:00\"},{\"@type\":\"OpeningHoursSpecification\",\"dayOfWeek\":[\"Tuesday\",\"Wednesday\",\"Thursday\",\"Friday\",\"Saturday\"],\"opens\":\"10:00\",\"closes\":\"18:00\"},{\"@type\":\"OpeningHoursSpecification\",\"dayOfWeek\":[\"Sunday\"],\"opens\":\"12:00\",\"closes\":\"18:00\"}],\"email\":\"info@vandijkenko.nl\"},{\"@type\":\"PostalAddress\",\"@id\":\"https:\\\/\\\/www.vandijkenko.nl\\\/de\\\/bestellen-bezahlen\\\/#local-main-place-address\",\"streetAddress\":\"Papaverweg 46\",\"addressLocality\":\"Amsterdam\",\"postalCode\":\"1032 KJ\",\"addressRegion\":\"Noord-holland\",\"addressCountry\":\"NL\"},{\"@type\":\"ImageObject\",\"inLanguage\":\"de\",\"@id\":\"https:\\\/\\\/www.vandijkenko.nl\\\/de\\\/bestellen-bezahlen\\\/#local-main-organization-logo\",\"url\":\"https:\\\/\\\/www.vandijkenko.nl\\\/wp-content\\\/uploads\\\/2019\\\/09\\\/VanDijkenKologo.jpg\",\"contentUrl\":\"https:\\\/\\\/www.vandijkenko.nl\\\/wp-content\\\/uploads\\\/2019\\\/09\\\/VanDijkenKologo.jpg\",\"width\":320,\"height\":320,\"caption\":\"Van Dijk & Ko\"}]}<\/script>\n<meta name=\"geo.placename\" content=\"Amsterdam\" \/>\n<meta name=\"geo.position\" content=\"52.3977911;4.9042822\" \/>\n<meta name=\"geo.region\" content=\"Niederlande\" \/>\n<!-- \/ Yoast SEO Premium plugin. -->","yoast_head_json":{"title":"Bestellen und Bezahlen - Van Dijk &amp; Ko","robots":{"index":"index","follow":"follow","max-snippet":"max-snippet:-1","max-image-preview":"max-image-preview:large","max-video-preview":"max-video-preview:-1"},"canonical":"https:\/\/www.vandijkenko.nl\/de\/bestellen-bezahlen\/","og_locale":"de_DE","og_type":"article","og_title":"Bestellen und Bezahlen","og_description":"[vc_row el_class=&#8220;in-grid&#8220;][vc_column][vc_column_text] Bestellen und Bezahlen &nbsp; Legen Sie das Produkt Ihrer Wahl in den [&hellip;]","og_url":"https:\/\/www.vandijkenko.nl\/de\/bestellen-bezahlen\/","og_site_name":"Van Dijk &amp; Ko","article_publisher":"https:\/\/www.facebook.com\/vandijkenko\/","article_modified_time":"2019-12-10T16:29:32+00:00","twitter_card":"summary_large_image","twitter_misc":{"Gesch\u00e4tzte Lesezeit":"1\u00a0Minute"},"schema":{"@context":"https:\/\/schema.org","@graph":[{"@type":"WebPage","@id":"https:\/\/www.vandijkenko.nl\/de\/bestellen-bezahlen\/","url":"https:\/\/www.vandijkenko.nl\/de\/bestellen-bezahlen\/","name":"Bestellen und Bezahlen - Van Dijk &amp; Ko","isPartOf":{"@id":"https:\/\/www.vandijkenko.nl\/de\/#website"},"datePublished":"2019-08-14T14:09:32+00:00","dateModified":"2019-12-10T16:29:32+00:00","breadcrumb":{"@id":"https:\/\/www.vandijkenko.nl\/de\/bestellen-bezahlen\/#breadcrumb"},"inLanguage":"de","potentialAction":[{"@type":"ReadAction","target":["https:\/\/www.vandijkenko.nl\/de\/bestellen-bezahlen\/"]}]},{"@type":"BreadcrumbList","@id":"https:\/\/www.vandijkenko.nl\/de\/bestellen-bezahlen\/#breadcrumb","itemListElement":[{"@type":"ListItem","position":1,"name":"Home","item":"https:\/\/www.vandijkenko.nl\/de\/"},{"@type":"ListItem","position":2,"name":"Bestellen und Bezahlen"}]},{"@type":"WebSite","@id":"https:\/\/www.vandijkenko.nl\/de\/#website","url":"https:\/\/www.vandijkenko.nl\/de\/","name":"Van Dijk &amp; Ko","description":"","publisher":{"@id":"https:\/\/www.vandijkenko.nl\/de\/#organization"},"potentialAction":[{"@type":"SearchAction","target":{"@type":"EntryPoint","urlTemplate":"https:\/\/www.vandijkenko.nl\/de\/?s={search_term_string}"},"query-input":{"@type":"PropertyValueSpecification","valueRequired":true,"valueName":"search_term_string"}}],"inLanguage":"de"},{"@type":["Organization","Place","FurnitureStore"],"@id":"https:\/\/www.vandijkenko.nl\/de\/#organization","name":"Van Dijk & Ko","url":"https:\/\/www.vandijkenko.nl\/de\/","logo":{"@id":"https:\/\/www.vandijkenko.nl\/de\/bestellen-bezahlen\/#local-main-organization-logo"},"image":{"@id":"https:\/\/www.vandijkenko.nl\/de\/bestellen-bezahlen\/#local-main-organization-logo"},"sameAs":["https:\/\/www.facebook.com\/vandijkenko\/","https:\/\/www.instagram.com\/vandijkenko\/","https:\/\/www.pinterest.co.uk\/vandijkko0026\/"],"address":{"@id":"https:\/\/www.vandijkenko.nl\/de\/bestellen-bezahlen\/#local-main-place-address"},"geo":{"@type":"GeoCoordinates","latitude":"52.3977911","longitude":"4.9042822"},"telephone":["+31 20 684 1524"],"openingHoursSpecification":[{"@type":"OpeningHoursSpecification","dayOfWeek":["Monday"],"opens":"00:00","closes":"00:00"},{"@type":"OpeningHoursSpecification","dayOfWeek":["Tuesday","Wednesday","Thursday","Friday","Saturday"],"opens":"10:00","closes":"18:00"},{"@type":"OpeningHoursSpecification","dayOfWeek":["Sunday"],"opens":"12:00","closes":"18:00"}],"email":"info@vandijkenko.nl"},{"@type":"PostalAddress","@id":"https:\/\/www.vandijkenko.nl\/de\/bestellen-bezahlen\/#local-main-place-address","streetAddress":"Papaverweg 46","addressLocality":"Amsterdam","postalCode":"1032 KJ","addressRegion":"Noord-holland","addressCountry":"NL"},{"@type":"ImageObject","inLanguage":"de","@id":"https:\/\/www.vandijkenko.nl\/de\/bestellen-bezahlen\/#local-main-organization-logo","url":"https:\/\/www.vandijkenko.nl\/wp-content\/uploads\/2019\/09\/VanDijkenKologo.jpg","contentUrl":"https:\/\/www.vandijkenko.nl\/wp-content\/uploads\/2019\/09\/VanDijkenKologo.jpg","width":320,"height":320,"caption":"Van Dijk & Ko"}]},"geo.placename":"Amsterdam","geo.position":{"lat":"52.3977911","long":"4.9042822"},"geo.region":"Niederlande"},"_links":{"self":[{"href":"https:\/\/www.vandijkenko.nl\/de\/wp-json\/wp\/v2\/pages\/34837","targetHints":{"allow":["GET"]}}],"collection":[{"href":"https:\/\/www.vandijkenko.nl\/de\/wp-json\/wp\/v2\/pages"}],"about":[{"href":"https:\/\/www.vandijkenko.nl\/de\/wp-json\/wp\/v2\/types\/page"}],"author":[{"embeddable":true,"href":"https:\/\/www.vandijkenko.nl\/de\/wp-json\/wp\/v2\/users\/1"}],"replies":[{"embeddable":true,"href":"https:\/\/www.vandijkenko.nl\/de\/wp-json\/wp\/v2\/comments?post=34837"}],"version-history":[{"count":0,"href":"https:\/\/www.vandijkenko.nl\/de\/wp-json\/wp\/v2\/pages\/34837\/revisions"}],"wp:attachment":[{"href":"https:\/\/www.vandijkenko.nl\/de\/wp-json\/wp\/v2\/media?parent=34837"}],"curies":[{"name":"wp","href":"https:\/\/api.w.org\/{rel}","templated":true}]}}