{"id":34839,"date":"2019-08-14T16:11:12","date_gmt":"2019-08-14T14:11:12","guid":{"rendered":"https:\/\/www.vandijkenko.nl\/lieferung\/"},"modified":"2019-12-10T17:32:30","modified_gmt":"2019-12-10T16:32:30","slug":"lieferung","status":"publish","type":"page","link":"https:\/\/www.vandijkenko.nl\/de\/lieferung\/","title":{"rendered":"Lieferung"},"content":{"rendered":"<div class=\"wpb-content-wrapper\"><p>[vc_row el_class=&#8220;in-grid&#8220;][vc_column]\n<h1 class=\"title    \">\n\t<\/h1>\n\n\t[vc_column_text]<\/p>\n<h1 class=\"western\" lang=\"de-DE\">Lieferung<\/h1>\n<p>&nbsp;<br \/>\nWir k\u00f6nnen gekaufte Artikel zu Ihnen nach Hause liefern. Wir liefern bis zur Haust\u00fcr. Oder, wenn es einfach geht, bis ins Erdgeschoss. Der Lieferfahrer kommt allein. K\u00fcmmern Sie sich also bitte selbst darum, dass andere Ihnen helfen, gr\u00f6\u00dfere Artikel in ein h\u00f6heres Stockwerk zu transportieren. Um die Lieferkosten und den CO2-Aussto\u00df so gering wie m\u00f6glich zu halten, b\u00fcndeln wir Lieferungen. Wir sind bem\u00fcht, die Bestellung sp\u00e4testens innerhalb von zwei Wochen auszuliefern, sofern Sie nicht weit entfernt von Amsterdam wohnen; anderenfalls werden Sie f\u00fcr die Langstreckenroute eingeteilt. Dies geschieht, um Bestellungen b\u00fcndeln zu k\u00f6nnen. Wenn Sie eine Bestellung aufgeben, nehmen wir so rasch wie m\u00f6glich Kontakt mit Ihnen auf, um einen Liefertermin zu vereinbaren. Wir liefern gew\u00f6hnlich am Dienstag, Mittwoch und Donnerstag aus.<\/p>\n<p>&nbsp;<\/p>\n<p><strong>Angabe Transportpreise<\/strong><\/p>\n<p>\u00dcbrige Niederlande \u20ac 80 &#8211; \u20ac 150<\/p>\n<p>Mehrpreis eventuelle Montage \u20ac 50<\/p>\n<p>&nbsp;<\/p>\n<p>M\u00f6chten Sie Ihre Bestellung innerhalb von drei Tagen erhalten, empfehlen wir Ihnen, den Versand selbst zu regeln. Dies ist z. B. mit Brenger m\u00f6glich.<\/p>\n<p>&nbsp;<br \/>\n<strong>Kostenlose Abholung<\/strong><\/p>\n<p>Sie k\u00f6nnen Ihre gekauften Artikel auch w\u00e4hrend der \u00d6ffnungszeiten kostenlos in unserem Laden\/Lager in Amsterdam-Noord abholen. Wir haben an 6 Tagen in der Woche ge\u00f6ffnet, auch samstags und sonntags. Es ist immer jemand anwesend, der beim Einladen helfen kann. Gekaufte Artikel m\u00fcssen, falls nicht anders vereinbart, innerhalb von 14 Tagen abgeholt werden.<br \/>\n[\/vc_column_text][\/vc_column][\/vc_row]<\/p>\n<\/div>","protected":false},"excerpt":{"rendered":"<p>[vc_row el_class=&#8220;in-grid&#8220;][vc_column][vc_column_text] Lieferung &nbsp; Wir k\u00f6nnen gekaufte Artikel zu Ihnen nach Hause liefern. Wir [&hellip;]<\/p>\n","protected":false},"author":1,"featured_media":0,"parent":0,"menu_order":7,"comment_status":"closed","ping_status":"closed","template":"","meta":{"_acf_changed":false,"footnotes":""},"class_list":["post-34839","page","type-page","status-publish","hentry"],"acf":[],"yoast_head":"<!-- This site is optimized with the Yoast SEO Premium plugin v27.1 (Yoast SEO v27.1.1) - https:\/\/yoast.com\/product\/yoast-seo-premium-wordpress\/ -->\n<title>Lieferung - Van Dijk &amp; Ko<\/title>\n<meta name=\"robots\" content=\"index, follow, max-snippet:-1, max-image-preview:large, max-video-preview:-1\" \/>\n<link rel=\"canonical\" href=\"https:\/\/www.vandijkenko.nl\/de\/lieferung\/\" \/>\n<meta property=\"og:locale\" content=\"de_DE\" \/>\n<meta property=\"og:type\" content=\"article\" \/>\n<meta property=\"og:title\" content=\"Lieferung\" \/>\n<meta property=\"og:description\" content=\"[vc_row el_class=&#8220;in-grid&#8220;][vc_column][vc_column_text] Lieferung &nbsp; Wir k\u00f6nnen gekaufte Artikel zu Ihnen nach Hause liefern. Wir [&hellip;]\" \/>\n<meta property=\"og:url\" content=\"https:\/\/www.vandijkenko.nl\/de\/lieferung\/\" \/>\n<meta property=\"og:site_name\" content=\"Van Dijk &amp; Ko\" \/>\n<meta property=\"article:publisher\" content=\"https:\/\/www.facebook.com\/vandijkenko\/\" \/>\n<meta property=\"article:modified_time\" content=\"2019-12-10T16:32:30+00:00\" \/>\n<meta name=\"twitter:card\" content=\"summary_large_image\" \/>\n<meta name=\"twitter:label1\" content=\"Gesch\u00e4tzte Lesezeit\" \/>\n\t<meta name=\"twitter:data1\" content=\"1\u00a0Minute\" \/>\n<script type=\"application\/ld+json\" class=\"yoast-schema-graph\">{\"@context\":\"https:\/\/schema.org\",\"@graph\":[{\"@type\":\"WebPage\",\"@id\":\"https:\/\/www.vandijkenko.nl\/de\/lieferung\/\",\"url\":\"https:\/\/www.vandijkenko.nl\/de\/lieferung\/\",\"name\":\"Lieferung - Van Dijk &amp; Ko\",\"isPartOf\":{\"@id\":\"https:\/\/www.vandijkenko.nl\/de\/#website\"},\"datePublished\":\"2019-08-14T14:11:12+00:00\",\"dateModified\":\"2019-12-10T16:32:30+00:00\",\"breadcrumb\":{\"@id\":\"https:\/\/www.vandijkenko.nl\/de\/lieferung\/#breadcrumb\"},\"inLanguage\":\"de\",\"potentialAction\":[{\"@type\":\"ReadAction\",\"target\":[\"https:\/\/www.vandijkenko.nl\/de\/lieferung\/\"]}]},{\"@type\":\"BreadcrumbList\",\"@id\":\"https:\/\/www.vandijkenko.nl\/de\/lieferung\/#breadcrumb\",\"itemListElement\":[{\"@type\":\"ListItem\",\"position\":1,\"name\":\"Home\",\"item\":\"https:\/\/www.vandijkenko.nl\/de\/\"},{\"@type\":\"ListItem\",\"position\":2,\"name\":\"Lieferung\"}]},{\"@type\":\"WebSite\",\"@id\":\"https:\/\/www.vandijkenko.nl\/de\/#website\",\"url\":\"https:\/\/www.vandijkenko.nl\/de\/\",\"name\":\"Van Dijk &amp; Ko\",\"description\":\"\",\"publisher\":{\"@id\":\"https:\/\/www.vandijkenko.nl\/de\/#organization\"},\"potentialAction\":[{\"@type\":\"SearchAction\",\"target\":{\"@type\":\"EntryPoint\",\"urlTemplate\":\"https:\/\/www.vandijkenko.nl\/de\/?s={search_term_string}\"},\"query-input\":{\"@type\":\"PropertyValueSpecification\",\"valueRequired\":true,\"valueName\":\"search_term_string\"}}],\"inLanguage\":\"de\"},{\"@type\":[\"Organization\",\"Place\",\"FurnitureStore\"],\"@id\":\"https:\/\/www.vandijkenko.nl\/de\/#organization\",\"name\":\"Van Dijk & Ko\",\"url\":\"https:\/\/www.vandijkenko.nl\/de\/\",\"logo\":{\"@id\":\"https:\/\/www.vandijkenko.nl\/de\/lieferung\/#local-main-organization-logo\"},\"image\":{\"@id\":\"https:\/\/www.vandijkenko.nl\/de\/lieferung\/#local-main-organization-logo\"},\"sameAs\":[\"https:\/\/www.facebook.com\/vandijkenko\/\",\"https:\/\/www.instagram.com\/vandijkenko\/\",\"https:\/\/www.pinterest.co.uk\/vandijkko0026\/\"],\"address\":{\"@id\":\"https:\/\/www.vandijkenko.nl\/de\/lieferung\/#local-main-place-address\"},\"geo\":{\"@type\":\"GeoCoordinates\",\"latitude\":\"52.3977911\",\"longitude\":\"4.9042822\"},\"telephone\":[\"+31 20 684 1524\"],\"openingHoursSpecification\":[{\"@type\":\"OpeningHoursSpecification\",\"dayOfWeek\":[\"Monday\"],\"opens\":\"00:00\",\"closes\":\"00:00\"},{\"@type\":\"OpeningHoursSpecification\",\"dayOfWeek\":[\"Tuesday\",\"Wednesday\",\"Thursday\",\"Friday\",\"Saturday\"],\"opens\":\"10:00\",\"closes\":\"18:00\"},{\"@type\":\"OpeningHoursSpecification\",\"dayOfWeek\":[\"Sunday\"],\"opens\":\"12:00\",\"closes\":\"18:00\"}],\"email\":\"info@vandijkenko.nl\"},{\"@type\":\"PostalAddress\",\"@id\":\"https:\/\/www.vandijkenko.nl\/de\/lieferung\/#local-main-place-address\",\"streetAddress\":\"Papaverweg 46\",\"addressLocality\":\"Amsterdam\",\"postalCode\":\"1032 KJ\",\"addressRegion\":\"Noord-holland\",\"addressCountry\":\"NL\"},{\"@type\":\"ImageObject\",\"inLanguage\":\"de\",\"@id\":\"https:\/\/www.vandijkenko.nl\/de\/lieferung\/#local-main-organization-logo\",\"url\":\"https:\/\/www.vandijkenko.nl\/wp-content\/uploads\/2019\/09\/VanDijkenKologo.jpg\",\"contentUrl\":\"https:\/\/www.vandijkenko.nl\/wp-content\/uploads\/2019\/09\/VanDijkenKologo.jpg\",\"width\":320,\"height\":320,\"caption\":\"Van Dijk & Ko\"}]}<\/script>\n<meta name=\"geo.placename\" content=\"Amsterdam\" \/>\n<meta name=\"geo.position\" content=\"52.3977911;4.9042822\" \/>\n<meta name=\"geo.region\" content=\"Niederlande\" \/>\n<!-- \/ Yoast SEO Premium plugin. -->","yoast_head_json":{"title":"Lieferung - Van Dijk &amp; Ko","robots":{"index":"index","follow":"follow","max-snippet":"max-snippet:-1","max-image-preview":"max-image-preview:large","max-video-preview":"max-video-preview:-1"},"canonical":"https:\/\/www.vandijkenko.nl\/de\/lieferung\/","og_locale":"de_DE","og_type":"article","og_title":"Lieferung","og_description":"[vc_row el_class=&#8220;in-grid&#8220;][vc_column][vc_column_text] Lieferung &nbsp; Wir k\u00f6nnen gekaufte Artikel zu Ihnen nach Hause liefern. Wir [&hellip;]","og_url":"https:\/\/www.vandijkenko.nl\/de\/lieferung\/","og_site_name":"Van Dijk &amp; Ko","article_publisher":"https:\/\/www.facebook.com\/vandijkenko\/","article_modified_time":"2019-12-10T16:32:30+00:00","twitter_card":"summary_large_image","twitter_misc":{"Gesch\u00e4tzte Lesezeit":"1\u00a0Minute"},"schema":{"@context":"https:\/\/schema.org","@graph":[{"@type":"WebPage","@id":"https:\/\/www.vandijkenko.nl\/de\/lieferung\/","url":"https:\/\/www.vandijkenko.nl\/de\/lieferung\/","name":"Lieferung - Van Dijk &amp; Ko","isPartOf":{"@id":"https:\/\/www.vandijkenko.nl\/de\/#website"},"datePublished":"2019-08-14T14:11:12+00:00","dateModified":"2019-12-10T16:32:30+00:00","breadcrumb":{"@id":"https:\/\/www.vandijkenko.nl\/de\/lieferung\/#breadcrumb"},"inLanguage":"de","potentialAction":[{"@type":"ReadAction","target":["https:\/\/www.vandijkenko.nl\/de\/lieferung\/"]}]},{"@type":"BreadcrumbList","@id":"https:\/\/www.vandijkenko.nl\/de\/lieferung\/#breadcrumb","itemListElement":[{"@type":"ListItem","position":1,"name":"Home","item":"https:\/\/www.vandijkenko.nl\/de\/"},{"@type":"ListItem","position":2,"name":"Lieferung"}]},{"@type":"WebSite","@id":"https:\/\/www.vandijkenko.nl\/de\/#website","url":"https:\/\/www.vandijkenko.nl\/de\/","name":"Van Dijk &amp; Ko","description":"","publisher":{"@id":"https:\/\/www.vandijkenko.nl\/de\/#organization"},"potentialAction":[{"@type":"SearchAction","target":{"@type":"EntryPoint","urlTemplate":"https:\/\/www.vandijkenko.nl\/de\/?s={search_term_string}"},"query-input":{"@type":"PropertyValueSpecification","valueRequired":true,"valueName":"search_term_string"}}],"inLanguage":"de"},{"@type":["Organization","Place","FurnitureStore"],"@id":"https:\/\/www.vandijkenko.nl\/de\/#organization","name":"Van Dijk & Ko","url":"https:\/\/www.vandijkenko.nl\/de\/","logo":{"@id":"https:\/\/www.vandijkenko.nl\/de\/lieferung\/#local-main-organization-logo"},"image":{"@id":"https:\/\/www.vandijkenko.nl\/de\/lieferung\/#local-main-organization-logo"},"sameAs":["https:\/\/www.facebook.com\/vandijkenko\/","https:\/\/www.instagram.com\/vandijkenko\/","https:\/\/www.pinterest.co.uk\/vandijkko0026\/"],"address":{"@id":"https:\/\/www.vandijkenko.nl\/de\/lieferung\/#local-main-place-address"},"geo":{"@type":"GeoCoordinates","latitude":"52.3977911","longitude":"4.9042822"},"telephone":["+31 20 684 1524"],"openingHoursSpecification":[{"@type":"OpeningHoursSpecification","dayOfWeek":["Monday"],"opens":"00:00","closes":"00:00"},{"@type":"OpeningHoursSpecification","dayOfWeek":["Tuesday","Wednesday","Thursday","Friday","Saturday"],"opens":"10:00","closes":"18:00"},{"@type":"OpeningHoursSpecification","dayOfWeek":["Sunday"],"opens":"12:00","closes":"18:00"}],"email":"info@vandijkenko.nl"},{"@type":"PostalAddress","@id":"https:\/\/www.vandijkenko.nl\/de\/lieferung\/#local-main-place-address","streetAddress":"Papaverweg 46","addressLocality":"Amsterdam","postalCode":"1032 KJ","addressRegion":"Noord-holland","addressCountry":"NL"},{"@type":"ImageObject","inLanguage":"de","@id":"https:\/\/www.vandijkenko.nl\/de\/lieferung\/#local-main-organization-logo","url":"https:\/\/www.vandijkenko.nl\/wp-content\/uploads\/2019\/09\/VanDijkenKologo.jpg","contentUrl":"https:\/\/www.vandijkenko.nl\/wp-content\/uploads\/2019\/09\/VanDijkenKologo.jpg","width":320,"height":320,"caption":"Van Dijk & Ko"}]},"geo.placename":"Amsterdam","geo.position":{"lat":"52.3977911","long":"4.9042822"},"geo.region":"Niederlande"},"_links":{"self":[{"href":"https:\/\/www.vandijkenko.nl\/de\/wp-json\/wp\/v2\/pages\/34839","targetHints":{"allow":["GET"]}}],"collection":[{"href":"https:\/\/www.vandijkenko.nl\/de\/wp-json\/wp\/v2\/pages"}],"about":[{"href":"https:\/\/www.vandijkenko.nl\/de\/wp-json\/wp\/v2\/types\/page"}],"author":[{"embeddable":true,"href":"https:\/\/www.vandijkenko.nl\/de\/wp-json\/wp\/v2\/users\/1"}],"replies":[{"embeddable":true,"href":"https:\/\/www.vandijkenko.nl\/de\/wp-json\/wp\/v2\/comments?post=34839"}],"version-history":[{"count":0,"href":"https:\/\/www.vandijkenko.nl\/de\/wp-json\/wp\/v2\/pages\/34839\/revisions"}],"wp:attachment":[{"href":"https:\/\/www.vandijkenko.nl\/de\/wp-json\/wp\/v2\/media?parent=34839"}],"curies":[{"name":"wp","href":"https:\/\/api.w.org\/{rel}","templated":true}]}}