{"id":34841,"date":"2019-08-14T16:28:13","date_gmt":"2019-08-14T14:28:13","guid":{"rendered":"https:\/\/www.vandijkenko.nl\/einkauf\/"},"modified":"2019-12-10T17:35:16","modified_gmt":"2019-12-10T16:35:16","slug":"einkauf","status":"publish","type":"page","link":"https:\/\/www.vandijkenko.nl\/de\/einkauf\/","title":{"rendered":"Einkauf"},"content":{"rendered":"<div class=\"wpb-content-wrapper\"><p>[vc_row full_width=&#8220;stretch_row_content_no_spaces&#8220; el_class=&#8220;in-grid&#8220;][vc_column]\n<h1 class=\"title    \">\n\t<\/h1>\n\n\t[vc_column_text]<\/p>\n<h2 class=\"western\" lang=\"de-DE\">Einkauf<\/h2>\n<p>&nbsp;<\/p>\n<p><strong>Wir kaufen Schr\u00e4nke, Tische und andere Einzelst\u00fccke auf.<\/strong><\/p>\n<p>Haben Sie einen Schrank, den Sie nicht mehr ben\u00f6tigen, einen Tisch, der f\u00fcr Ihre Familie zu klein geworden ist, oder einen anderen Gegenstand, von dem Sie meinen, dass wir ihn im Laden anbieten k\u00f6nnten? Mailen Sie uns eine kurze Beschreibung mit Fotos des Produkts und Ihrer Anschrift. Anhand der Fotos k\u00f6nnen wir oft schon bestimmen, ob das (die) angebotene(n) Produkt(e) f\u00fcr uns infrage kommt (kommen). Bei Interesse erhalten Sie umgehend unseren Preisvorschlag.<\/p>\n<p>&nbsp;<\/p>\n<p><strong>Ankauf gesamter Hausrat.<\/strong><\/p>\n<p>Haben Sie ein Haus voller Sachen, das komplett entr\u00fcmpelt werden muss? Nehmen Sie Kontakt mit uns auf. Wir arbeiten mit verschiedenen Nachlassverwertern zusammen. Sie erledigen die gesamte Entr\u00fcmpelung der Wohnung und \u00fcbergeben sie ordentlich und besenrein. Die Kosten oder Erl\u00f6se einer Entr\u00fcmpelung werden nach der Besichtigung des Wohnungsinventars und der eventuellen Sch\u00e4tzung der wertvollen Gegenst\u00e4nde ermittelt. So viele Sachen wie m\u00f6glich werden wiederverwendet, und der Abfall wird verantwortungsvoll und getrennt entsorgt.<\/p>\n<p>[\/vc_column_text][\/vc_column][\/vc_row]<\/p>\n<\/div>","protected":false},"excerpt":{"rendered":"<p>[vc_row full_width=&#8220;stretch_row_content_no_spaces&#8220; el_class=&#8220;in-grid&#8220;][vc_column][vc_column_text] Einkauf &nbsp; Wir kaufen Schr\u00e4nke, Tische und andere Einzelst\u00fccke auf. Haben [&hellip;]<\/p>\n","protected":false},"author":1,"featured_media":0,"parent":0,"menu_order":9,"comment_status":"closed","ping_status":"closed","template":"","meta":{"_acf_changed":false,"footnotes":""},"class_list":["post-34841","page","type-page","status-publish","hentry"],"acf":[],"yoast_head":"<!-- This site is optimized with the Yoast SEO Premium plugin v27.4 (Yoast SEO v27.4) - https:\/\/yoast.com\/product\/yoast-seo-premium-wordpress\/ -->\n<title>Einkauf - Van Dijk &amp; Ko<\/title>\n<meta name=\"robots\" content=\"index, follow, max-snippet:-1, max-image-preview:large, max-video-preview:-1\" \/>\n<link rel=\"canonical\" href=\"https:\/\/www.vandijkenko.nl\/de\/einkauf\/\" \/>\n<meta property=\"og:locale\" content=\"de_DE\" \/>\n<meta property=\"og:type\" content=\"article\" \/>\n<meta property=\"og:title\" content=\"Einkauf\" \/>\n<meta property=\"og:description\" content=\"[vc_row full_width=&#8220;stretch_row_content_no_spaces&#8220; el_class=&#8220;in-grid&#8220;][vc_column][vc_column_text] Einkauf &nbsp; Wir kaufen Schr\u00e4nke, Tische und andere Einzelst\u00fccke auf. Haben [&hellip;]\" \/>\n<meta property=\"og:url\" content=\"https:\/\/www.vandijkenko.nl\/de\/einkauf\/\" \/>\n<meta property=\"og:site_name\" content=\"Van Dijk &amp; Ko\" \/>\n<meta property=\"article:publisher\" content=\"https:\/\/www.facebook.com\/vandijkenko\/\" \/>\n<meta property=\"article:modified_time\" content=\"2019-12-10T16:35:16+00:00\" \/>\n<meta name=\"twitter:card\" content=\"summary_large_image\" \/>\n<meta name=\"twitter:label1\" content=\"Gesch\u00e4tzte Lesezeit\" \/>\n\t<meta name=\"twitter:data1\" content=\"1\u00a0Minute\" \/>\n<script type=\"application\/ld+json\" class=\"yoast-schema-graph\">{\"@context\":\"https:\\\/\\\/schema.org\",\"@graph\":[{\"@type\":\"WebPage\",\"@id\":\"https:\\\/\\\/www.vandijkenko.nl\\\/de\\\/einkauf\\\/\",\"url\":\"https:\\\/\\\/www.vandijkenko.nl\\\/de\\\/einkauf\\\/\",\"name\":\"Einkauf - Van Dijk &amp; Ko\",\"isPartOf\":{\"@id\":\"https:\\\/\\\/www.vandijkenko.nl\\\/de\\\/#website\"},\"datePublished\":\"2019-08-14T14:28:13+00:00\",\"dateModified\":\"2019-12-10T16:35:16+00:00\",\"breadcrumb\":{\"@id\":\"https:\\\/\\\/www.vandijkenko.nl\\\/de\\\/einkauf\\\/#breadcrumb\"},\"inLanguage\":\"de\",\"potentialAction\":[{\"@type\":\"ReadAction\",\"target\":[\"https:\\\/\\\/www.vandijkenko.nl\\\/de\\\/einkauf\\\/\"]}]},{\"@type\":\"BreadcrumbList\",\"@id\":\"https:\\\/\\\/www.vandijkenko.nl\\\/de\\\/einkauf\\\/#breadcrumb\",\"itemListElement\":[{\"@type\":\"ListItem\",\"position\":1,\"name\":\"Home\",\"item\":\"https:\\\/\\\/www.vandijkenko.nl\\\/de\\\/\"},{\"@type\":\"ListItem\",\"position\":2,\"name\":\"Einkauf\"}]},{\"@type\":\"WebSite\",\"@id\":\"https:\\\/\\\/www.vandijkenko.nl\\\/de\\\/#website\",\"url\":\"https:\\\/\\\/www.vandijkenko.nl\\\/de\\\/\",\"name\":\"Van Dijk &amp; Ko\",\"description\":\"\",\"publisher\":{\"@id\":\"https:\\\/\\\/www.vandijkenko.nl\\\/de\\\/#organization\"},\"potentialAction\":[{\"@type\":\"SearchAction\",\"target\":{\"@type\":\"EntryPoint\",\"urlTemplate\":\"https:\\\/\\\/www.vandijkenko.nl\\\/de\\\/?s={search_term_string}\"},\"query-input\":{\"@type\":\"PropertyValueSpecification\",\"valueRequired\":true,\"valueName\":\"search_term_string\"}}],\"inLanguage\":\"de\"},{\"@type\":[\"Organization\",\"Place\",\"FurnitureStore\"],\"@id\":\"https:\\\/\\\/www.vandijkenko.nl\\\/de\\\/#organization\",\"name\":\"Van Dijk & Ko\",\"url\":\"https:\\\/\\\/www.vandijkenko.nl\\\/de\\\/\",\"logo\":{\"@id\":\"https:\\\/\\\/www.vandijkenko.nl\\\/de\\\/einkauf\\\/#local-main-organization-logo\"},\"image\":{\"@id\":\"https:\\\/\\\/www.vandijkenko.nl\\\/de\\\/einkauf\\\/#local-main-organization-logo\"},\"sameAs\":[\"https:\\\/\\\/www.facebook.com\\\/vandijkenko\\\/\",\"https:\\\/\\\/www.instagram.com\\\/vandijkenko\\\/\",\"https:\\\/\\\/www.pinterest.co.uk\\\/vandijkko0026\\\/\"],\"address\":{\"@id\":\"https:\\\/\\\/www.vandijkenko.nl\\\/de\\\/einkauf\\\/#local-main-place-address\"},\"geo\":{\"@type\":\"GeoCoordinates\",\"latitude\":\"52.3977911\",\"longitude\":\"4.9042822\"},\"telephone\":[\"+31 20 684 1524\"],\"openingHoursSpecification\":[{\"@type\":\"OpeningHoursSpecification\",\"dayOfWeek\":[\"Monday\"],\"opens\":\"00:00\",\"closes\":\"00:00\"},{\"@type\":\"OpeningHoursSpecification\",\"dayOfWeek\":[\"Tuesday\",\"Wednesday\",\"Thursday\",\"Friday\",\"Saturday\"],\"opens\":\"10:00\",\"closes\":\"18:00\"},{\"@type\":\"OpeningHoursSpecification\",\"dayOfWeek\":[\"Sunday\"],\"opens\":\"12:00\",\"closes\":\"18:00\"}],\"email\":\"info@vandijkenko.nl\"},{\"@type\":\"PostalAddress\",\"@id\":\"https:\\\/\\\/www.vandijkenko.nl\\\/de\\\/einkauf\\\/#local-main-place-address\",\"streetAddress\":\"Papaverweg 46\",\"addressLocality\":\"Amsterdam\",\"postalCode\":\"1032 KJ\",\"addressRegion\":\"Noord-holland\",\"addressCountry\":\"NL\"},{\"@type\":\"ImageObject\",\"inLanguage\":\"de\",\"@id\":\"https:\\\/\\\/www.vandijkenko.nl\\\/de\\\/einkauf\\\/#local-main-organization-logo\",\"url\":\"https:\\\/\\\/www.vandijkenko.nl\\\/wp-content\\\/uploads\\\/2019\\\/09\\\/VanDijkenKologo.jpg\",\"contentUrl\":\"https:\\\/\\\/www.vandijkenko.nl\\\/wp-content\\\/uploads\\\/2019\\\/09\\\/VanDijkenKologo.jpg\",\"width\":320,\"height\":320,\"caption\":\"Van Dijk & Ko\"}]}<\/script>\n<meta name=\"geo.placename\" content=\"Amsterdam\" \/>\n<meta name=\"geo.position\" content=\"52.3977911;4.9042822\" \/>\n<meta name=\"geo.region\" content=\"Niederlande\" \/>\n<!-- \/ Yoast SEO Premium plugin. -->","yoast_head_json":{"title":"Einkauf - Van Dijk &amp; Ko","robots":{"index":"index","follow":"follow","max-snippet":"max-snippet:-1","max-image-preview":"max-image-preview:large","max-video-preview":"max-video-preview:-1"},"canonical":"https:\/\/www.vandijkenko.nl\/de\/einkauf\/","og_locale":"de_DE","og_type":"article","og_title":"Einkauf","og_description":"[vc_row full_width=&#8220;stretch_row_content_no_spaces&#8220; el_class=&#8220;in-grid&#8220;][vc_column][vc_column_text] Einkauf &nbsp; Wir kaufen Schr\u00e4nke, Tische und andere Einzelst\u00fccke auf. Haben [&hellip;]","og_url":"https:\/\/www.vandijkenko.nl\/de\/einkauf\/","og_site_name":"Van Dijk &amp; Ko","article_publisher":"https:\/\/www.facebook.com\/vandijkenko\/","article_modified_time":"2019-12-10T16:35:16+00:00","twitter_card":"summary_large_image","twitter_misc":{"Gesch\u00e4tzte Lesezeit":"1\u00a0Minute"},"schema":{"@context":"https:\/\/schema.org","@graph":[{"@type":"WebPage","@id":"https:\/\/www.vandijkenko.nl\/de\/einkauf\/","url":"https:\/\/www.vandijkenko.nl\/de\/einkauf\/","name":"Einkauf - Van Dijk &amp; Ko","isPartOf":{"@id":"https:\/\/www.vandijkenko.nl\/de\/#website"},"datePublished":"2019-08-14T14:28:13+00:00","dateModified":"2019-12-10T16:35:16+00:00","breadcrumb":{"@id":"https:\/\/www.vandijkenko.nl\/de\/einkauf\/#breadcrumb"},"inLanguage":"de","potentialAction":[{"@type":"ReadAction","target":["https:\/\/www.vandijkenko.nl\/de\/einkauf\/"]}]},{"@type":"BreadcrumbList","@id":"https:\/\/www.vandijkenko.nl\/de\/einkauf\/#breadcrumb","itemListElement":[{"@type":"ListItem","position":1,"name":"Home","item":"https:\/\/www.vandijkenko.nl\/de\/"},{"@type":"ListItem","position":2,"name":"Einkauf"}]},{"@type":"WebSite","@id":"https:\/\/www.vandijkenko.nl\/de\/#website","url":"https:\/\/www.vandijkenko.nl\/de\/","name":"Van Dijk &amp; Ko","description":"","publisher":{"@id":"https:\/\/www.vandijkenko.nl\/de\/#organization"},"potentialAction":[{"@type":"SearchAction","target":{"@type":"EntryPoint","urlTemplate":"https:\/\/www.vandijkenko.nl\/de\/?s={search_term_string}"},"query-input":{"@type":"PropertyValueSpecification","valueRequired":true,"valueName":"search_term_string"}}],"inLanguage":"de"},{"@type":["Organization","Place","FurnitureStore"],"@id":"https:\/\/www.vandijkenko.nl\/de\/#organization","name":"Van Dijk & Ko","url":"https:\/\/www.vandijkenko.nl\/de\/","logo":{"@id":"https:\/\/www.vandijkenko.nl\/de\/einkauf\/#local-main-organization-logo"},"image":{"@id":"https:\/\/www.vandijkenko.nl\/de\/einkauf\/#local-main-organization-logo"},"sameAs":["https:\/\/www.facebook.com\/vandijkenko\/","https:\/\/www.instagram.com\/vandijkenko\/","https:\/\/www.pinterest.co.uk\/vandijkko0026\/"],"address":{"@id":"https:\/\/www.vandijkenko.nl\/de\/einkauf\/#local-main-place-address"},"geo":{"@type":"GeoCoordinates","latitude":"52.3977911","longitude":"4.9042822"},"telephone":["+31 20 684 1524"],"openingHoursSpecification":[{"@type":"OpeningHoursSpecification","dayOfWeek":["Monday"],"opens":"00:00","closes":"00:00"},{"@type":"OpeningHoursSpecification","dayOfWeek":["Tuesday","Wednesday","Thursday","Friday","Saturday"],"opens":"10:00","closes":"18:00"},{"@type":"OpeningHoursSpecification","dayOfWeek":["Sunday"],"opens":"12:00","closes":"18:00"}],"email":"info@vandijkenko.nl"},{"@type":"PostalAddress","@id":"https:\/\/www.vandijkenko.nl\/de\/einkauf\/#local-main-place-address","streetAddress":"Papaverweg 46","addressLocality":"Amsterdam","postalCode":"1032 KJ","addressRegion":"Noord-holland","addressCountry":"NL"},{"@type":"ImageObject","inLanguage":"de","@id":"https:\/\/www.vandijkenko.nl\/de\/einkauf\/#local-main-organization-logo","url":"https:\/\/www.vandijkenko.nl\/wp-content\/uploads\/2019\/09\/VanDijkenKologo.jpg","contentUrl":"https:\/\/www.vandijkenko.nl\/wp-content\/uploads\/2019\/09\/VanDijkenKologo.jpg","width":320,"height":320,"caption":"Van Dijk & Ko"}]},"geo.placename":"Amsterdam","geo.position":{"lat":"52.3977911","long":"4.9042822"},"geo.region":"Niederlande"},"_links":{"self":[{"href":"https:\/\/www.vandijkenko.nl\/de\/wp-json\/wp\/v2\/pages\/34841","targetHints":{"allow":["GET"]}}],"collection":[{"href":"https:\/\/www.vandijkenko.nl\/de\/wp-json\/wp\/v2\/pages"}],"about":[{"href":"https:\/\/www.vandijkenko.nl\/de\/wp-json\/wp\/v2\/types\/page"}],"author":[{"embeddable":true,"href":"https:\/\/www.vandijkenko.nl\/de\/wp-json\/wp\/v2\/users\/1"}],"replies":[{"embeddable":true,"href":"https:\/\/www.vandijkenko.nl\/de\/wp-json\/wp\/v2\/comments?post=34841"}],"version-history":[{"count":0,"href":"https:\/\/www.vandijkenko.nl\/de\/wp-json\/wp\/v2\/pages\/34841\/revisions"}],"wp:attachment":[{"href":"https:\/\/www.vandijkenko.nl\/de\/wp-json\/wp\/v2\/media?parent=34841"}],"curies":[{"name":"wp","href":"https:\/\/api.w.org\/{rel}","templated":true}]}}