{"id":34843,"date":"2019-08-14T16:33:22","date_gmt":"2019-08-14T14:33:22","guid":{"rendered":"https:\/\/www.vandijkenko.nl\/groshandel\/"},"modified":"2024-05-28T16:51:49","modified_gmt":"2024-05-28T14:51:49","slug":"grosshandel","status":"publish","type":"page","link":"https:\/\/www.vandijkenko.nl\/de\/grosshandel\/","title":{"rendered":"Gro\u00dfhandel"},"content":{"rendered":"<div class=\"wpb-content-wrapper\"><p>[vc_row][vc_column][vc_column_text]<\/p>\n<h2 class=\"western\" lang=\"de-DE\" style=\"text-align: center;\">Gro\u00dfhandel<\/h2>\n<p>&nbsp;<\/p>\n<p lang=\"de-DE\" style=\"text-align: center;\">Van Dijk en Ko ist ebenfalls ein Gro\u00dfhandelsunternehmen, Gesch\u00e4ftskunden sind bei uns herzlich willkommen.<\/p>\n<p lang=\"de-DE\" style=\"text-align: center;\">Sie k\u00f6nnen sich mit dem nachstehenden Formular als Gesch\u00e4ftskunde anmelden.<\/p>\n<p>&nbsp;<\/p>\n<p>&nbsp;<\/p>\n<h3 class=\"western\" lang=\"de-DE\" style=\"text-align: center;\">Gro\u00dfhandel form<\/h3>\n<p>[\/vc_column_text][\/vc_column][\/vc_row][vc_row][vc_column width=&#8220;1\/6&#8243;][\/vc_column][vc_column width=&#8220;2\/3&#8243;][vc_column_text css=&#8220;&#8220;]<div class=\"wpforms-container wpforms-render-modern\" id=\"wpforms-982010\"><form id=\"wpforms-form-982010\" class=\"wpforms-validate wpforms-form wpforms-ajax-form\" data-formid=\"982010\" method=\"post\" enctype=\"multipart\/form-data\" action=\"\/de\/wp-json\/wp\/v2\/pages\/34843\" data-token=\"1cd442a8f0726d3bfddb9a110b6f3cc3\" data-token-time=\"1778114675\"><noscript class=\"wpforms-error-noscript\">Bitte aktiviere JavaScript in deinem Browser, um dieses Formular fertigzustellen.<\/noscript><div id=\"wpforms-error-noscript\" style=\"display: none;\">Bitte aktiviere JavaScript in deinem Browser, um dieses Formular fertigzustellen.<\/div><div class=\"wpforms-field-container\"><div id=\"wpforms-982010-field_5-container\" class=\"wpforms-field wpforms-field-layout\" data-field-id=\"5\"><div class=\"wpforms-field-layout-rows wpforms-field-large\"><div class=\"wpforms-layout-row\"><div class=\"wpforms-layout-column wpforms-layout-column-33\"><div id=\"wpforms-982010-field_0-container\" class=\"wpforms-field wpforms-field-name\" data-field-id=\"0\"><label class=\"wpforms-field-label\" for=\"wpforms-982010-field_0\">Naam <span class=\"wpforms-required-label\" aria-hidden=\"true\">*<\/span><\/label><input type=\"text\" id=\"wpforms-982010-field_0\" class=\"wpforms-field-small wpforms-field-required\" name=\"wpforms[fields][0]\" aria-errormessage=\"wpforms-982010-field_0-error\" required><\/div><\/div><div class=\"wpforms-layout-column wpforms-layout-column-33\"><div id=\"wpforms-982010-field_1-container\" class=\"wpforms-field wpforms-field-email\" data-field-id=\"1\"><label class=\"wpforms-field-label\" for=\"wpforms-982010-field_1\">E-mail <span class=\"wpforms-required-label\" aria-hidden=\"true\">*<\/span><\/label><input type=\"email\" id=\"wpforms-982010-field_1\" class=\"wpforms-field-small wpforms-field-required\" name=\"wpforms[fields][1]\" spellcheck=\"false\" aria-errormessage=\"wpforms-982010-field_1-error\" required><\/div><\/div><div class=\"wpforms-layout-column wpforms-layout-column-33\"><div id=\"wpforms-982010-field_15-container\" class=\"wpforms-field wpforms-field-phone\" data-field-id=\"15\"><label class=\"wpforms-field-label\" for=\"wpforms-982010-field_15\">Telefoonnummer<\/label><input type=\"tel\" id=\"wpforms-982010-field_15\" class=\"wpforms-field-medium wpforms-smart-phone-field\" data-rule-smart-phone-field=\"true\" name=\"wpforms[fields][15]\" aria-label=\"Telefoonnummer\" aria-errormessage=\"wpforms-982010-field_15-error\" ><\/div><\/div><\/div><div class=\"wpforms-layout-row\"><div class=\"wpforms-layout-column wpforms-layout-column-33\"><div id=\"wpforms-982010-field_13-container\" class=\"wpforms-field wpforms-field-name\" data-field-id=\"13\"><label class=\"wpforms-field-label\" for=\"wpforms-982010-field_13\">KvK nummer <span class=\"wpforms-required-label\" aria-hidden=\"true\">*<\/span><\/label><input type=\"text\" id=\"wpforms-982010-field_13\" class=\"wpforms-field-small wpforms-field-required\" name=\"wpforms[fields][13]\" aria-errormessage=\"wpforms-982010-field_13-error\" required><\/div><\/div><div class=\"wpforms-layout-column wpforms-layout-column-33\"><div id=\"wpforms-982010-field_14-container\" class=\"wpforms-field wpforms-field-name\" data-field-id=\"14\"><label class=\"wpforms-field-label\" for=\"wpforms-982010-field_14\">BTW nummer <span class=\"wpforms-required-label\" aria-hidden=\"true\">*<\/span><\/label><input type=\"text\" id=\"wpforms-982010-field_14\" class=\"wpforms-field-small wpforms-field-required\" name=\"wpforms[fields][14]\" aria-errormessage=\"wpforms-982010-field_14-error\" required><\/div><\/div><div class=\"wpforms-layout-column wpforms-layout-column-33\"><\/div><\/div><\/div><\/div><div id=\"wpforms-982010-field_2-container\" class=\"wpforms-field wpforms-field-textarea\" data-field-id=\"2\"><label class=\"wpforms-field-label\" for=\"wpforms-982010-field_2\">Bericht <span class=\"wpforms-required-label\" aria-hidden=\"true\">*<\/span><\/label><textarea id=\"wpforms-982010-field_2\" class=\"wpforms-field-medium wpforms-field-required\" name=\"wpforms[fields][2]\" aria-errormessage=\"wpforms-982010-field_2-error\" required><\/textarea><\/div><div id=\"wpforms-982010-field_8-container\" class=\"wpforms-field wpforms-field-checkbox\" data-field-id=\"8\"><fieldset><legend class=\"wpforms-field-label wpforms-label-hide\" aria-hidden=\"false\">Privacy akkoord <span class=\"wpforms-required-label\" aria-hidden=\"true\">*<\/span><\/legend><ul id=\"wpforms-982010-field_8\" class=\"wpforms-field-required\"><li class=\"choice-1 depth-1\"><input type=\"checkbox\" id=\"wpforms-982010-field_8_1\" name=\"wpforms[fields][8][]\" value=\"Ik ben akkoord met het &lt;a href=&quot;privacy\/&quot;&gt;privacy beleid&lt;\/a&gt;\" aria-errormessage=\"wpforms-982010-field_8_1-error\" required ><label class=\"wpforms-field-label-inline\" for=\"wpforms-982010-field_8_1\">Ik ben akkoord met het <a href=\"privacy\/\">privacy beleid<\/a><\/label><\/li><\/ul><\/fieldset><\/div><\/div><!-- .wpforms-field-container --><div class=\"wpforms-recaptcha-container wpforms-is-turnstile\" ><div class=\"wpforms-turnstile\" data-sitekey=\"0x4AAAAAAAbT8vJh3o0SJJEA\" data-action=\"FormID-982010\"><\/div><input type=\"text\" name=\"g-recaptcha-hidden\" class=\"wpforms-recaptcha-hidden\" style=\"position:absolute!important;clip:rect(0,0,0,0)!important;height:1px!important;width:1px!important;border:0!important;overflow:hidden!important;padding:0!important;margin:0!important;\" data-rule-turnstile=\"1\"><\/div><div class=\"wpforms-submit-container\" ><input type=\"hidden\" name=\"wpforms[id]\" value=\"982010\"><input type=\"hidden\" name=\"page_title\" value=\"\"><input type=\"hidden\" name=\"page_url\" value=\"https:\/\/www.vandijkenko.nl\/de\/wp-json\/wp\/v2\/pages\/34843\"><input type=\"hidden\" name=\"url_referer\" value=\"\"><button type=\"submit\" name=\"wpforms[submit]\" id=\"wpforms-submit-982010\" class=\"wpforms-submit\" data-alt-text=\"Verzenden...\" data-submit-text=\"Verzenden\" aria-live=\"assertive\" value=\"wpforms-submit\">Verzenden<\/button><img decoding=\"async\" src=\"https:\/\/www.vandijkenko.nl\/wp-content\/plugins\/wpforms\/assets\/images\/submit-spin.svg\" class=\"wpforms-submit-spinner\" style=\"display: none;\" width=\"26\" height=\"26\" alt=\"Wird geladen\"><\/div><\/form><\/div>  <!-- .wpforms-container -->[\/vc_column_text][\/vc_column][vc_column width=&#8220;1\/6&#8243;][\/vc_column][\/vc_row]<\/p>\n<\/div>","protected":false},"excerpt":{"rendered":"<p>[vc_row][vc_column][vc_column_text] Gro\u00dfhandel &nbsp; Van Dijk en Ko ist ebenfalls ein Gro\u00dfhandelsunternehmen, Gesch\u00e4ftskunden sind bei [&hellip;]<\/p>\n","protected":false},"author":1,"featured_media":0,"parent":0,"menu_order":11,"comment_status":"closed","ping_status":"closed","template":"","meta":{"_acf_changed":false,"footnotes":""},"class_list":["post-34843","page","type-page","status-publish","hentry"],"acf":[],"yoast_head":"<!-- This site is optimized with the Yoast SEO Premium plugin v27.5 (Yoast SEO v27.5) - https:\/\/yoast.com\/product\/yoast-seo-premium-wordpress\/ -->\n<title>Gro\u00dfhandel - Van Dijk &amp; Ko<\/title>\n<meta name=\"description\" content=\"Van Dijk en Ko ist ebenfalls ein Gro\u00dfhandelsunternehmen, Gesch\u00e4ftskunden sind bei uns herzlich willkommen. Sie k\u00f6nnen sich mit dem nachstehenden Formular als Gesch\u00e4ftskunde anmelden.\" \/>\n<meta name=\"robots\" content=\"index, follow, max-snippet:-1, max-image-preview:large, max-video-preview:-1\" \/>\n<link rel=\"canonical\" href=\"https:\/\/www.vandijkenko.nl\/de\/grosshandel\/\" \/>\n<meta property=\"og:locale\" content=\"de_DE\" \/>\n<meta property=\"og:type\" content=\"article\" \/>\n<meta property=\"og:title\" content=\"Gro\u00dfhandel\" \/>\n<meta property=\"og:description\" content=\"Van Dijk en Ko ist ebenfalls ein Gro\u00dfhandelsunternehmen, Gesch\u00e4ftskunden sind bei uns herzlich willkommen. Sie k\u00f6nnen sich mit dem nachstehenden Formular als Gesch\u00e4ftskunde anmelden.\" \/>\n<meta property=\"og:url\" content=\"https:\/\/www.vandijkenko.nl\/de\/grosshandel\/\" \/>\n<meta property=\"og:site_name\" content=\"Van Dijk &amp; Ko\" \/>\n<meta property=\"article:publisher\" content=\"https:\/\/www.facebook.com\/vandijkenko\/\" \/>\n<meta property=\"article:modified_time\" content=\"2024-05-28T14:51:49+00:00\" \/>\n<meta name=\"twitter:card\" content=\"summary_large_image\" \/>\n<meta name=\"twitter:label1\" content=\"Gesch\u00e4tzte Lesezeit\" \/>\n\t<meta name=\"twitter:data1\" content=\"1\u00a0Minute\" \/>\n<script type=\"application\/ld+json\" class=\"yoast-schema-graph\">{\"@context\":\"https:\\\/\\\/schema.org\",\"@graph\":[{\"@type\":\"WebPage\",\"@id\":\"https:\\\/\\\/www.vandijkenko.nl\\\/de\\\/grosshandel\\\/\",\"url\":\"https:\\\/\\\/www.vandijkenko.nl\\\/de\\\/grosshandel\\\/\",\"name\":\"Gro\u00dfhandel - Van Dijk &amp; Ko\",\"isPartOf\":{\"@id\":\"https:\\\/\\\/www.vandijkenko.nl\\\/de\\\/#website\"},\"datePublished\":\"2019-08-14T14:33:22+00:00\",\"dateModified\":\"2024-05-28T14:51:49+00:00\",\"description\":\"Van Dijk en Ko ist ebenfalls ein Gro\u00dfhandelsunternehmen, Gesch\u00e4ftskunden sind bei uns herzlich willkommen. Sie k\u00f6nnen sich mit dem nachstehenden Formular als Gesch\u00e4ftskunde anmelden.\",\"breadcrumb\":{\"@id\":\"https:\\\/\\\/www.vandijkenko.nl\\\/de\\\/grosshandel\\\/#breadcrumb\"},\"inLanguage\":\"de\",\"potentialAction\":[{\"@type\":\"ReadAction\",\"target\":[\"https:\\\/\\\/www.vandijkenko.nl\\\/de\\\/grosshandel\\\/\"]}]},{\"@type\":\"BreadcrumbList\",\"@id\":\"https:\\\/\\\/www.vandijkenko.nl\\\/de\\\/grosshandel\\\/#breadcrumb\",\"itemListElement\":[{\"@type\":\"ListItem\",\"position\":1,\"name\":\"Home\",\"item\":\"https:\\\/\\\/www.vandijkenko.nl\\\/de\\\/\"},{\"@type\":\"ListItem\",\"position\":2,\"name\":\"Gro\u00dfhandel\"}]},{\"@type\":\"WebSite\",\"@id\":\"https:\\\/\\\/www.vandijkenko.nl\\\/de\\\/#website\",\"url\":\"https:\\\/\\\/www.vandijkenko.nl\\\/de\\\/\",\"name\":\"Van Dijk &amp; Ko\",\"description\":\"\",\"publisher\":{\"@id\":\"https:\\\/\\\/www.vandijkenko.nl\\\/de\\\/#organization\"},\"potentialAction\":[{\"@type\":\"SearchAction\",\"target\":{\"@type\":\"EntryPoint\",\"urlTemplate\":\"https:\\\/\\\/www.vandijkenko.nl\\\/de\\\/?s={search_term_string}\"},\"query-input\":{\"@type\":\"PropertyValueSpecification\",\"valueRequired\":true,\"valueName\":\"search_term_string\"}}],\"inLanguage\":\"de\"},{\"@type\":[\"Organization\",\"Place\",\"FurnitureStore\"],\"@id\":\"https:\\\/\\\/www.vandijkenko.nl\\\/de\\\/#organization\",\"name\":\"Van Dijk & Ko\",\"url\":\"https:\\\/\\\/www.vandijkenko.nl\\\/de\\\/\",\"logo\":{\"@id\":\"https:\\\/\\\/www.vandijkenko.nl\\\/de\\\/grosshandel\\\/#local-main-organization-logo\"},\"image\":{\"@id\":\"https:\\\/\\\/www.vandijkenko.nl\\\/de\\\/grosshandel\\\/#local-main-organization-logo\"},\"sameAs\":[\"https:\\\/\\\/www.facebook.com\\\/vandijkenko\\\/\",\"https:\\\/\\\/www.instagram.com\\\/vandijkenko\\\/\",\"https:\\\/\\\/www.pinterest.co.uk\\\/vandijkko0026\\\/\"],\"address\":{\"@id\":\"https:\\\/\\\/www.vandijkenko.nl\\\/de\\\/grosshandel\\\/#local-main-place-address\"},\"geo\":{\"@type\":\"GeoCoordinates\",\"latitude\":\"52.3977911\",\"longitude\":\"4.9042822\"},\"telephone\":[\"+31 20 684 1524\"],\"openingHoursSpecification\":[{\"@type\":\"OpeningHoursSpecification\",\"dayOfWeek\":[\"Monday\"],\"opens\":\"00:00\",\"closes\":\"00:00\"},{\"@type\":\"OpeningHoursSpecification\",\"dayOfWeek\":[\"Tuesday\",\"Wednesday\",\"Thursday\",\"Friday\",\"Saturday\"],\"opens\":\"10:00\",\"closes\":\"18:00\"},{\"@type\":\"OpeningHoursSpecification\",\"dayOfWeek\":[\"Sunday\"],\"opens\":\"12:00\",\"closes\":\"18:00\"}],\"email\":\"info@vandijkenko.nl\"},{\"@type\":\"PostalAddress\",\"@id\":\"https:\\\/\\\/www.vandijkenko.nl\\\/de\\\/grosshandel\\\/#local-main-place-address\",\"streetAddress\":\"Papaverweg 46\",\"addressLocality\":\"Amsterdam\",\"postalCode\":\"1032 KJ\",\"addressRegion\":\"Noord-holland\",\"addressCountry\":\"NL\"},{\"@type\":\"ImageObject\",\"inLanguage\":\"de\",\"@id\":\"https:\\\/\\\/www.vandijkenko.nl\\\/de\\\/grosshandel\\\/#local-main-organization-logo\",\"url\":\"https:\\\/\\\/www.vandijkenko.nl\\\/wp-content\\\/uploads\\\/2019\\\/09\\\/VanDijkenKologo.jpg\",\"contentUrl\":\"https:\\\/\\\/www.vandijkenko.nl\\\/wp-content\\\/uploads\\\/2019\\\/09\\\/VanDijkenKologo.jpg\",\"width\":320,\"height\":320,\"caption\":\"Van Dijk & Ko\"}]}<\/script>\n<meta name=\"geo.placename\" content=\"Amsterdam\" \/>\n<meta name=\"geo.position\" content=\"52.3977911;4.9042822\" \/>\n<meta name=\"geo.region\" content=\"Niederlande\" \/>\n<!-- \/ Yoast SEO Premium plugin. -->","yoast_head_json":{"title":"Gro\u00dfhandel - Van Dijk &amp; Ko","description":"Van Dijk en Ko ist ebenfalls ein Gro\u00dfhandelsunternehmen, Gesch\u00e4ftskunden sind bei uns herzlich willkommen. Sie k\u00f6nnen sich mit dem nachstehenden Formular als Gesch\u00e4ftskunde anmelden.","robots":{"index":"index","follow":"follow","max-snippet":"max-snippet:-1","max-image-preview":"max-image-preview:large","max-video-preview":"max-video-preview:-1"},"canonical":"https:\/\/www.vandijkenko.nl\/de\/grosshandel\/","og_locale":"de_DE","og_type":"article","og_title":"Gro\u00dfhandel","og_description":"Van Dijk en Ko ist ebenfalls ein Gro\u00dfhandelsunternehmen, Gesch\u00e4ftskunden sind bei uns herzlich willkommen. Sie k\u00f6nnen sich mit dem nachstehenden Formular als Gesch\u00e4ftskunde anmelden.","og_url":"https:\/\/www.vandijkenko.nl\/de\/grosshandel\/","og_site_name":"Van Dijk &amp; Ko","article_publisher":"https:\/\/www.facebook.com\/vandijkenko\/","article_modified_time":"2024-05-28T14:51:49+00:00","twitter_card":"summary_large_image","twitter_misc":{"Gesch\u00e4tzte Lesezeit":"1\u00a0Minute"},"schema":{"@context":"https:\/\/schema.org","@graph":[{"@type":"WebPage","@id":"https:\/\/www.vandijkenko.nl\/de\/grosshandel\/","url":"https:\/\/www.vandijkenko.nl\/de\/grosshandel\/","name":"Gro\u00dfhandel - Van Dijk &amp; Ko","isPartOf":{"@id":"https:\/\/www.vandijkenko.nl\/de\/#website"},"datePublished":"2019-08-14T14:33:22+00:00","dateModified":"2024-05-28T14:51:49+00:00","description":"Van Dijk en Ko ist ebenfalls ein Gro\u00dfhandelsunternehmen, Gesch\u00e4ftskunden sind bei uns herzlich willkommen. Sie k\u00f6nnen sich mit dem nachstehenden Formular als Gesch\u00e4ftskunde anmelden.","breadcrumb":{"@id":"https:\/\/www.vandijkenko.nl\/de\/grosshandel\/#breadcrumb"},"inLanguage":"de","potentialAction":[{"@type":"ReadAction","target":["https:\/\/www.vandijkenko.nl\/de\/grosshandel\/"]}]},{"@type":"BreadcrumbList","@id":"https:\/\/www.vandijkenko.nl\/de\/grosshandel\/#breadcrumb","itemListElement":[{"@type":"ListItem","position":1,"name":"Home","item":"https:\/\/www.vandijkenko.nl\/de\/"},{"@type":"ListItem","position":2,"name":"Gro\u00dfhandel"}]},{"@type":"WebSite","@id":"https:\/\/www.vandijkenko.nl\/de\/#website","url":"https:\/\/www.vandijkenko.nl\/de\/","name":"Van Dijk &amp; Ko","description":"","publisher":{"@id":"https:\/\/www.vandijkenko.nl\/de\/#organization"},"potentialAction":[{"@type":"SearchAction","target":{"@type":"EntryPoint","urlTemplate":"https:\/\/www.vandijkenko.nl\/de\/?s={search_term_string}"},"query-input":{"@type":"PropertyValueSpecification","valueRequired":true,"valueName":"search_term_string"}}],"inLanguage":"de"},{"@type":["Organization","Place","FurnitureStore"],"@id":"https:\/\/www.vandijkenko.nl\/de\/#organization","name":"Van Dijk & Ko","url":"https:\/\/www.vandijkenko.nl\/de\/","logo":{"@id":"https:\/\/www.vandijkenko.nl\/de\/grosshandel\/#local-main-organization-logo"},"image":{"@id":"https:\/\/www.vandijkenko.nl\/de\/grosshandel\/#local-main-organization-logo"},"sameAs":["https:\/\/www.facebook.com\/vandijkenko\/","https:\/\/www.instagram.com\/vandijkenko\/","https:\/\/www.pinterest.co.uk\/vandijkko0026\/"],"address":{"@id":"https:\/\/www.vandijkenko.nl\/de\/grosshandel\/#local-main-place-address"},"geo":{"@type":"GeoCoordinates","latitude":"52.3977911","longitude":"4.9042822"},"telephone":["+31 20 684 1524"],"openingHoursSpecification":[{"@type":"OpeningHoursSpecification","dayOfWeek":["Monday"],"opens":"00:00","closes":"00:00"},{"@type":"OpeningHoursSpecification","dayOfWeek":["Tuesday","Wednesday","Thursday","Friday","Saturday"],"opens":"10:00","closes":"18:00"},{"@type":"OpeningHoursSpecification","dayOfWeek":["Sunday"],"opens":"12:00","closes":"18:00"}],"email":"info@vandijkenko.nl"},{"@type":"PostalAddress","@id":"https:\/\/www.vandijkenko.nl\/de\/grosshandel\/#local-main-place-address","streetAddress":"Papaverweg 46","addressLocality":"Amsterdam","postalCode":"1032 KJ","addressRegion":"Noord-holland","addressCountry":"NL"},{"@type":"ImageObject","inLanguage":"de","@id":"https:\/\/www.vandijkenko.nl\/de\/grosshandel\/#local-main-organization-logo","url":"https:\/\/www.vandijkenko.nl\/wp-content\/uploads\/2019\/09\/VanDijkenKologo.jpg","contentUrl":"https:\/\/www.vandijkenko.nl\/wp-content\/uploads\/2019\/09\/VanDijkenKologo.jpg","width":320,"height":320,"caption":"Van Dijk & Ko"}]},"geo.placename":"Amsterdam","geo.position":{"lat":"52.3977911","long":"4.9042822"},"geo.region":"Niederlande"},"_links":{"self":[{"href":"https:\/\/www.vandijkenko.nl\/de\/wp-json\/wp\/v2\/pages\/34843","targetHints":{"allow":["GET"]}}],"collection":[{"href":"https:\/\/www.vandijkenko.nl\/de\/wp-json\/wp\/v2\/pages"}],"about":[{"href":"https:\/\/www.vandijkenko.nl\/de\/wp-json\/wp\/v2\/types\/page"}],"author":[{"embeddable":true,"href":"https:\/\/www.vandijkenko.nl\/de\/wp-json\/wp\/v2\/users\/1"}],"replies":[{"embeddable":true,"href":"https:\/\/www.vandijkenko.nl\/de\/wp-json\/wp\/v2\/comments?post=34843"}],"version-history":[{"count":1,"href":"https:\/\/www.vandijkenko.nl\/de\/wp-json\/wp\/v2\/pages\/34843\/revisions"}],"predecessor-version":[{"id":982046,"href":"https:\/\/www.vandijkenko.nl\/de\/wp-json\/wp\/v2\/pages\/34843\/revisions\/982046"}],"wp:attachment":[{"href":"https:\/\/www.vandijkenko.nl\/de\/wp-json\/wp\/v2\/media?parent=34843"}],"curies":[{"name":"wp","href":"https:\/\/api.w.org\/{rel}","templated":true}]}}