{"id":1017471,"date":"2025-09-28T19:26:59","date_gmt":"2025-09-28T17:26:59","guid":{"rendered":"https:\/\/www.vandijkenko.nl\/?post_type=product&#038;p=1017471"},"modified":"2025-10-28T20:19:52","modified_gmt":"2025-10-28T19:19:52","slug":"mid-century-dressoir-van-jiri-jiroutek-3","status":"publish","type":"product","link":"https:\/\/www.vandijkenko.nl\/de\/product\/mid-century-dressoir-van-jiri-jiroutek-3\/","title":{"rendered":"Mid-century dressoir van Ji\u0159\u00ed Jiroutek"},"content":{"rendered":"<div class=\"wpb-content-wrapper\"><p>[vc_row][vc_column][vc_column_text css=&#8220;&#8220;]Origineel mid-century dressoir van Ji\u0159\u00ed Jiroutek voor Interi\u00e9r Praha, jaren \u201960. Strak modernistisch design met een kastgedeelte en vier ruime lades. Uitgevoerd in eikenfineer met de kenmerkende schuine pootjes van de U-serie (U-458). Een zeldzame en gewilde designklassieker uit Tsjechoslowakije, ideaal voor liefhebbers van mid-century stijl.<\/p>\n<p>&nbsp;<\/p>\n<p>Afmetingen (lxdxh) 111 x 46 x 76 cm<\/p>\n<p>&nbsp;<\/p>\n<p>In het echt bekijken? Kom een keer langs in onze winkel in Zaandam, we zijn open van\u00a0<a href=\"https:\/\/www.vandijkenko.nl\/contact\/\">dinsdag t\/m zondag<\/a>.<\/p>\n<p>&nbsp;<\/p>\n<p>Dit is kast nummer 7935[\/vc_column_text][\/vc_column][\/vc_row]<\/p>\n<\/div>","protected":false},"excerpt":{"rendered":"<p><i class=\"fa fa-check-circle\"><\/i>\u00a0Fysieke winkel<\/p>\n<p><i class=\"fa fa-check-circle\"><\/i>\u00a0Gratis afhalen<\/p>\n<p><i class=\"fa fa-check-circle\"><\/i>\u00a0We bezorgen in heel NL<\/p>\n","protected":false},"featured_media":1017451,"comment_status":"open","ping_status":"closed","template":"","meta":{"_acf_changed":false},"product_brand":[],"product_cat":[1760,1761,18,2698],"product_tag":[169,3731,3426,2550,4302,4304,4303,208,1629,3729,296,683],"class_list":{"0":"post-1017471","1":"product","2":"type-product","3":"status-publish","4":"has-post-thumbnail","6":"product_cat-bekijk-alle-kasten","7":"product_cat-dressoirs-commodes","8":"product_cat-kasten","9":"product_cat-vintage-design","10":"product_tag-dressoir","11":"product_tag-jiri-jiroutek","12":"product_tag-jiroutek","13":"product_tag-mid-century","14":"product_tag-mid-century-dressoir-van-jiri-jiroutek","15":"product_tag-phara","16":"product_tag-u-458","17":"product_tag-vintage","18":"product_tag-vintage-dressoir","19":"product_tag-vintage-dressoir-jiroutek","20":"product_tag-wandkast","21":"product_tag-wandmeubel","22":"pa_kleur-bruin","23":"pa_materiaal-hout","24":"pa_materiaal-plastic","25":"pa_soort-kast-dressoir","26":"pa_soort-kast-vintage-kast","27":"pa_soort-kast-wandkast","29":"first","30":"instock","31":"featured","32":"sold-individually","33":"taxable","34":"shipping-taxable","35":"purchasable","36":"product-type-simple"},"bundled_by":[],"bundle_stock_status":"instock","bundle_stock_quantity":1,"bundle_virtual":false,"bundle_layout":"","bundle_add_to_cart_form_location":"","bundle_editable_in_cart":false,"bundle_sold_individually_context":"","bundle_item_grouping":"","bundle_min_size":"","bundle_max_size":"","bundle_price":[],"bundled_items":[],"bundle_sell_ids":[],"acf":[],"yoast_head":"<!-- This site is optimized with the Yoast SEO Premium plugin v27.1 (Yoast SEO v27.1.1) - https:\/\/yoast.com\/product\/yoast-seo-premium-wordpress\/ -->\n<title>Mid-century dressoir van Ji\u0159\u00ed Jiroutek - Van Dijk &amp; Ko<\/title>\n<meta name=\"description\" content=\"Origineel mid-century dressoir van Ji\u0159\u00ed Jiroutek voor Interi\u00e9r Praha, jaren \u201960. Strak modernistisch design met een kastgedeelte en vier ruime lades.\" \/>\n<meta name=\"robots\" content=\"index, follow, max-snippet:-1, max-image-preview:large, max-video-preview:-1\" \/>\n<link rel=\"canonical\" href=\"https:\/\/www.vandijkenko.nl\/de\/product\/mid-century-dressoir-van-jiri-jiroutek-3\/\" \/>\n<meta property=\"og:locale\" content=\"de_DE\" \/>\n<meta property=\"og:type\" content=\"article\" \/>\n<meta property=\"og:title\" content=\"Mid-century dressoir van Ji\u0159\u00ed Jiroutek\" \/>\n<meta property=\"og:description\" content=\"Origineel mid-century dressoir van Ji\u0159\u00ed Jiroutek voor Interi\u00e9r Praha, jaren \u201960. Strak modernistisch design met een kastgedeelte en vier ruime lades.\" \/>\n<meta property=\"og:url\" content=\"https:\/\/www.vandijkenko.nl\/de\/product\/mid-century-dressoir-van-jiri-jiroutek-3\/\" \/>\n<meta property=\"og:site_name\" content=\"Van Dijk &amp; Ko\" \/>\n<meta property=\"article:publisher\" content=\"https:\/\/www.facebook.com\/vandijkenko\/\" \/>\n<meta property=\"article:modified_time\" content=\"2025-10-28T19:19:52+00:00\" \/>\n<meta property=\"og:image\" content=\"https:\/\/www.vandijkenko.nl\/wp-content\/uploads\/2025\/10\/IMG_9980-scaled.jpg\" \/>\n\t<meta property=\"og:image:width\" content=\"2560\" \/>\n\t<meta property=\"og:image:height\" content=\"2560\" \/>\n\t<meta property=\"og:image:type\" content=\"image\/jpeg\" \/>\n<meta name=\"twitter:card\" content=\"summary_large_image\" \/>\n<meta name=\"twitter:label1\" content=\"Preis\" \/>\n\t<meta name=\"twitter:data1\" content=\"&euro; 750,00\" \/>\n\t<meta name=\"twitter:label2\" content=\"Verf\u00fcgbarkeit\" \/>\n\t<meta name=\"twitter:data2\" content=\"Auf Lager\" \/>\n<script type=\"application\/ld+json\" class=\"yoast-schema-graph\">{\"@context\":\"https:\/\/schema.org\",\"@graph\":[{\"@type\":\"WebPage\",\"@id\":\"https:\/\/www.vandijkenko.nl\/de\/product\/mid-century-dressoir-van-jiri-jiroutek-3\/\",\"url\":\"https:\/\/www.vandijkenko.nl\/de\/product\/mid-century-dressoir-van-jiri-jiroutek-3\/\",\"name\":\"Mid-century dressoir van Ji\u0159\u00ed Jiroutek - Van Dijk &amp; Ko\",\"isPartOf\":{\"@id\":\"https:\/\/www.vandijkenko.nl\/de\/#website\"},\"primaryImageOfPage\":{\"@id\":\"https:\/\/www.vandijkenko.nl\/de\/product\/mid-century-dressoir-van-jiri-jiroutek-3\/#primaryimage\"},\"image\":{\"@id\":\"https:\/\/www.vandijkenko.nl\/de\/product\/mid-century-dressoir-van-jiri-jiroutek-3\/#primaryimage\"},\"thumbnailUrl\":\"https:\/\/www.vandijkenko.nl\/wp-content\/uploads\/2025\/10\/IMG_9980-scaled.jpg\",\"datePublished\":\"2025-09-28T17:26:59+00:00\",\"dateModified\":\"2025-10-28T19:19:52+00:00\",\"description\":\"Origineel mid-century dressoir van Ji\u0159\u00ed Jiroutek voor Interi\u00e9r Praha, jaren \u201960. Strak modernistisch design met een kastgedeelte en vier ruime lades.\",\"breadcrumb\":{\"@id\":\"https:\/\/www.vandijkenko.nl\/de\/product\/mid-century-dressoir-van-jiri-jiroutek-3\/#breadcrumb\"},\"inLanguage\":\"de\",\"potentialAction\":[{\"@type\":\"ReadAction\",\"target\":[\"https:\/\/www.vandijkenko.nl\/de\/product\/mid-century-dressoir-van-jiri-jiroutek-3\/\"]}]},{\"@type\":\"ImageObject\",\"inLanguage\":\"de\",\"@id\":\"https:\/\/www.vandijkenko.nl\/de\/product\/mid-century-dressoir-van-jiri-jiroutek-3\/#primaryimage\",\"url\":\"https:\/\/www.vandijkenko.nl\/wp-content\/uploads\/2025\/10\/IMG_9980-scaled.jpg\",\"contentUrl\":\"https:\/\/www.vandijkenko.nl\/wp-content\/uploads\/2025\/10\/IMG_9980-scaled.jpg\",\"width\":2560,\"height\":2560,\"caption\":\"Mid-century dressoir van Ji\u0159\u00ed Jiroutek\"},{\"@type\":\"BreadcrumbList\",\"@id\":\"https:\/\/www.vandijkenko.nl\/de\/product\/mid-century-dressoir-van-jiri-jiroutek-3\/#breadcrumb\",\"itemListElement\":[{\"@type\":\"ListItem\",\"position\":1,\"name\":\"Home\",\"item\":\"https:\/\/www.vandijkenko.nl\/de\/\"},{\"@type\":\"ListItem\",\"position\":2,\"name\":\"Mid-century dressoir van Ji\u0159\u00ed Jiroutek\"}]},{\"@type\":\"WebSite\",\"@id\":\"https:\/\/www.vandijkenko.nl\/de\/#website\",\"url\":\"https:\/\/www.vandijkenko.nl\/de\/\",\"name\":\"Van Dijk &amp; Ko\",\"description\":\"\",\"publisher\":{\"@id\":\"https:\/\/www.vandijkenko.nl\/de\/#organization\"},\"potentialAction\":[{\"@type\":\"SearchAction\",\"target\":{\"@type\":\"EntryPoint\",\"urlTemplate\":\"https:\/\/www.vandijkenko.nl\/de\/?s={search_term_string}\"},\"query-input\":{\"@type\":\"PropertyValueSpecification\",\"valueRequired\":true,\"valueName\":\"search_term_string\"}}],\"inLanguage\":\"de\"},{\"@type\":[\"Organization\",\"Place\",\"FurnitureStore\"],\"@id\":\"https:\/\/www.vandijkenko.nl\/de\/#organization\",\"name\":\"Van Dijk & Ko\",\"url\":\"https:\/\/www.vandijkenko.nl\/de\/\",\"logo\":{\"@id\":\"https:\/\/www.vandijkenko.nl\/de\/product\/mid-century-dressoir-van-jiri-jiroutek-3\/#local-main-organization-logo\"},\"image\":{\"@id\":\"https:\/\/www.vandijkenko.nl\/de\/product\/mid-century-dressoir-van-jiri-jiroutek-3\/#local-main-organization-logo\"},\"sameAs\":[\"https:\/\/www.facebook.com\/vandijkenko\/\",\"https:\/\/www.instagram.com\/vandijkenko\/\",\"https:\/\/www.pinterest.co.uk\/vandijkko0026\/\"],\"address\":{\"@id\":\"https:\/\/www.vandijkenko.nl\/de\/product\/mid-century-dressoir-van-jiri-jiroutek-3\/#local-main-place-address\"},\"geo\":{\"@type\":\"GeoCoordinates\",\"latitude\":\"52.3977911\",\"longitude\":\"4.9042822\"},\"telephone\":[\"+31 20 684 1524\"],\"openingHoursSpecification\":[{\"@type\":\"OpeningHoursSpecification\",\"dayOfWeek\":[\"Monday\"],\"opens\":\"00:00\",\"closes\":\"00:00\"},{\"@type\":\"OpeningHoursSpecification\",\"dayOfWeek\":[\"Tuesday\",\"Wednesday\",\"Thursday\",\"Friday\",\"Saturday\"],\"opens\":\"10:00\",\"closes\":\"18:00\"},{\"@type\":\"OpeningHoursSpecification\",\"dayOfWeek\":[\"Sunday\"],\"opens\":\"12:00\",\"closes\":\"18:00\"}],\"email\":\"info@vandijkenko.nl\"},{\"@type\":\"PostalAddress\",\"@id\":\"https:\/\/www.vandijkenko.nl\/de\/product\/mid-century-dressoir-van-jiri-jiroutek-3\/#local-main-place-address\",\"streetAddress\":\"Papaverweg 46\",\"addressLocality\":\"Amsterdam\",\"postalCode\":\"1032 KJ\",\"addressRegion\":\"Noord-holland\",\"addressCountry\":\"NL\"},{\"@type\":\"ImageObject\",\"inLanguage\":\"de\",\"@id\":\"https:\/\/www.vandijkenko.nl\/de\/product\/mid-century-dressoir-van-jiri-jiroutek-3\/#local-main-organization-logo\",\"url\":\"https:\/\/www.vandijkenko.nl\/wp-content\/uploads\/2019\/09\/VanDijkenKologo.jpg\",\"contentUrl\":\"https:\/\/www.vandijkenko.nl\/wp-content\/uploads\/2019\/09\/VanDijkenKologo.jpg\",\"width\":320,\"height\":320,\"caption\":\"Van Dijk & Ko\"}]}<\/script>\n<meta property=\"product:price:amount\" content=\"750.00\" \/>\n<meta property=\"product:price:currency\" content=\"EUR\" \/>\n<meta property=\"og:availability\" content=\"instock\" \/>\n<meta property=\"product:availability\" content=\"instock\" \/>\n<meta property=\"product:retailer_item_id\" content=\"kast 7935\" \/>\n<meta property=\"product:condition\" content=\"new\" \/>\n<meta name=\"geo.placename\" content=\"Amsterdam\" \/>\n<meta name=\"geo.position\" content=\"52.3977911;4.9042822\" \/>\n<meta name=\"geo.region\" content=\"Niederlande\" \/>\n<!-- \/ Yoast SEO Premium plugin. -->","yoast_head_json":{"title":"Mid-century dressoir van Ji\u0159\u00ed Jiroutek - Van Dijk &amp; Ko","description":"Origineel mid-century dressoir van Ji\u0159\u00ed Jiroutek voor Interi\u00e9r Praha, jaren \u201960. Strak modernistisch design met een kastgedeelte en vier ruime lades.","robots":{"index":"index","follow":"follow","max-snippet":"max-snippet:-1","max-image-preview":"max-image-preview:large","max-video-preview":"max-video-preview:-1"},"canonical":"https:\/\/www.vandijkenko.nl\/de\/product\/mid-century-dressoir-van-jiri-jiroutek-3\/","og_locale":"de_DE","og_type":"article","og_title":"Mid-century dressoir van Ji\u0159\u00ed Jiroutek","og_description":"Origineel mid-century dressoir van Ji\u0159\u00ed Jiroutek voor Interi\u00e9r Praha, jaren \u201960. Strak modernistisch design met een kastgedeelte en vier ruime lades.","og_url":"https:\/\/www.vandijkenko.nl\/de\/product\/mid-century-dressoir-van-jiri-jiroutek-3\/","og_site_name":"Van Dijk &amp; Ko","article_publisher":"https:\/\/www.facebook.com\/vandijkenko\/","article_modified_time":"2025-10-28T19:19:52+00:00","og_image":[{"width":2560,"height":2560,"url":"https:\/\/www.vandijkenko.nl\/wp-content\/uploads\/2025\/10\/IMG_9980-scaled.jpg","type":"image\/jpeg"}],"twitter_card":"summary_large_image","twitter_misc":{"Preis":"&euro; 750,00","Verf\u00fcgbarkeit":"Auf Lager"},"schema":{"@context":"https:\/\/schema.org","@graph":[{"@type":"WebPage","@id":"https:\/\/www.vandijkenko.nl\/de\/product\/mid-century-dressoir-van-jiri-jiroutek-3\/","url":"https:\/\/www.vandijkenko.nl\/de\/product\/mid-century-dressoir-van-jiri-jiroutek-3\/","name":"Mid-century dressoir van Ji\u0159\u00ed Jiroutek - Van Dijk &amp; Ko","isPartOf":{"@id":"https:\/\/www.vandijkenko.nl\/de\/#website"},"primaryImageOfPage":{"@id":"https:\/\/www.vandijkenko.nl\/de\/product\/mid-century-dressoir-van-jiri-jiroutek-3\/#primaryimage"},"image":{"@id":"https:\/\/www.vandijkenko.nl\/de\/product\/mid-century-dressoir-van-jiri-jiroutek-3\/#primaryimage"},"thumbnailUrl":"https:\/\/www.vandijkenko.nl\/wp-content\/uploads\/2025\/10\/IMG_9980-scaled.jpg","datePublished":"2025-09-28T17:26:59+00:00","dateModified":"2025-10-28T19:19:52+00:00","description":"Origineel mid-century dressoir van Ji\u0159\u00ed Jiroutek voor Interi\u00e9r Praha, jaren \u201960. Strak modernistisch design met een kastgedeelte en vier ruime lades.","breadcrumb":{"@id":"https:\/\/www.vandijkenko.nl\/de\/product\/mid-century-dressoir-van-jiri-jiroutek-3\/#breadcrumb"},"inLanguage":"de","potentialAction":[{"@type":"ReadAction","target":["https:\/\/www.vandijkenko.nl\/de\/product\/mid-century-dressoir-van-jiri-jiroutek-3\/"]}]},{"@type":"ImageObject","inLanguage":"de","@id":"https:\/\/www.vandijkenko.nl\/de\/product\/mid-century-dressoir-van-jiri-jiroutek-3\/#primaryimage","url":"https:\/\/www.vandijkenko.nl\/wp-content\/uploads\/2025\/10\/IMG_9980-scaled.jpg","contentUrl":"https:\/\/www.vandijkenko.nl\/wp-content\/uploads\/2025\/10\/IMG_9980-scaled.jpg","width":2560,"height":2560,"caption":"Mid-century dressoir van Ji\u0159\u00ed Jiroutek"},{"@type":"BreadcrumbList","@id":"https:\/\/www.vandijkenko.nl\/de\/product\/mid-century-dressoir-van-jiri-jiroutek-3\/#breadcrumb","itemListElement":[{"@type":"ListItem","position":1,"name":"Home","item":"https:\/\/www.vandijkenko.nl\/de\/"},{"@type":"ListItem","position":2,"name":"Mid-century dressoir van Ji\u0159\u00ed Jiroutek"}]},{"@type":"WebSite","@id":"https:\/\/www.vandijkenko.nl\/de\/#website","url":"https:\/\/www.vandijkenko.nl\/de\/","name":"Van Dijk &amp; Ko","description":"","publisher":{"@id":"https:\/\/www.vandijkenko.nl\/de\/#organization"},"potentialAction":[{"@type":"SearchAction","target":{"@type":"EntryPoint","urlTemplate":"https:\/\/www.vandijkenko.nl\/de\/?s={search_term_string}"},"query-input":{"@type":"PropertyValueSpecification","valueRequired":true,"valueName":"search_term_string"}}],"inLanguage":"de"},{"@type":["Organization","Place","FurnitureStore"],"@id":"https:\/\/www.vandijkenko.nl\/de\/#organization","name":"Van Dijk & Ko","url":"https:\/\/www.vandijkenko.nl\/de\/","logo":{"@id":"https:\/\/www.vandijkenko.nl\/de\/product\/mid-century-dressoir-van-jiri-jiroutek-3\/#local-main-organization-logo"},"image":{"@id":"https:\/\/www.vandijkenko.nl\/de\/product\/mid-century-dressoir-van-jiri-jiroutek-3\/#local-main-organization-logo"},"sameAs":["https:\/\/www.facebook.com\/vandijkenko\/","https:\/\/www.instagram.com\/vandijkenko\/","https:\/\/www.pinterest.co.uk\/vandijkko0026\/"],"address":{"@id":"https:\/\/www.vandijkenko.nl\/de\/product\/mid-century-dressoir-van-jiri-jiroutek-3\/#local-main-place-address"},"geo":{"@type":"GeoCoordinates","latitude":"52.3977911","longitude":"4.9042822"},"telephone":["+31 20 684 1524"],"openingHoursSpecification":[{"@type":"OpeningHoursSpecification","dayOfWeek":["Monday"],"opens":"00:00","closes":"00:00"},{"@type":"OpeningHoursSpecification","dayOfWeek":["Tuesday","Wednesday","Thursday","Friday","Saturday"],"opens":"10:00","closes":"18:00"},{"@type":"OpeningHoursSpecification","dayOfWeek":["Sunday"],"opens":"12:00","closes":"18:00"}],"email":"info@vandijkenko.nl"},{"@type":"PostalAddress","@id":"https:\/\/www.vandijkenko.nl\/de\/product\/mid-century-dressoir-van-jiri-jiroutek-3\/#local-main-place-address","streetAddress":"Papaverweg 46","addressLocality":"Amsterdam","postalCode":"1032 KJ","addressRegion":"Noord-holland","addressCountry":"NL"},{"@type":"ImageObject","inLanguage":"de","@id":"https:\/\/www.vandijkenko.nl\/de\/product\/mid-century-dressoir-van-jiri-jiroutek-3\/#local-main-organization-logo","url":"https:\/\/www.vandijkenko.nl\/wp-content\/uploads\/2019\/09\/VanDijkenKologo.jpg","contentUrl":"https:\/\/www.vandijkenko.nl\/wp-content\/uploads\/2019\/09\/VanDijkenKologo.jpg","width":320,"height":320,"caption":"Van Dijk & Ko"}]},"product_price_amount":"750.00","product_price_currency":"EUR","og_availability":"instock","product_availability":"instock","product_retailer_item_id":"kast 7935","product_condition":"new","geo.placename":"Amsterdam","geo.position":{"lat":"52.3977911","long":"4.9042822"},"geo.region":"Niederlande"},"_links":{"self":[{"href":"https:\/\/www.vandijkenko.nl\/de\/wp-json\/wp\/v2\/product\/1017471","targetHints":{"allow":["GET"]}}],"collection":[{"href":"https:\/\/www.vandijkenko.nl\/de\/wp-json\/wp\/v2\/product"}],"about":[{"href":"https:\/\/www.vandijkenko.nl\/de\/wp-json\/wp\/v2\/types\/product"}],"replies":[{"embeddable":true,"href":"https:\/\/www.vandijkenko.nl\/de\/wp-json\/wp\/v2\/comments?post=1017471"}],"wp:featuredmedia":[{"embeddable":true,"href":"https:\/\/www.vandijkenko.nl\/de\/wp-json\/wp\/v2\/media\/1017451"}],"wp:attachment":[{"href":"https:\/\/www.vandijkenko.nl\/de\/wp-json\/wp\/v2\/media?parent=1017471"}],"wp:term":[{"taxonomy":"product_brand","embeddable":true,"href":"https:\/\/www.vandijkenko.nl\/de\/wp-json\/wp\/v2\/product_brand?post=1017471"},{"taxonomy":"product_cat","embeddable":true,"href":"https:\/\/www.vandijkenko.nl\/de\/wp-json\/wp\/v2\/product_cat?post=1017471"},{"taxonomy":"product_tag","embeddable":true,"href":"https:\/\/www.vandijkenko.nl\/de\/wp-json\/wp\/v2\/product_tag?post=1017471"}],"curies":[{"name":"wp","href":"https:\/\/api.w.org\/{rel}","templated":true}]}}