{"id":1021719,"date":"2025-12-29T13:39:05","date_gmt":"2025-12-29T12:39:05","guid":{"rendered":"https:\/\/www.vandijkenko.nl\/?post_type=product&#038;p=1021719"},"modified":"2025-12-29T13:45:44","modified_gmt":"2025-12-29T12:45:44","slug":"vintage-ladekast-van-interier-praha-4","status":"publish","type":"product","link":"https:\/\/www.vandijkenko.nl\/de\/product\/vintage-ladekast-van-interier-praha-4\/","title":{"rendered":"Vintage ladekast van Interi\u00e9r Praha"},"content":{"rendered":"<div class=\"wpb-content-wrapper\"><p>[vc_row][vc_column][vc_column_text css=&#8220;&#8220;]<\/p>\n<p class=\"p1\">Karaktervolle vintage ladekast U-453 van Interi\u00e9r, uitgevoerd in een krachtig grafisch ontwerp met contrasterende zwart- en cr\u00e8mekleurige fronten. De strakke belijning wordt verzacht door de schuine houten poten en het warme bovenblad. Voorzien van originele gele kunststof ladebakken, praktisch en typisch voor het Tsjechische design uit de jaren 60. Inclusief origineel fabriekslabel en lichte gebruikssporen die het authentieke karakter benadrukken.<\/p>\n<p>&nbsp;<\/p>\n<p>Afmetingen (lxdxh) 111 x 46 x 76 cm<\/p>\n<p>&nbsp;<\/p>\n<p>We hebben altijd meerdere vintage parels staan, in allerlei kleuren, soorten &amp; maten. Elk exemplaar is uniek! Kom ze in het echt bewonderen in de <a href=\"https:\/\/www.vandijkenko.nl\/contact\/\">winkel<\/a>\u00a0of houd onze webshop in de gaten.<\/p>\n<p>&nbsp;<\/p>\n<p>Dit is kast nummer 8044[\/vc_column_text][\/vc_column][\/vc_row]<\/p>\n<\/div>","protected":false},"excerpt":{"rendered":"<p><i class=\"fa fa-check-circle\"><\/i>\u00a0Fysieke winkel<\/p>\n<p><i class=\"fa fa-check-circle\"><\/i>\u00a0Gratis afhalen<\/p>\n<p><i class=\"fa fa-check-circle\"><\/i>\u00a0We bezorgen in heel NL<\/p>\n","protected":false},"featured_media":1021621,"comment_status":"open","ping_status":"closed","template":"","meta":{"_acf_changed":false},"product_brand":[],"product_cat":[1760,1761,18,2698],"product_tag":[169,3541,4248,3731,3426,2550,4398,208,1629,3729,4399,296,683],"class_list":{"0":"post-1021719","1":"product","2":"type-product","3":"status-publish","4":"has-post-thumbnail","6":"product_cat-bekijk-alle-kasten","7":"product_cat-dressoirs-commodes","8":"product_cat-kasten","9":"product_cat-vintage-design","10":"product_tag-dressoir","11":"product_tag-frantisek-jirak","12":"product_tag-interier-praha","13":"product_tag-jiri-jiroutek","14":"product_tag-jiroutek","15":"product_tag-mid-century","16":"product_tag-u-453","17":"product_tag-vintage","18":"product_tag-vintage-dressoir","19":"product_tag-vintage-dressoir-jiroutek","20":"product_tag-vintage-ladekast-van-interier-praha","21":"product_tag-wandkast","22":"product_tag-wandmeubel","23":"pa_kleur-bruin","24":"pa_kleur-off-white","25":"pa_kleur-zwart","26":"pa_materiaal-hout","27":"pa_materiaal-plastic","28":"pa_soort-kast-dressoir","29":"pa_soort-kast-ladekast","30":"pa_soort-kast-vintage-kast","31":"pa_soort-kast-wandkast","33":"first","34":"instock","35":"featured","36":"sold-individually","37":"taxable","38":"shipping-taxable","39":"purchasable","40":"product-type-simple"},"bundled_by":[],"bundle_stock_status":"instock","bundle_stock_quantity":1,"bundle_virtual":false,"bundle_layout":"","bundle_add_to_cart_form_location":"","bundle_editable_in_cart":false,"bundle_sold_individually_context":"","bundle_item_grouping":"","bundle_min_size":"","bundle_max_size":"","bundle_price":[],"bundled_items":[],"bundle_sell_ids":[],"acf":[],"yoast_head":"<!-- This site is optimized with the Yoast SEO Premium plugin v27.1 (Yoast SEO v27.1.1) - https:\/\/yoast.com\/product\/yoast-seo-premium-wordpress\/ -->\n<title>Vintage ladekast van Interi\u00e9r Praha - Van Dijk &amp; Ko<\/title>\n<meta name=\"description\" content=\"Karaktervolle vintage ladekast U-453 van Interi\u00e9r, uitgevoerd in een krachtig grafisch ontwerp met contrasterende zwart- en cr\u00e8mekleurige fronten.\" \/>\n<meta name=\"robots\" content=\"index, follow, max-snippet:-1, max-image-preview:large, max-video-preview:-1\" \/>\n<link rel=\"canonical\" href=\"https:\/\/www.vandijkenko.nl\/de\/product\/vintage-ladekast-van-interier-praha-4\/\" \/>\n<meta property=\"og:locale\" content=\"de_DE\" \/>\n<meta property=\"og:type\" content=\"article\" \/>\n<meta property=\"og:title\" content=\"Vintage ladekast van Interi\u00e9r Praha\" \/>\n<meta property=\"og:description\" content=\"Karaktervolle vintage ladekast U-453 van Interi\u00e9r, uitgevoerd in een krachtig grafisch ontwerp met contrasterende zwart- en cr\u00e8mekleurige fronten.\" \/>\n<meta property=\"og:url\" content=\"https:\/\/www.vandijkenko.nl\/de\/product\/vintage-ladekast-van-interier-praha-4\/\" \/>\n<meta property=\"og:site_name\" content=\"Van Dijk &amp; Ko\" \/>\n<meta property=\"article:publisher\" content=\"https:\/\/www.facebook.com\/vandijkenko\/\" \/>\n<meta property=\"article:modified_time\" content=\"2025-12-29T12:45:44+00:00\" \/>\n<meta property=\"og:image\" content=\"https:\/\/www.vandijkenko.nl\/wp-content\/uploads\/2025\/12\/3S0A6678-scaled.jpg\" \/>\n\t<meta property=\"og:image:width\" content=\"2560\" \/>\n\t<meta property=\"og:image:height\" content=\"2560\" \/>\n\t<meta property=\"og:image:type\" content=\"image\/jpeg\" \/>\n<meta name=\"twitter:card\" content=\"summary_large_image\" \/>\n<meta name=\"twitter:label1\" content=\"Preis\" \/>\n\t<meta name=\"twitter:data1\" content=\"&euro; 925,00\" \/>\n\t<meta name=\"twitter:label2\" content=\"Verf\u00fcgbarkeit\" \/>\n\t<meta name=\"twitter:data2\" content=\"Auf Lager\" \/>\n<script type=\"application\/ld+json\" class=\"yoast-schema-graph\">{\"@context\":\"https:\/\/schema.org\",\"@graph\":[{\"@type\":\"WebPage\",\"@id\":\"https:\/\/www.vandijkenko.nl\/de\/product\/vintage-ladekast-van-interier-praha-4\/\",\"url\":\"https:\/\/www.vandijkenko.nl\/de\/product\/vintage-ladekast-van-interier-praha-4\/\",\"name\":\"Vintage ladekast van Interi\u00e9r Praha - Van Dijk &amp; Ko\",\"isPartOf\":{\"@id\":\"https:\/\/www.vandijkenko.nl\/de\/#website\"},\"primaryImageOfPage\":{\"@id\":\"https:\/\/www.vandijkenko.nl\/de\/product\/vintage-ladekast-van-interier-praha-4\/#primaryimage\"},\"image\":{\"@id\":\"https:\/\/www.vandijkenko.nl\/de\/product\/vintage-ladekast-van-interier-praha-4\/#primaryimage\"},\"thumbnailUrl\":\"https:\/\/www.vandijkenko.nl\/wp-content\/uploads\/2025\/12\/3S0A6678-scaled.jpg\",\"datePublished\":\"2025-12-29T12:39:05+00:00\",\"dateModified\":\"2025-12-29T12:45:44+00:00\",\"description\":\"Karaktervolle vintage ladekast U-453 van Interi\u00e9r, uitgevoerd in een krachtig grafisch ontwerp met contrasterende zwart- en cr\u00e8mekleurige fronten.\",\"breadcrumb\":{\"@id\":\"https:\/\/www.vandijkenko.nl\/de\/product\/vintage-ladekast-van-interier-praha-4\/#breadcrumb\"},\"inLanguage\":\"de\",\"potentialAction\":[{\"@type\":\"ReadAction\",\"target\":[\"https:\/\/www.vandijkenko.nl\/de\/product\/vintage-ladekast-van-interier-praha-4\/\"]}]},{\"@type\":\"ImageObject\",\"inLanguage\":\"de\",\"@id\":\"https:\/\/www.vandijkenko.nl\/de\/product\/vintage-ladekast-van-interier-praha-4\/#primaryimage\",\"url\":\"https:\/\/www.vandijkenko.nl\/wp-content\/uploads\/2025\/12\/3S0A6678-scaled.jpg\",\"contentUrl\":\"https:\/\/www.vandijkenko.nl\/wp-content\/uploads\/2025\/12\/3S0A6678-scaled.jpg\",\"width\":2560,\"height\":2560,\"caption\":\"Vintage ladekast van Interi\u00e9r Praha\"},{\"@type\":\"BreadcrumbList\",\"@id\":\"https:\/\/www.vandijkenko.nl\/de\/product\/vintage-ladekast-van-interier-praha-4\/#breadcrumb\",\"itemListElement\":[{\"@type\":\"ListItem\",\"position\":1,\"name\":\"Home\",\"item\":\"https:\/\/www.vandijkenko.nl\/de\/\"},{\"@type\":\"ListItem\",\"position\":2,\"name\":\"Vintage ladekast van Interi\u00e9r Praha\"}]},{\"@type\":\"WebSite\",\"@id\":\"https:\/\/www.vandijkenko.nl\/de\/#website\",\"url\":\"https:\/\/www.vandijkenko.nl\/de\/\",\"name\":\"Van Dijk &amp; Ko\",\"description\":\"\",\"publisher\":{\"@id\":\"https:\/\/www.vandijkenko.nl\/de\/#organization\"},\"potentialAction\":[{\"@type\":\"SearchAction\",\"target\":{\"@type\":\"EntryPoint\",\"urlTemplate\":\"https:\/\/www.vandijkenko.nl\/de\/?s={search_term_string}\"},\"query-input\":{\"@type\":\"PropertyValueSpecification\",\"valueRequired\":true,\"valueName\":\"search_term_string\"}}],\"inLanguage\":\"de\"},{\"@type\":[\"Organization\",\"Place\",\"FurnitureStore\"],\"@id\":\"https:\/\/www.vandijkenko.nl\/de\/#organization\",\"name\":\"Van Dijk & Ko\",\"url\":\"https:\/\/www.vandijkenko.nl\/de\/\",\"logo\":{\"@id\":\"https:\/\/www.vandijkenko.nl\/de\/product\/vintage-ladekast-van-interier-praha-4\/#local-main-organization-logo\"},\"image\":{\"@id\":\"https:\/\/www.vandijkenko.nl\/de\/product\/vintage-ladekast-van-interier-praha-4\/#local-main-organization-logo\"},\"sameAs\":[\"https:\/\/www.facebook.com\/vandijkenko\/\",\"https:\/\/www.instagram.com\/vandijkenko\/\",\"https:\/\/www.pinterest.co.uk\/vandijkko0026\/\"],\"address\":{\"@id\":\"https:\/\/www.vandijkenko.nl\/de\/product\/vintage-ladekast-van-interier-praha-4\/#local-main-place-address\"},\"geo\":{\"@type\":\"GeoCoordinates\",\"latitude\":\"52.3977911\",\"longitude\":\"4.9042822\"},\"telephone\":[\"+31 20 684 1524\"],\"openingHoursSpecification\":[{\"@type\":\"OpeningHoursSpecification\",\"dayOfWeek\":[\"Monday\"],\"opens\":\"00:00\",\"closes\":\"00:00\"},{\"@type\":\"OpeningHoursSpecification\",\"dayOfWeek\":[\"Tuesday\",\"Wednesday\",\"Thursday\",\"Friday\",\"Saturday\"],\"opens\":\"10:00\",\"closes\":\"18:00\"},{\"@type\":\"OpeningHoursSpecification\",\"dayOfWeek\":[\"Sunday\"],\"opens\":\"12:00\",\"closes\":\"18:00\"}],\"email\":\"info@vandijkenko.nl\"},{\"@type\":\"PostalAddress\",\"@id\":\"https:\/\/www.vandijkenko.nl\/de\/product\/vintage-ladekast-van-interier-praha-4\/#local-main-place-address\",\"streetAddress\":\"Papaverweg 46\",\"addressLocality\":\"Amsterdam\",\"postalCode\":\"1032 KJ\",\"addressRegion\":\"Noord-holland\",\"addressCountry\":\"NL\"},{\"@type\":\"ImageObject\",\"inLanguage\":\"de\",\"@id\":\"https:\/\/www.vandijkenko.nl\/de\/product\/vintage-ladekast-van-interier-praha-4\/#local-main-organization-logo\",\"url\":\"https:\/\/www.vandijkenko.nl\/wp-content\/uploads\/2019\/09\/VanDijkenKologo.jpg\",\"contentUrl\":\"https:\/\/www.vandijkenko.nl\/wp-content\/uploads\/2019\/09\/VanDijkenKologo.jpg\",\"width\":320,\"height\":320,\"caption\":\"Van Dijk & Ko\"}]}<\/script>\n<meta property=\"product:price:amount\" content=\"925.00\" \/>\n<meta property=\"product:price:currency\" content=\"EUR\" \/>\n<meta property=\"og:availability\" content=\"instock\" \/>\n<meta property=\"product:availability\" content=\"instock\" \/>\n<meta property=\"product:retailer_item_id\" content=\"kast 8044\" \/>\n<meta property=\"product:condition\" content=\"new\" \/>\n<meta name=\"geo.placename\" content=\"Amsterdam\" \/>\n<meta name=\"geo.position\" content=\"52.3977911;4.9042822\" \/>\n<meta name=\"geo.region\" content=\"Niederlande\" \/>\n<!-- \/ Yoast SEO Premium plugin. -->","yoast_head_json":{"title":"Vintage ladekast van Interi\u00e9r Praha - Van Dijk &amp; Ko","description":"Karaktervolle vintage ladekast U-453 van Interi\u00e9r, uitgevoerd in een krachtig grafisch ontwerp met contrasterende zwart- en cr\u00e8mekleurige fronten.","robots":{"index":"index","follow":"follow","max-snippet":"max-snippet:-1","max-image-preview":"max-image-preview:large","max-video-preview":"max-video-preview:-1"},"canonical":"https:\/\/www.vandijkenko.nl\/de\/product\/vintage-ladekast-van-interier-praha-4\/","og_locale":"de_DE","og_type":"article","og_title":"Vintage ladekast van Interi\u00e9r Praha","og_description":"Karaktervolle vintage ladekast U-453 van Interi\u00e9r, uitgevoerd in een krachtig grafisch ontwerp met contrasterende zwart- en cr\u00e8mekleurige fronten.","og_url":"https:\/\/www.vandijkenko.nl\/de\/product\/vintage-ladekast-van-interier-praha-4\/","og_site_name":"Van Dijk &amp; Ko","article_publisher":"https:\/\/www.facebook.com\/vandijkenko\/","article_modified_time":"2025-12-29T12:45:44+00:00","og_image":[{"width":2560,"height":2560,"url":"https:\/\/www.vandijkenko.nl\/wp-content\/uploads\/2025\/12\/3S0A6678-scaled.jpg","type":"image\/jpeg"}],"twitter_card":"summary_large_image","twitter_misc":{"Preis":"&euro; 925,00","Verf\u00fcgbarkeit":"Auf Lager"},"schema":{"@context":"https:\/\/schema.org","@graph":[{"@type":"WebPage","@id":"https:\/\/www.vandijkenko.nl\/de\/product\/vintage-ladekast-van-interier-praha-4\/","url":"https:\/\/www.vandijkenko.nl\/de\/product\/vintage-ladekast-van-interier-praha-4\/","name":"Vintage ladekast van Interi\u00e9r Praha - Van Dijk &amp; Ko","isPartOf":{"@id":"https:\/\/www.vandijkenko.nl\/de\/#website"},"primaryImageOfPage":{"@id":"https:\/\/www.vandijkenko.nl\/de\/product\/vintage-ladekast-van-interier-praha-4\/#primaryimage"},"image":{"@id":"https:\/\/www.vandijkenko.nl\/de\/product\/vintage-ladekast-van-interier-praha-4\/#primaryimage"},"thumbnailUrl":"https:\/\/www.vandijkenko.nl\/wp-content\/uploads\/2025\/12\/3S0A6678-scaled.jpg","datePublished":"2025-12-29T12:39:05+00:00","dateModified":"2025-12-29T12:45:44+00:00","description":"Karaktervolle vintage ladekast U-453 van Interi\u00e9r, uitgevoerd in een krachtig grafisch ontwerp met contrasterende zwart- en cr\u00e8mekleurige fronten.","breadcrumb":{"@id":"https:\/\/www.vandijkenko.nl\/de\/product\/vintage-ladekast-van-interier-praha-4\/#breadcrumb"},"inLanguage":"de","potentialAction":[{"@type":"ReadAction","target":["https:\/\/www.vandijkenko.nl\/de\/product\/vintage-ladekast-van-interier-praha-4\/"]}]},{"@type":"ImageObject","inLanguage":"de","@id":"https:\/\/www.vandijkenko.nl\/de\/product\/vintage-ladekast-van-interier-praha-4\/#primaryimage","url":"https:\/\/www.vandijkenko.nl\/wp-content\/uploads\/2025\/12\/3S0A6678-scaled.jpg","contentUrl":"https:\/\/www.vandijkenko.nl\/wp-content\/uploads\/2025\/12\/3S0A6678-scaled.jpg","width":2560,"height":2560,"caption":"Vintage ladekast van Interi\u00e9r Praha"},{"@type":"BreadcrumbList","@id":"https:\/\/www.vandijkenko.nl\/de\/product\/vintage-ladekast-van-interier-praha-4\/#breadcrumb","itemListElement":[{"@type":"ListItem","position":1,"name":"Home","item":"https:\/\/www.vandijkenko.nl\/de\/"},{"@type":"ListItem","position":2,"name":"Vintage ladekast van Interi\u00e9r Praha"}]},{"@type":"WebSite","@id":"https:\/\/www.vandijkenko.nl\/de\/#website","url":"https:\/\/www.vandijkenko.nl\/de\/","name":"Van Dijk &amp; Ko","description":"","publisher":{"@id":"https:\/\/www.vandijkenko.nl\/de\/#organization"},"potentialAction":[{"@type":"SearchAction","target":{"@type":"EntryPoint","urlTemplate":"https:\/\/www.vandijkenko.nl\/de\/?s={search_term_string}"},"query-input":{"@type":"PropertyValueSpecification","valueRequired":true,"valueName":"search_term_string"}}],"inLanguage":"de"},{"@type":["Organization","Place","FurnitureStore"],"@id":"https:\/\/www.vandijkenko.nl\/de\/#organization","name":"Van Dijk & Ko","url":"https:\/\/www.vandijkenko.nl\/de\/","logo":{"@id":"https:\/\/www.vandijkenko.nl\/de\/product\/vintage-ladekast-van-interier-praha-4\/#local-main-organization-logo"},"image":{"@id":"https:\/\/www.vandijkenko.nl\/de\/product\/vintage-ladekast-van-interier-praha-4\/#local-main-organization-logo"},"sameAs":["https:\/\/www.facebook.com\/vandijkenko\/","https:\/\/www.instagram.com\/vandijkenko\/","https:\/\/www.pinterest.co.uk\/vandijkko0026\/"],"address":{"@id":"https:\/\/www.vandijkenko.nl\/de\/product\/vintage-ladekast-van-interier-praha-4\/#local-main-place-address"},"geo":{"@type":"GeoCoordinates","latitude":"52.3977911","longitude":"4.9042822"},"telephone":["+31 20 684 1524"],"openingHoursSpecification":[{"@type":"OpeningHoursSpecification","dayOfWeek":["Monday"],"opens":"00:00","closes":"00:00"},{"@type":"OpeningHoursSpecification","dayOfWeek":["Tuesday","Wednesday","Thursday","Friday","Saturday"],"opens":"10:00","closes":"18:00"},{"@type":"OpeningHoursSpecification","dayOfWeek":["Sunday"],"opens":"12:00","closes":"18:00"}],"email":"info@vandijkenko.nl"},{"@type":"PostalAddress","@id":"https:\/\/www.vandijkenko.nl\/de\/product\/vintage-ladekast-van-interier-praha-4\/#local-main-place-address","streetAddress":"Papaverweg 46","addressLocality":"Amsterdam","postalCode":"1032 KJ","addressRegion":"Noord-holland","addressCountry":"NL"},{"@type":"ImageObject","inLanguage":"de","@id":"https:\/\/www.vandijkenko.nl\/de\/product\/vintage-ladekast-van-interier-praha-4\/#local-main-organization-logo","url":"https:\/\/www.vandijkenko.nl\/wp-content\/uploads\/2019\/09\/VanDijkenKologo.jpg","contentUrl":"https:\/\/www.vandijkenko.nl\/wp-content\/uploads\/2019\/09\/VanDijkenKologo.jpg","width":320,"height":320,"caption":"Van Dijk & Ko"}]},"product_price_amount":"925.00","product_price_currency":"EUR","og_availability":"instock","product_availability":"instock","product_retailer_item_id":"kast 8044","product_condition":"new","geo.placename":"Amsterdam","geo.position":{"lat":"52.3977911","long":"4.9042822"},"geo.region":"Niederlande"},"_links":{"self":[{"href":"https:\/\/www.vandijkenko.nl\/de\/wp-json\/wp\/v2\/product\/1021719","targetHints":{"allow":["GET"]}}],"collection":[{"href":"https:\/\/www.vandijkenko.nl\/de\/wp-json\/wp\/v2\/product"}],"about":[{"href":"https:\/\/www.vandijkenko.nl\/de\/wp-json\/wp\/v2\/types\/product"}],"replies":[{"embeddable":true,"href":"https:\/\/www.vandijkenko.nl\/de\/wp-json\/wp\/v2\/comments?post=1021719"}],"wp:featuredmedia":[{"embeddable":true,"href":"https:\/\/www.vandijkenko.nl\/de\/wp-json\/wp\/v2\/media\/1021621"}],"wp:attachment":[{"href":"https:\/\/www.vandijkenko.nl\/de\/wp-json\/wp\/v2\/media?parent=1021719"}],"wp:term":[{"taxonomy":"product_brand","embeddable":true,"href":"https:\/\/www.vandijkenko.nl\/de\/wp-json\/wp\/v2\/product_brand?post=1021719"},{"taxonomy":"product_cat","embeddable":true,"href":"https:\/\/www.vandijkenko.nl\/de\/wp-json\/wp\/v2\/product_cat?post=1021719"},{"taxonomy":"product_tag","embeddable":true,"href":"https:\/\/www.vandijkenko.nl\/de\/wp-json\/wp\/v2\/product_tag?post=1021719"}],"curies":[{"name":"wp","href":"https:\/\/api.w.org\/{rel}","templated":true}]}}