{"id":1021722,"date":"2025-12-29T14:01:49","date_gmt":"2025-12-29T13:01:49","guid":{"rendered":"https:\/\/www.vandijkenko.nl\/?post_type=product&#038;p=1021722"},"modified":"2026-02-07T13:11:38","modified_gmt":"2026-02-07T12:11:38","slug":"vintage-lollipop-stoel-frantisek-jirak-26","status":"publish","type":"product","link":"https:\/\/www.vandijkenko.nl\/de\/product\/vintage-lollipop-stoel-frantisek-jirak-26\/","title":{"rendered":"Vintage Lollipop stoel &#8211; Franti\u0161ek Jir\u00e1k"},"content":{"rendered":"<div class=\"wpb-content-wrapper\"><p>[vc_row][vc_column][vc_column_text css=&#8220;&#8220;]<\/p>\n<p class=\"p1\">Vintage Lollipop stoel, ontworpen in de stijl van Franti\u0161ek Jir\u00e1k en gedateerd rond de jaren 60. Met zijn gebogen houten rugleuning met handgreep, slanke taps toelopende poten en rode sixties-bekleding ademt hij het iconische modernisme van die tijd. Jir\u00e1k stond bekend om zijn elegante, functionele ontwerpen die vandaag nog steeds geliefd zijn bij verzamelaars. Een zeldzaam en authentiek stuk met label.<\/p>\n<p>&nbsp;<\/p>\n<p>Productfoto&#8217;s kunnen iets afwijken van het product zelf.<\/p>\n<p>&nbsp;<\/p>\n<p>op=op<\/p>\n<p>&nbsp;<\/p>\n<p>Afmetingen (lxdxh) 44 x 46 x 83 cm<br \/>\nZithoogte 50 cm<\/p>\n<p>&nbsp;<\/p>\n<p>Bestel deze knappe stoel online, of kom eerst even proefzitten in de <a href=\"https:\/\/www.vandijkenko.nl\/contact\/\">winkel<\/a>. We zijn 6 dagen per week geopend!<\/p>\n<p>&nbsp;<\/p>\n<p>Dit is stoel nummer 8042<\/p>\n<p>Op dit artikel is de\u00a0<a href=\"https:\/\/www.belastingdienst.nl\/wps\/wcm\/connect\/bldcontentnl\/belastingdienst\/zakelijk\/btw\/bijzondere_regelingen\/margeregeling\/\"><span class=\"s1\">margeregeling<\/span><\/a>\u00a0van toepassing, dat betekent dat er over het product geen BTW wordt gerekend.[\/vc_column_text][\/vc_column][\/vc_row]<\/p>\n<\/div>","protected":false},"excerpt":{"rendered":"<p><i class=\"fa fa-check-circle\"><\/i>\u00a0Fysieke winkel<\/p>\n<p><i class=\"fa fa-check-circle\"><\/i>\u00a0Kosteloos afhalen<\/p>\n<p><i class=\"fa fa-check-circle\"><\/i>\u00a0We bezorgen in heel NL<\/p>\n","protected":false},"featured_media":1021570,"comment_status":"closed","ping_status":"closed","template":"","meta":{"_acf_changed":false},"product_brand":[],"product_cat":[1763,17,2698,1603],"product_tag":[3538,367,430,1092,3541,1018,865,4022,2550,161,3537,208,3540,3539],"class_list":{"0":"post-1021722","1":"product","2":"type-product","3":"status-publish","4":"has-post-thumbnail","6":"product_cat-zitmeubels-2","7":"product_cat-stoelen-en-krukjes","8":"product_cat-vintage-design","9":"product_cat-zitmeubels","10":"product_tag-czechoslvakian","11":"product_tag-design","12":"product_tag-fauteuil","13":"product_tag-fauteuils","14":"product_tag-frantisek-jirak","15":"product_tag-jaren-50","16":"product_tag-jaren-60","17":"product_tag-lollipop-stoel","18":"product_tag-mid-century","19":"product_tag-stoelen","20":"product_tag-tatra-nabytok","21":"product_tag-vintage","22":"product_tag-vintage-lollipop-stoel","23":"product_tag-vintage-lollipop-stoel-frantisek-jirak","24":"pa_kleur-bruin","25":"pa_kleur-roze","26":"pa_materiaal-hout","27":"pa_materiaal-stof","29":"first","30":"instock","31":"taxable","32":"shipping-taxable","33":"purchasable","34":"product-type-simple"},"bundled_by":[],"bundle_stock_status":"instock","bundle_stock_quantity":1,"bundle_virtual":false,"bundle_layout":"","bundle_add_to_cart_form_location":"","bundle_editable_in_cart":false,"bundle_sold_individually_context":"","bundle_item_grouping":"","bundle_min_size":"","bundle_max_size":"","bundle_price":[],"bundled_items":[],"bundle_sell_ids":[],"acf":[],"yoast_head":"<!-- This site is optimized with the Yoast SEO Premium plugin v27.4 (Yoast SEO v27.4) - https:\/\/yoast.com\/product\/yoast-seo-premium-wordpress\/ -->\n<title>Vintage Lollipop stoel - Franti\u0161ek Jir\u00e1k - Van Dijk &amp; Ko<\/title>\n<meta name=\"description\" content=\"Originele Tsjechoslowaakse stoel, ontworpen in de stijl van Franti\u0161ek Jir\u00e1k en gedateerd 22 maart 1963. Met zijn gebogen houten rugleuning met handgreep,\" \/>\n<meta name=\"robots\" content=\"index, follow, max-snippet:-1, max-image-preview:large, max-video-preview:-1\" \/>\n<link rel=\"canonical\" href=\"https:\/\/www.vandijkenko.nl\/de\/product\/vintage-lollipop-stoel-frantisek-jirak-26\/\" \/>\n<meta property=\"og:locale\" content=\"de_DE\" \/>\n<meta property=\"og:type\" content=\"article\" \/>\n<meta property=\"og:title\" content=\"Vintage Lollipop stoel - Franti\u0161ek Jir\u00e1k\" \/>\n<meta property=\"og:description\" content=\"Originele Tsjechoslowaakse stoel, ontworpen in de stijl van Franti\u0161ek Jir\u00e1k en gedateerd 22 maart 1963. Met zijn gebogen houten rugleuning met handgreep,\" \/>\n<meta property=\"og:url\" content=\"https:\/\/www.vandijkenko.nl\/de\/product\/vintage-lollipop-stoel-frantisek-jirak-26\/\" \/>\n<meta property=\"og:site_name\" content=\"Van Dijk &amp; Ko\" \/>\n<meta property=\"article:publisher\" content=\"https:\/\/www.facebook.com\/vandijkenko\/\" \/>\n<meta property=\"article:modified_time\" content=\"2026-02-07T12:11:38+00:00\" \/>\n<meta property=\"og:image\" content=\"https:\/\/www.vandijkenko.nl\/wp-content\/uploads\/2025\/12\/3S0A6597-scaled.jpg\" \/>\n\t<meta property=\"og:image:width\" content=\"2560\" \/>\n\t<meta property=\"og:image:height\" content=\"2560\" \/>\n\t<meta property=\"og:image:type\" content=\"image\/jpeg\" \/>\n<meta name=\"twitter:card\" content=\"summary_large_image\" \/>\n<meta name=\"twitter:label1\" content=\"Preis\" \/>\n\t<meta name=\"twitter:data1\" content=\"&euro; 175,00\" \/>\n\t<meta name=\"twitter:label2\" content=\"Verf\u00fcgbarkeit\" \/>\n\t<meta name=\"twitter:data2\" content=\"Auf Lager\" \/>\n<script type=\"application\/ld+json\" class=\"yoast-schema-graph\">{\"@context\":\"https:\\\/\\\/schema.org\",\"@graph\":[{\"@type\":\"WebPage\",\"@id\":\"https:\\\/\\\/www.vandijkenko.nl\\\/de\\\/product\\\/vintage-lollipop-stoel-frantisek-jirak-26\\\/\",\"url\":\"https:\\\/\\\/www.vandijkenko.nl\\\/de\\\/product\\\/vintage-lollipop-stoel-frantisek-jirak-26\\\/\",\"name\":\"Vintage Lollipop stoel - Franti\u0161ek Jir\u00e1k - Van Dijk &amp; Ko\",\"isPartOf\":{\"@id\":\"https:\\\/\\\/www.vandijkenko.nl\\\/de\\\/#website\"},\"primaryImageOfPage\":{\"@id\":\"https:\\\/\\\/www.vandijkenko.nl\\\/de\\\/product\\\/vintage-lollipop-stoel-frantisek-jirak-26\\\/#primaryimage\"},\"image\":{\"@id\":\"https:\\\/\\\/www.vandijkenko.nl\\\/de\\\/product\\\/vintage-lollipop-stoel-frantisek-jirak-26\\\/#primaryimage\"},\"thumbnailUrl\":\"https:\\\/\\\/www.vandijkenko.nl\\\/wp-content\\\/uploads\\\/2025\\\/12\\\/3S0A6597-scaled.jpg\",\"datePublished\":\"2025-12-29T13:01:49+00:00\",\"dateModified\":\"2026-02-07T12:11:38+00:00\",\"description\":\"Originele Tsjechoslowaakse stoel, ontworpen in de stijl van Franti\u0161ek Jir\u00e1k en gedateerd 22 maart 1963. Met zijn gebogen houten rugleuning met handgreep,\",\"breadcrumb\":{\"@id\":\"https:\\\/\\\/www.vandijkenko.nl\\\/de\\\/product\\\/vintage-lollipop-stoel-frantisek-jirak-26\\\/#breadcrumb\"},\"inLanguage\":\"de\",\"potentialAction\":[{\"@type\":\"ReadAction\",\"target\":[\"https:\\\/\\\/www.vandijkenko.nl\\\/de\\\/product\\\/vintage-lollipop-stoel-frantisek-jirak-26\\\/\"]}]},{\"@type\":\"ImageObject\",\"inLanguage\":\"de\",\"@id\":\"https:\\\/\\\/www.vandijkenko.nl\\\/de\\\/product\\\/vintage-lollipop-stoel-frantisek-jirak-26\\\/#primaryimage\",\"url\":\"https:\\\/\\\/www.vandijkenko.nl\\\/wp-content\\\/uploads\\\/2025\\\/12\\\/3S0A6597-scaled.jpg\",\"contentUrl\":\"https:\\\/\\\/www.vandijkenko.nl\\\/wp-content\\\/uploads\\\/2025\\\/12\\\/3S0A6597-scaled.jpg\",\"width\":2560,\"height\":2560,\"caption\":\"Vintage Lollipop stoel - Franti\u0161ek Jir\u00e1k\"},{\"@type\":\"BreadcrumbList\",\"@id\":\"https:\\\/\\\/www.vandijkenko.nl\\\/de\\\/product\\\/vintage-lollipop-stoel-frantisek-jirak-26\\\/#breadcrumb\",\"itemListElement\":[{\"@type\":\"ListItem\",\"position\":1,\"name\":\"Home\",\"item\":\"https:\\\/\\\/www.vandijkenko.nl\\\/de\\\/\"},{\"@type\":\"ListItem\",\"position\":2,\"name\":\"Vintage Lollipop stoel &#8211; Franti\u0161ek Jir\u00e1k\"}]},{\"@type\":\"WebSite\",\"@id\":\"https:\\\/\\\/www.vandijkenko.nl\\\/de\\\/#website\",\"url\":\"https:\\\/\\\/www.vandijkenko.nl\\\/de\\\/\",\"name\":\"Van Dijk &amp; Ko\",\"description\":\"\",\"publisher\":{\"@id\":\"https:\\\/\\\/www.vandijkenko.nl\\\/de\\\/#organization\"},\"potentialAction\":[{\"@type\":\"SearchAction\",\"target\":{\"@type\":\"EntryPoint\",\"urlTemplate\":\"https:\\\/\\\/www.vandijkenko.nl\\\/de\\\/?s={search_term_string}\"},\"query-input\":{\"@type\":\"PropertyValueSpecification\",\"valueRequired\":true,\"valueName\":\"search_term_string\"}}],\"inLanguage\":\"de\"},{\"@type\":[\"Organization\",\"Place\",\"FurnitureStore\"],\"@id\":\"https:\\\/\\\/www.vandijkenko.nl\\\/de\\\/#organization\",\"name\":\"Van Dijk & Ko\",\"url\":\"https:\\\/\\\/www.vandijkenko.nl\\\/de\\\/\",\"logo\":{\"@id\":\"https:\\\/\\\/www.vandijkenko.nl\\\/de\\\/product\\\/vintage-lollipop-stoel-frantisek-jirak-26\\\/#local-main-organization-logo\"},\"image\":{\"@id\":\"https:\\\/\\\/www.vandijkenko.nl\\\/de\\\/product\\\/vintage-lollipop-stoel-frantisek-jirak-26\\\/#local-main-organization-logo\"},\"sameAs\":[\"https:\\\/\\\/www.facebook.com\\\/vandijkenko\\\/\",\"https:\\\/\\\/www.instagram.com\\\/vandijkenko\\\/\",\"https:\\\/\\\/www.pinterest.co.uk\\\/vandijkko0026\\\/\"],\"address\":{\"@id\":\"https:\\\/\\\/www.vandijkenko.nl\\\/de\\\/product\\\/vintage-lollipop-stoel-frantisek-jirak-26\\\/#local-main-place-address\"},\"geo\":{\"@type\":\"GeoCoordinates\",\"latitude\":\"52.3977911\",\"longitude\":\"4.9042822\"},\"telephone\":[\"+31 20 684 1524\"],\"openingHoursSpecification\":[{\"@type\":\"OpeningHoursSpecification\",\"dayOfWeek\":[\"Monday\"],\"opens\":\"00:00\",\"closes\":\"00:00\"},{\"@type\":\"OpeningHoursSpecification\",\"dayOfWeek\":[\"Tuesday\",\"Wednesday\",\"Thursday\",\"Friday\",\"Saturday\"],\"opens\":\"10:00\",\"closes\":\"18:00\"},{\"@type\":\"OpeningHoursSpecification\",\"dayOfWeek\":[\"Sunday\"],\"opens\":\"12:00\",\"closes\":\"18:00\"}],\"email\":\"info@vandijkenko.nl\"},{\"@type\":\"PostalAddress\",\"@id\":\"https:\\\/\\\/www.vandijkenko.nl\\\/de\\\/product\\\/vintage-lollipop-stoel-frantisek-jirak-26\\\/#local-main-place-address\",\"streetAddress\":\"Papaverweg 46\",\"addressLocality\":\"Amsterdam\",\"postalCode\":\"1032 KJ\",\"addressRegion\":\"Noord-holland\",\"addressCountry\":\"NL\"},{\"@type\":\"ImageObject\",\"inLanguage\":\"de\",\"@id\":\"https:\\\/\\\/www.vandijkenko.nl\\\/de\\\/product\\\/vintage-lollipop-stoel-frantisek-jirak-26\\\/#local-main-organization-logo\",\"url\":\"https:\\\/\\\/www.vandijkenko.nl\\\/wp-content\\\/uploads\\\/2019\\\/09\\\/VanDijkenKologo.jpg\",\"contentUrl\":\"https:\\\/\\\/www.vandijkenko.nl\\\/wp-content\\\/uploads\\\/2019\\\/09\\\/VanDijkenKologo.jpg\",\"width\":320,\"height\":320,\"caption\":\"Van Dijk & Ko\"}]}<\/script>\n<meta property=\"product:price:amount\" content=\"175.00\" \/>\n<meta property=\"product:price:currency\" content=\"EUR\" \/>\n<meta property=\"og:availability\" content=\"instock\" \/>\n<meta property=\"product:availability\" content=\"instock\" \/>\n<meta property=\"product:retailer_item_id\" content=\"stoel 8042 marge\" \/>\n<meta property=\"product:condition\" content=\"new\" \/>\n<meta name=\"geo.placename\" content=\"Amsterdam\" \/>\n<meta name=\"geo.position\" content=\"52.3977911;4.9042822\" \/>\n<meta name=\"geo.region\" content=\"Niederlande\" \/>\n<!-- \/ Yoast SEO Premium plugin. -->","yoast_head_json":{"title":"Vintage Lollipop stoel - Franti\u0161ek Jir\u00e1k - Van Dijk &amp; Ko","description":"Originele Tsjechoslowaakse stoel, ontworpen in de stijl van Franti\u0161ek Jir\u00e1k en gedateerd 22 maart 1963. Met zijn gebogen houten rugleuning met handgreep,","robots":{"index":"index","follow":"follow","max-snippet":"max-snippet:-1","max-image-preview":"max-image-preview:large","max-video-preview":"max-video-preview:-1"},"canonical":"https:\/\/www.vandijkenko.nl\/de\/product\/vintage-lollipop-stoel-frantisek-jirak-26\/","og_locale":"de_DE","og_type":"article","og_title":"Vintage Lollipop stoel - Franti\u0161ek Jir\u00e1k","og_description":"Originele Tsjechoslowaakse stoel, ontworpen in de stijl van Franti\u0161ek Jir\u00e1k en gedateerd 22 maart 1963. Met zijn gebogen houten rugleuning met handgreep,","og_url":"https:\/\/www.vandijkenko.nl\/de\/product\/vintage-lollipop-stoel-frantisek-jirak-26\/","og_site_name":"Van Dijk &amp; Ko","article_publisher":"https:\/\/www.facebook.com\/vandijkenko\/","article_modified_time":"2026-02-07T12:11:38+00:00","og_image":[{"width":2560,"height":2560,"url":"https:\/\/www.vandijkenko.nl\/wp-content\/uploads\/2025\/12\/3S0A6597-scaled.jpg","type":"image\/jpeg"}],"twitter_card":"summary_large_image","twitter_misc":{"Preis":"&euro; 175,00","Verf\u00fcgbarkeit":"Auf Lager"},"schema":{"@context":"https:\/\/schema.org","@graph":[{"@type":"WebPage","@id":"https:\/\/www.vandijkenko.nl\/de\/product\/vintage-lollipop-stoel-frantisek-jirak-26\/","url":"https:\/\/www.vandijkenko.nl\/de\/product\/vintage-lollipop-stoel-frantisek-jirak-26\/","name":"Vintage Lollipop stoel - Franti\u0161ek Jir\u00e1k - Van Dijk &amp; Ko","isPartOf":{"@id":"https:\/\/www.vandijkenko.nl\/de\/#website"},"primaryImageOfPage":{"@id":"https:\/\/www.vandijkenko.nl\/de\/product\/vintage-lollipop-stoel-frantisek-jirak-26\/#primaryimage"},"image":{"@id":"https:\/\/www.vandijkenko.nl\/de\/product\/vintage-lollipop-stoel-frantisek-jirak-26\/#primaryimage"},"thumbnailUrl":"https:\/\/www.vandijkenko.nl\/wp-content\/uploads\/2025\/12\/3S0A6597-scaled.jpg","datePublished":"2025-12-29T13:01:49+00:00","dateModified":"2026-02-07T12:11:38+00:00","description":"Originele Tsjechoslowaakse stoel, ontworpen in de stijl van Franti\u0161ek Jir\u00e1k en gedateerd 22 maart 1963. Met zijn gebogen houten rugleuning met handgreep,","breadcrumb":{"@id":"https:\/\/www.vandijkenko.nl\/de\/product\/vintage-lollipop-stoel-frantisek-jirak-26\/#breadcrumb"},"inLanguage":"de","potentialAction":[{"@type":"ReadAction","target":["https:\/\/www.vandijkenko.nl\/de\/product\/vintage-lollipop-stoel-frantisek-jirak-26\/"]}]},{"@type":"ImageObject","inLanguage":"de","@id":"https:\/\/www.vandijkenko.nl\/de\/product\/vintage-lollipop-stoel-frantisek-jirak-26\/#primaryimage","url":"https:\/\/www.vandijkenko.nl\/wp-content\/uploads\/2025\/12\/3S0A6597-scaled.jpg","contentUrl":"https:\/\/www.vandijkenko.nl\/wp-content\/uploads\/2025\/12\/3S0A6597-scaled.jpg","width":2560,"height":2560,"caption":"Vintage Lollipop stoel - Franti\u0161ek Jir\u00e1k"},{"@type":"BreadcrumbList","@id":"https:\/\/www.vandijkenko.nl\/de\/product\/vintage-lollipop-stoel-frantisek-jirak-26\/#breadcrumb","itemListElement":[{"@type":"ListItem","position":1,"name":"Home","item":"https:\/\/www.vandijkenko.nl\/de\/"},{"@type":"ListItem","position":2,"name":"Vintage Lollipop stoel &#8211; Franti\u0161ek Jir\u00e1k"}]},{"@type":"WebSite","@id":"https:\/\/www.vandijkenko.nl\/de\/#website","url":"https:\/\/www.vandijkenko.nl\/de\/","name":"Van Dijk &amp; Ko","description":"","publisher":{"@id":"https:\/\/www.vandijkenko.nl\/de\/#organization"},"potentialAction":[{"@type":"SearchAction","target":{"@type":"EntryPoint","urlTemplate":"https:\/\/www.vandijkenko.nl\/de\/?s={search_term_string}"},"query-input":{"@type":"PropertyValueSpecification","valueRequired":true,"valueName":"search_term_string"}}],"inLanguage":"de"},{"@type":["Organization","Place","FurnitureStore"],"@id":"https:\/\/www.vandijkenko.nl\/de\/#organization","name":"Van Dijk & Ko","url":"https:\/\/www.vandijkenko.nl\/de\/","logo":{"@id":"https:\/\/www.vandijkenko.nl\/de\/product\/vintage-lollipop-stoel-frantisek-jirak-26\/#local-main-organization-logo"},"image":{"@id":"https:\/\/www.vandijkenko.nl\/de\/product\/vintage-lollipop-stoel-frantisek-jirak-26\/#local-main-organization-logo"},"sameAs":["https:\/\/www.facebook.com\/vandijkenko\/","https:\/\/www.instagram.com\/vandijkenko\/","https:\/\/www.pinterest.co.uk\/vandijkko0026\/"],"address":{"@id":"https:\/\/www.vandijkenko.nl\/de\/product\/vintage-lollipop-stoel-frantisek-jirak-26\/#local-main-place-address"},"geo":{"@type":"GeoCoordinates","latitude":"52.3977911","longitude":"4.9042822"},"telephone":["+31 20 684 1524"],"openingHoursSpecification":[{"@type":"OpeningHoursSpecification","dayOfWeek":["Monday"],"opens":"00:00","closes":"00:00"},{"@type":"OpeningHoursSpecification","dayOfWeek":["Tuesday","Wednesday","Thursday","Friday","Saturday"],"opens":"10:00","closes":"18:00"},{"@type":"OpeningHoursSpecification","dayOfWeek":["Sunday"],"opens":"12:00","closes":"18:00"}],"email":"info@vandijkenko.nl"},{"@type":"PostalAddress","@id":"https:\/\/www.vandijkenko.nl\/de\/product\/vintage-lollipop-stoel-frantisek-jirak-26\/#local-main-place-address","streetAddress":"Papaverweg 46","addressLocality":"Amsterdam","postalCode":"1032 KJ","addressRegion":"Noord-holland","addressCountry":"NL"},{"@type":"ImageObject","inLanguage":"de","@id":"https:\/\/www.vandijkenko.nl\/de\/product\/vintage-lollipop-stoel-frantisek-jirak-26\/#local-main-organization-logo","url":"https:\/\/www.vandijkenko.nl\/wp-content\/uploads\/2019\/09\/VanDijkenKologo.jpg","contentUrl":"https:\/\/www.vandijkenko.nl\/wp-content\/uploads\/2019\/09\/VanDijkenKologo.jpg","width":320,"height":320,"caption":"Van Dijk & Ko"}]},"product_price_amount":"175.00","product_price_currency":"EUR","og_availability":"instock","product_availability":"instock","product_retailer_item_id":"stoel 8042 marge","product_condition":"new","geo.placename":"Amsterdam","geo.position":{"lat":"52.3977911","long":"4.9042822"},"geo.region":"Niederlande"},"_links":{"self":[{"href":"https:\/\/www.vandijkenko.nl\/de\/wp-json\/wp\/v2\/product\/1021722","targetHints":{"allow":["GET"]}}],"collection":[{"href":"https:\/\/www.vandijkenko.nl\/de\/wp-json\/wp\/v2\/product"}],"about":[{"href":"https:\/\/www.vandijkenko.nl\/de\/wp-json\/wp\/v2\/types\/product"}],"replies":[{"embeddable":true,"href":"https:\/\/www.vandijkenko.nl\/de\/wp-json\/wp\/v2\/comments?post=1021722"}],"wp:featuredmedia":[{"embeddable":true,"href":"https:\/\/www.vandijkenko.nl\/de\/wp-json\/wp\/v2\/media\/1021570"}],"wp:attachment":[{"href":"https:\/\/www.vandijkenko.nl\/de\/wp-json\/wp\/v2\/media?parent=1021722"}],"wp:term":[{"taxonomy":"product_brand","embeddable":true,"href":"https:\/\/www.vandijkenko.nl\/de\/wp-json\/wp\/v2\/product_brand?post=1021722"},{"taxonomy":"product_cat","embeddable":true,"href":"https:\/\/www.vandijkenko.nl\/de\/wp-json\/wp\/v2\/product_cat?post=1021722"},{"taxonomy":"product_tag","embeddable":true,"href":"https:\/\/www.vandijkenko.nl\/de\/wp-json\/wp\/v2\/product_tag?post=1021722"}],"curies":[{"name":"wp","href":"https:\/\/api.w.org\/{rel}","templated":true}]}}