{"id":1023059,"date":"2026-01-16T11:14:38","date_gmt":"2026-01-16T10:14:38","guid":{"rendered":"https:\/\/www.vandijkenko.nl\/?post_type=product&#038;p=1023059"},"modified":"2026-01-16T11:28:45","modified_gmt":"2026-01-16T10:28:45","slug":"vintage-kledingkast-up-zavody","status":"publish","type":"product","link":"https:\/\/www.vandijkenko.nl\/de\/product\/vintage-kledingkast-up-zavody\/","title":{"rendered":"Vintage kledingkast &#8211; UP Z\u00e1vody"},"content":{"rendered":"<div class=\"wpb-content-wrapper\"><p>[vc_row][vc_column][vc_column_text css=&#8220;&#8220;]<\/p>\n<p class=\"p1\">Prachtige vintage kledingkast uit 1982 van UP Z\u00e1vody Bu\u010dovice, uitgevoerd in warm mahoniehout.Het slanke model met vijf laden en elegante handgrepen geeft een echte mid-century uitstraling en is perfect voor slaapkamer, hal of atelier. De kast heeft een mooie originele uitstraling met een fijne houttekening en veel praktische opbergruimte.Er zijn enkele gebruikssporen zichtbaar (o.a. slijtage aan handgrepen en een kleine beschadiging aan een hoek), passend bij de leeftijd.<\/p>\n<p>&nbsp;<\/p>\n<p>Afmetingen (lxdxh) 60 x 60 x 162 cm<\/p>\n<p>&nbsp;<\/p>\n<p>Net iets anders in gedachten? Onze loods staat bomvol mooie vintage &amp; brocante items! Kom dus snel langs in onze <a href=\"https:\/\/www.vandijkenko.nl\/contact\/\">winkel \ud83d\ude42<\/a><\/p>\n<p>&nbsp;<\/p>\n<p>Dit is kast nummer 8094[\/vc_column_text][\/vc_column][\/vc_row]<\/p>\n<\/div>","protected":false},"excerpt":{"rendered":"<p><i class=\"fa fa-check-circle\"><\/i> Fysieke winkel<\/p>\n<p><i class=\"fa fa-check-circle\"><\/i> Gratis afhalen<\/p>\n<p><i class=\"fa fa-check-circle\"><\/i> Bezorging in heel NL<\/p>\n","protected":false},"featured_media":1022982,"comment_status":"closed","ping_status":"closed","template":"","meta":{"_acf_changed":false},"product_brand":[],"product_cat":[1760,18,1755,2698],"product_tag":[54,170,196,2550,3753,3778,4271,2205,208,1492,4409],"class_list":{"0":"post-1023059","1":"product","2":"type-product","3":"status-publish","4":"has-post-thumbnail","6":"product_cat-bekijk-alle-kasten","7":"product_cat-kasten","8":"product_cat-kledingkasten-linnenkasten","9":"product_cat-vintage-design","10":"product_tag-kast","11":"product_tag-kledingkast","12":"product_tag-linnenkast","13":"product_tag-mid-century","14":"product_tag-tsjechoslowaakse","15":"product_tag-up-zavody","16":"product_tag-up-zavody-bucovice","17":"product_tag-van-dijk-ko","18":"product_tag-vintage","19":"product_tag-vintage-kledingkast","20":"product_tag-vintage-kledingkast-mid-century","21":"pa_kleur-bruin","22":"pa_materiaal-hout","24":"first","25":"instock","26":"taxable","27":"shipping-taxable","28":"purchasable","29":"product-type-simple"},"bundled_by":[],"bundle_stock_status":"instock","bundle_stock_quantity":1,"bundle_virtual":false,"bundle_layout":"","bundle_add_to_cart_form_location":"","bundle_editable_in_cart":false,"bundle_sold_individually_context":"","bundle_item_grouping":"","bundle_min_size":"","bundle_max_size":"","bundle_price":[],"bundled_items":[],"bundle_sell_ids":[],"acf":[],"yoast_head":"<!-- This site is optimized with the Yoast SEO Premium plugin v27.1 (Yoast SEO v27.1.1) - https:\/\/yoast.com\/product\/yoast-seo-premium-wordpress\/ -->\n<title>Vintage kledingkast - UP Z\u00e1vody - Van Dijk &amp; Ko<\/title>\n<meta name=\"description\" content=\"Prachtige vintage kledingkast uit 1982 van UP Z\u00e1vody Bu\u010dovice, uitgevoerd in warm mahoniehout.Het slanke model met vijf laden en elegante handgrepen\" \/>\n<meta name=\"robots\" content=\"index, follow, max-snippet:-1, max-image-preview:large, max-video-preview:-1\" \/>\n<link rel=\"canonical\" href=\"https:\/\/www.vandijkenko.nl\/de\/product\/vintage-kledingkast-up-zavody\/\" \/>\n<meta property=\"og:locale\" content=\"de_DE\" \/>\n<meta property=\"og:type\" content=\"article\" \/>\n<meta property=\"og:title\" content=\"Vintage kledingkast - UP Z\u00e1vody\" \/>\n<meta property=\"og:description\" content=\"Prachtige vintage kledingkast uit 1982 van UP Z\u00e1vody Bu\u010dovice, uitgevoerd in warm mahoniehout.Het slanke model met vijf laden en elegante handgrepen\" \/>\n<meta property=\"og:url\" content=\"https:\/\/www.vandijkenko.nl\/de\/product\/vintage-kledingkast-up-zavody\/\" \/>\n<meta property=\"og:site_name\" content=\"Van Dijk &amp; Ko\" \/>\n<meta property=\"article:publisher\" content=\"https:\/\/www.facebook.com\/vandijkenko\/\" \/>\n<meta property=\"article:modified_time\" content=\"2026-01-16T10:28:45+00:00\" \/>\n<meta property=\"og:image\" content=\"https:\/\/www.vandijkenko.nl\/wp-content\/uploads\/2026\/01\/3S0A8992-scaled.jpg\" \/>\n\t<meta property=\"og:image:width\" content=\"2560\" \/>\n\t<meta property=\"og:image:height\" content=\"2560\" \/>\n\t<meta property=\"og:image:type\" content=\"image\/jpeg\" \/>\n<meta name=\"twitter:card\" content=\"summary_large_image\" \/>\n<meta name=\"twitter:label1\" content=\"Preis\" \/>\n\t<meta name=\"twitter:data1\" content=\"&euro; 495,00\" \/>\n\t<meta name=\"twitter:label2\" content=\"Verf\u00fcgbarkeit\" \/>\n\t<meta name=\"twitter:data2\" content=\"Auf Lager\" \/>\n<script type=\"application\/ld+json\" class=\"yoast-schema-graph\">{\"@context\":\"https:\/\/schema.org\",\"@graph\":[{\"@type\":\"WebPage\",\"@id\":\"https:\/\/www.vandijkenko.nl\/de\/product\/vintage-kledingkast-up-zavody\/\",\"url\":\"https:\/\/www.vandijkenko.nl\/de\/product\/vintage-kledingkast-up-zavody\/\",\"name\":\"Vintage kledingkast - UP Z\u00e1vody - Van Dijk &amp; Ko\",\"isPartOf\":{\"@id\":\"https:\/\/www.vandijkenko.nl\/de\/#website\"},\"primaryImageOfPage\":{\"@id\":\"https:\/\/www.vandijkenko.nl\/de\/product\/vintage-kledingkast-up-zavody\/#primaryimage\"},\"image\":{\"@id\":\"https:\/\/www.vandijkenko.nl\/de\/product\/vintage-kledingkast-up-zavody\/#primaryimage\"},\"thumbnailUrl\":\"https:\/\/www.vandijkenko.nl\/wp-content\/uploads\/2026\/01\/3S0A8992-scaled.jpg\",\"datePublished\":\"2026-01-16T10:14:38+00:00\",\"dateModified\":\"2026-01-16T10:28:45+00:00\",\"description\":\"Prachtige vintage kledingkast uit 1982 van UP Z\u00e1vody Bu\u010dovice, uitgevoerd in warm mahoniehout.Het slanke model met vijf laden en elegante handgrepen\",\"breadcrumb\":{\"@id\":\"https:\/\/www.vandijkenko.nl\/de\/product\/vintage-kledingkast-up-zavody\/#breadcrumb\"},\"inLanguage\":\"de\",\"potentialAction\":[{\"@type\":\"ReadAction\",\"target\":[\"https:\/\/www.vandijkenko.nl\/de\/product\/vintage-kledingkast-up-zavody\/\"]}]},{\"@type\":\"ImageObject\",\"inLanguage\":\"de\",\"@id\":\"https:\/\/www.vandijkenko.nl\/de\/product\/vintage-kledingkast-up-zavody\/#primaryimage\",\"url\":\"https:\/\/www.vandijkenko.nl\/wp-content\/uploads\/2026\/01\/3S0A8992-scaled.jpg\",\"contentUrl\":\"https:\/\/www.vandijkenko.nl\/wp-content\/uploads\/2026\/01\/3S0A8992-scaled.jpg\",\"width\":2560,\"height\":2560,\"caption\":\"Vintage kledingkast - UP Z\u00e1vody\"},{\"@type\":\"BreadcrumbList\",\"@id\":\"https:\/\/www.vandijkenko.nl\/de\/product\/vintage-kledingkast-up-zavody\/#breadcrumb\",\"itemListElement\":[{\"@type\":\"ListItem\",\"position\":1,\"name\":\"Home\",\"item\":\"https:\/\/www.vandijkenko.nl\/de\/\"},{\"@type\":\"ListItem\",\"position\":2,\"name\":\"Vintage kledingkast &#8211; UP Z\u00e1vody\"}]},{\"@type\":\"WebSite\",\"@id\":\"https:\/\/www.vandijkenko.nl\/de\/#website\",\"url\":\"https:\/\/www.vandijkenko.nl\/de\/\",\"name\":\"Van Dijk &amp; Ko\",\"description\":\"\",\"publisher\":{\"@id\":\"https:\/\/www.vandijkenko.nl\/de\/#organization\"},\"potentialAction\":[{\"@type\":\"SearchAction\",\"target\":{\"@type\":\"EntryPoint\",\"urlTemplate\":\"https:\/\/www.vandijkenko.nl\/de\/?s={search_term_string}\"},\"query-input\":{\"@type\":\"PropertyValueSpecification\",\"valueRequired\":true,\"valueName\":\"search_term_string\"}}],\"inLanguage\":\"de\"},{\"@type\":[\"Organization\",\"Place\",\"FurnitureStore\"],\"@id\":\"https:\/\/www.vandijkenko.nl\/de\/#organization\",\"name\":\"Van Dijk & Ko\",\"url\":\"https:\/\/www.vandijkenko.nl\/de\/\",\"logo\":{\"@id\":\"https:\/\/www.vandijkenko.nl\/de\/product\/vintage-kledingkast-up-zavody\/#local-main-organization-logo\"},\"image\":{\"@id\":\"https:\/\/www.vandijkenko.nl\/de\/product\/vintage-kledingkast-up-zavody\/#local-main-organization-logo\"},\"sameAs\":[\"https:\/\/www.facebook.com\/vandijkenko\/\",\"https:\/\/www.instagram.com\/vandijkenko\/\",\"https:\/\/www.pinterest.co.uk\/vandijkko0026\/\"],\"address\":{\"@id\":\"https:\/\/www.vandijkenko.nl\/de\/product\/vintage-kledingkast-up-zavody\/#local-main-place-address\"},\"geo\":{\"@type\":\"GeoCoordinates\",\"latitude\":\"52.3977911\",\"longitude\":\"4.9042822\"},\"telephone\":[\"+31 20 684 1524\"],\"openingHoursSpecification\":[{\"@type\":\"OpeningHoursSpecification\",\"dayOfWeek\":[\"Monday\"],\"opens\":\"00:00\",\"closes\":\"00:00\"},{\"@type\":\"OpeningHoursSpecification\",\"dayOfWeek\":[\"Tuesday\",\"Wednesday\",\"Thursday\",\"Friday\",\"Saturday\"],\"opens\":\"10:00\",\"closes\":\"18:00\"},{\"@type\":\"OpeningHoursSpecification\",\"dayOfWeek\":[\"Sunday\"],\"opens\":\"12:00\",\"closes\":\"18:00\"}],\"email\":\"info@vandijkenko.nl\"},{\"@type\":\"PostalAddress\",\"@id\":\"https:\/\/www.vandijkenko.nl\/de\/product\/vintage-kledingkast-up-zavody\/#local-main-place-address\",\"streetAddress\":\"Papaverweg 46\",\"addressLocality\":\"Amsterdam\",\"postalCode\":\"1032 KJ\",\"addressRegion\":\"Noord-holland\",\"addressCountry\":\"NL\"},{\"@type\":\"ImageObject\",\"inLanguage\":\"de\",\"@id\":\"https:\/\/www.vandijkenko.nl\/de\/product\/vintage-kledingkast-up-zavody\/#local-main-organization-logo\",\"url\":\"https:\/\/www.vandijkenko.nl\/wp-content\/uploads\/2019\/09\/VanDijkenKologo.jpg\",\"contentUrl\":\"https:\/\/www.vandijkenko.nl\/wp-content\/uploads\/2019\/09\/VanDijkenKologo.jpg\",\"width\":320,\"height\":320,\"caption\":\"Van Dijk & Ko\"}]}<\/script>\n<meta property=\"product:price:amount\" content=\"495.00\" \/>\n<meta property=\"product:price:currency\" content=\"EUR\" \/>\n<meta property=\"og:availability\" content=\"instock\" \/>\n<meta property=\"product:availability\" content=\"instock\" \/>\n<meta property=\"product:retailer_item_id\" content=\"kast 8094\" \/>\n<meta property=\"product:condition\" content=\"new\" \/>\n<meta name=\"geo.placename\" content=\"Amsterdam\" \/>\n<meta name=\"geo.position\" content=\"52.3977911;4.9042822\" \/>\n<meta name=\"geo.region\" content=\"Niederlande\" \/>\n<!-- \/ Yoast SEO Premium plugin. -->","yoast_head_json":{"title":"Vintage kledingkast - UP Z\u00e1vody - Van Dijk &amp; Ko","description":"Prachtige vintage kledingkast uit 1982 van UP Z\u00e1vody Bu\u010dovice, uitgevoerd in warm mahoniehout.Het slanke model met vijf laden en elegante handgrepen","robots":{"index":"index","follow":"follow","max-snippet":"max-snippet:-1","max-image-preview":"max-image-preview:large","max-video-preview":"max-video-preview:-1"},"canonical":"https:\/\/www.vandijkenko.nl\/de\/product\/vintage-kledingkast-up-zavody\/","og_locale":"de_DE","og_type":"article","og_title":"Vintage kledingkast - UP Z\u00e1vody","og_description":"Prachtige vintage kledingkast uit 1982 van UP Z\u00e1vody Bu\u010dovice, uitgevoerd in warm mahoniehout.Het slanke model met vijf laden en elegante handgrepen","og_url":"https:\/\/www.vandijkenko.nl\/de\/product\/vintage-kledingkast-up-zavody\/","og_site_name":"Van Dijk &amp; Ko","article_publisher":"https:\/\/www.facebook.com\/vandijkenko\/","article_modified_time":"2026-01-16T10:28:45+00:00","og_image":[{"width":2560,"height":2560,"url":"https:\/\/www.vandijkenko.nl\/wp-content\/uploads\/2026\/01\/3S0A8992-scaled.jpg","type":"image\/jpeg"}],"twitter_card":"summary_large_image","twitter_misc":{"Preis":"&euro; 495,00","Verf\u00fcgbarkeit":"Auf Lager"},"schema":{"@context":"https:\/\/schema.org","@graph":[{"@type":"WebPage","@id":"https:\/\/www.vandijkenko.nl\/de\/product\/vintage-kledingkast-up-zavody\/","url":"https:\/\/www.vandijkenko.nl\/de\/product\/vintage-kledingkast-up-zavody\/","name":"Vintage kledingkast - UP Z\u00e1vody - Van Dijk &amp; Ko","isPartOf":{"@id":"https:\/\/www.vandijkenko.nl\/de\/#website"},"primaryImageOfPage":{"@id":"https:\/\/www.vandijkenko.nl\/de\/product\/vintage-kledingkast-up-zavody\/#primaryimage"},"image":{"@id":"https:\/\/www.vandijkenko.nl\/de\/product\/vintage-kledingkast-up-zavody\/#primaryimage"},"thumbnailUrl":"https:\/\/www.vandijkenko.nl\/wp-content\/uploads\/2026\/01\/3S0A8992-scaled.jpg","datePublished":"2026-01-16T10:14:38+00:00","dateModified":"2026-01-16T10:28:45+00:00","description":"Prachtige vintage kledingkast uit 1982 van UP Z\u00e1vody Bu\u010dovice, uitgevoerd in warm mahoniehout.Het slanke model met vijf laden en elegante handgrepen","breadcrumb":{"@id":"https:\/\/www.vandijkenko.nl\/de\/product\/vintage-kledingkast-up-zavody\/#breadcrumb"},"inLanguage":"de","potentialAction":[{"@type":"ReadAction","target":["https:\/\/www.vandijkenko.nl\/de\/product\/vintage-kledingkast-up-zavody\/"]}]},{"@type":"ImageObject","inLanguage":"de","@id":"https:\/\/www.vandijkenko.nl\/de\/product\/vintage-kledingkast-up-zavody\/#primaryimage","url":"https:\/\/www.vandijkenko.nl\/wp-content\/uploads\/2026\/01\/3S0A8992-scaled.jpg","contentUrl":"https:\/\/www.vandijkenko.nl\/wp-content\/uploads\/2026\/01\/3S0A8992-scaled.jpg","width":2560,"height":2560,"caption":"Vintage kledingkast - UP Z\u00e1vody"},{"@type":"BreadcrumbList","@id":"https:\/\/www.vandijkenko.nl\/de\/product\/vintage-kledingkast-up-zavody\/#breadcrumb","itemListElement":[{"@type":"ListItem","position":1,"name":"Home","item":"https:\/\/www.vandijkenko.nl\/de\/"},{"@type":"ListItem","position":2,"name":"Vintage kledingkast &#8211; UP Z\u00e1vody"}]},{"@type":"WebSite","@id":"https:\/\/www.vandijkenko.nl\/de\/#website","url":"https:\/\/www.vandijkenko.nl\/de\/","name":"Van Dijk &amp; Ko","description":"","publisher":{"@id":"https:\/\/www.vandijkenko.nl\/de\/#organization"},"potentialAction":[{"@type":"SearchAction","target":{"@type":"EntryPoint","urlTemplate":"https:\/\/www.vandijkenko.nl\/de\/?s={search_term_string}"},"query-input":{"@type":"PropertyValueSpecification","valueRequired":true,"valueName":"search_term_string"}}],"inLanguage":"de"},{"@type":["Organization","Place","FurnitureStore"],"@id":"https:\/\/www.vandijkenko.nl\/de\/#organization","name":"Van Dijk & Ko","url":"https:\/\/www.vandijkenko.nl\/de\/","logo":{"@id":"https:\/\/www.vandijkenko.nl\/de\/product\/vintage-kledingkast-up-zavody\/#local-main-organization-logo"},"image":{"@id":"https:\/\/www.vandijkenko.nl\/de\/product\/vintage-kledingkast-up-zavody\/#local-main-organization-logo"},"sameAs":["https:\/\/www.facebook.com\/vandijkenko\/","https:\/\/www.instagram.com\/vandijkenko\/","https:\/\/www.pinterest.co.uk\/vandijkko0026\/"],"address":{"@id":"https:\/\/www.vandijkenko.nl\/de\/product\/vintage-kledingkast-up-zavody\/#local-main-place-address"},"geo":{"@type":"GeoCoordinates","latitude":"52.3977911","longitude":"4.9042822"},"telephone":["+31 20 684 1524"],"openingHoursSpecification":[{"@type":"OpeningHoursSpecification","dayOfWeek":["Monday"],"opens":"00:00","closes":"00:00"},{"@type":"OpeningHoursSpecification","dayOfWeek":["Tuesday","Wednesday","Thursday","Friday","Saturday"],"opens":"10:00","closes":"18:00"},{"@type":"OpeningHoursSpecification","dayOfWeek":["Sunday"],"opens":"12:00","closes":"18:00"}],"email":"info@vandijkenko.nl"},{"@type":"PostalAddress","@id":"https:\/\/www.vandijkenko.nl\/de\/product\/vintage-kledingkast-up-zavody\/#local-main-place-address","streetAddress":"Papaverweg 46","addressLocality":"Amsterdam","postalCode":"1032 KJ","addressRegion":"Noord-holland","addressCountry":"NL"},{"@type":"ImageObject","inLanguage":"de","@id":"https:\/\/www.vandijkenko.nl\/de\/product\/vintage-kledingkast-up-zavody\/#local-main-organization-logo","url":"https:\/\/www.vandijkenko.nl\/wp-content\/uploads\/2019\/09\/VanDijkenKologo.jpg","contentUrl":"https:\/\/www.vandijkenko.nl\/wp-content\/uploads\/2019\/09\/VanDijkenKologo.jpg","width":320,"height":320,"caption":"Van Dijk & Ko"}]},"product_price_amount":"495.00","product_price_currency":"EUR","og_availability":"instock","product_availability":"instock","product_retailer_item_id":"kast 8094","product_condition":"new","geo.placename":"Amsterdam","geo.position":{"lat":"52.3977911","long":"4.9042822"},"geo.region":"Niederlande"},"_links":{"self":[{"href":"https:\/\/www.vandijkenko.nl\/de\/wp-json\/wp\/v2\/product\/1023059","targetHints":{"allow":["GET"]}}],"collection":[{"href":"https:\/\/www.vandijkenko.nl\/de\/wp-json\/wp\/v2\/product"}],"about":[{"href":"https:\/\/www.vandijkenko.nl\/de\/wp-json\/wp\/v2\/types\/product"}],"replies":[{"embeddable":true,"href":"https:\/\/www.vandijkenko.nl\/de\/wp-json\/wp\/v2\/comments?post=1023059"}],"wp:featuredmedia":[{"embeddable":true,"href":"https:\/\/www.vandijkenko.nl\/de\/wp-json\/wp\/v2\/media\/1022982"}],"wp:attachment":[{"href":"https:\/\/www.vandijkenko.nl\/de\/wp-json\/wp\/v2\/media?parent=1023059"}],"wp:term":[{"taxonomy":"product_brand","embeddable":true,"href":"https:\/\/www.vandijkenko.nl\/de\/wp-json\/wp\/v2\/product_brand?post=1023059"},{"taxonomy":"product_cat","embeddable":true,"href":"https:\/\/www.vandijkenko.nl\/de\/wp-json\/wp\/v2\/product_cat?post=1023059"},{"taxonomy":"product_tag","embeddable":true,"href":"https:\/\/www.vandijkenko.nl\/de\/wp-json\/wp\/v2\/product_tag?post=1023059"}],"curies":[{"name":"wp","href":"https:\/\/api.w.org\/{rel}","templated":true}]}}