{"id":1026761,"date":"2026-02-27T10:31:19","date_gmt":"2026-02-27T09:31:19","guid":{"rendered":"https:\/\/www.vandijkenko.nl\/?post_type=product&#038;p=1026761"},"modified":"2026-02-27T10:36:21","modified_gmt":"2026-02-27T09:36:21","slug":"mid-century-opbergkist-jitona","status":"publish","type":"product","link":"https:\/\/www.vandijkenko.nl\/de\/product\/mid-century-opbergkist-jitona\/","title":{"rendered":"Mid-century opbergkist &#8211; Jitona"},"content":{"rendered":"<p class=\"p1\">Vintage opbergkist van Jitona, jaren \u201960, met prachtig doorlopend houtfineer en elegante taps toelopende pootjes. Oorspronkelijk ontworpen als \u201csk\u0159\u00ed\u0148ka na lo\u017ekoviny\u201d \u2014 een linnenkist voor beddengoed \u2014 maar vandaag perfect als speelgoedkist, halmeubel of stijlvol opbergmeubel in de woonkamer. De afgeronde hoeken en subtiele metalen rand geven het geheel een verfijnde mid-century uitstraling. Een authentiek stuk met originele fabriekssticker, vol karakter en tijdloze eenvoud.<\/p>\n<p>&nbsp;<\/p>\n<p>Afmetingen (lxdxh) 87 x 38 x 78 cm.<\/p>\n<p>&nbsp;<\/p>\n<p>Net niet wat je zoekt? In onze winkel in Zaandam vind je veel unieke kasten, waaronder een grote collectie onderkasten, kaptafels, commodes &amp; dressoirs. Houd onze webshop in de gaten of kom gezellig <a href=\"https:\/\/www.vandijkenko.nl\/contact\/\">langs!<\/a><\/p>\n<p>&nbsp;<\/p>\n<p>Dit is kast nummer 8206<\/p>\n","protected":false},"excerpt":{"rendered":"<p><i class=\"fa fa-check-circle\"><\/i>\u00a0Fysieke winkel<\/p>\n<p><i class=\"fa fa-check-circle\"><\/i>\u00a0Gratis afhalen<\/p>\n<p><i class=\"fa fa-check-circle\"><\/i>\u00a0We bezorgen in heel NL<\/p>\n","protected":false},"featured_media":1026589,"comment_status":"open","ping_status":"closed","template":"","meta":{"_acf_changed":false},"product_brand":[],"product_cat":[1760,1761,18,1762,2698],"product_tag":[633,169,3444,2154,2550,4301,4479,3780,208,1629,296,683],"class_list":{"0":"post-1026761","1":"product","2":"type-product","3":"status-publish","4":"has-post-thumbnail","6":"product_cat-bekijk-alle-kasten","7":"product_cat-dressoirs-commodes","8":"product_cat-kasten","9":"product_cat-kasten-overige","10":"product_cat-vintage-design","11":"product_tag-dekenkast","12":"product_tag-dressoir","13":"product_tag-jitona","14":"product_tag-kussenkast","15":"product_tag-mid-century","16":"product_tag-mid-century-dekenkast","17":"product_tag-mid-century-opbergkist-jitona","18":"product_tag-tsjechoslowakije","19":"product_tag-vintage","20":"product_tag-vintage-dressoir","21":"product_tag-wandkast","22":"product_tag-wandmeubel","23":"pa_kleur-bruin","24":"pa_materiaal-hout","25":"pa_soort-kast-dekenkast","26":"pa_soort-kast-dressoir","27":"pa_soort-kast-vintage-kast","28":"pa_soort-kast-wandkast","30":"first","31":"instock","32":"featured","33":"sold-individually","34":"taxable","35":"shipping-taxable","36":"purchasable","37":"product-type-simple"},"bundled_by":[],"bundle_stock_status":"instock","bundle_stock_quantity":1,"bundle_virtual":false,"bundle_layout":"","bundle_add_to_cart_form_location":"","bundle_editable_in_cart":false,"bundle_sold_individually_context":"","bundle_item_grouping":"","bundle_min_size":"","bundle_max_size":"","bundle_price":[],"bundled_items":[],"bundle_sell_ids":[],"acf":[],"yoast_head":"<!-- This site is optimized with the Yoast SEO Premium plugin v27.4 (Yoast SEO v27.4) - https:\/\/yoast.com\/product\/yoast-seo-premium-wordpress\/ -->\n<title>Mid-century opbergkist - Jitona - Van Dijk &amp; Ko<\/title>\n<meta name=\"description\" content=\"Vintage opbergkist van Jitona, jaren \u201960, met prachtig doorlopend houtfineer en elegante taps toelopende pootjes. Oorspronkelijk ontworpen als\" \/>\n<meta name=\"robots\" content=\"index, follow, max-snippet:-1, max-image-preview:large, max-video-preview:-1\" \/>\n<link rel=\"canonical\" href=\"https:\/\/www.vandijkenko.nl\/de\/product\/mid-century-opbergkist-jitona\/\" \/>\n<meta property=\"og:locale\" content=\"de_DE\" \/>\n<meta property=\"og:type\" content=\"article\" \/>\n<meta property=\"og:title\" content=\"Mid-century opbergkist - Jitona\" \/>\n<meta property=\"og:description\" content=\"Vintage opbergkist van Jitona, jaren \u201960, met prachtig doorlopend houtfineer en elegante taps toelopende pootjes. Oorspronkelijk ontworpen als\" \/>\n<meta property=\"og:url\" content=\"https:\/\/www.vandijkenko.nl\/de\/product\/mid-century-opbergkist-jitona\/\" \/>\n<meta property=\"og:site_name\" content=\"Van Dijk &amp; Ko\" \/>\n<meta property=\"article:publisher\" content=\"https:\/\/www.facebook.com\/vandijkenko\/\" \/>\n<meta property=\"article:modified_time\" content=\"2026-02-27T09:36:21+00:00\" \/>\n<meta property=\"og:image\" content=\"https:\/\/www.vandijkenko.nl\/wp-content\/uploads\/2026\/02\/3S0A5010-scaled.jpg\" \/>\n\t<meta property=\"og:image:width\" content=\"2560\" \/>\n\t<meta property=\"og:image:height\" content=\"2560\" \/>\n\t<meta property=\"og:image:type\" content=\"image\/jpeg\" \/>\n<meta name=\"twitter:card\" content=\"summary_large_image\" \/>\n<meta name=\"twitter:label1\" content=\"Preis\" \/>\n\t<meta name=\"twitter:data1\" content=\"&euro; 425,00\" \/>\n\t<meta name=\"twitter:label2\" content=\"Verf\u00fcgbarkeit\" \/>\n\t<meta name=\"twitter:data2\" content=\"Auf Lager\" \/>\n<script type=\"application\/ld+json\" class=\"yoast-schema-graph\">{\"@context\":\"https:\\\/\\\/schema.org\",\"@graph\":[{\"@type\":\"WebPage\",\"@id\":\"https:\\\/\\\/www.vandijkenko.nl\\\/de\\\/product\\\/mid-century-opbergkist-jitona\\\/\",\"url\":\"https:\\\/\\\/www.vandijkenko.nl\\\/de\\\/product\\\/mid-century-opbergkist-jitona\\\/\",\"name\":\"Mid-century opbergkist - Jitona - Van Dijk &amp; Ko\",\"isPartOf\":{\"@id\":\"https:\\\/\\\/www.vandijkenko.nl\\\/de\\\/#website\"},\"primaryImageOfPage\":{\"@id\":\"https:\\\/\\\/www.vandijkenko.nl\\\/de\\\/product\\\/mid-century-opbergkist-jitona\\\/#primaryimage\"},\"image\":{\"@id\":\"https:\\\/\\\/www.vandijkenko.nl\\\/de\\\/product\\\/mid-century-opbergkist-jitona\\\/#primaryimage\"},\"thumbnailUrl\":\"https:\\\/\\\/www.vandijkenko.nl\\\/wp-content\\\/uploads\\\/2026\\\/02\\\/3S0A5010-scaled.jpg\",\"datePublished\":\"2026-02-27T09:31:19+00:00\",\"dateModified\":\"2026-02-27T09:36:21+00:00\",\"description\":\"Vintage opbergkist van Jitona, jaren \u201960, met prachtig doorlopend houtfineer en elegante taps toelopende pootjes. Oorspronkelijk ontworpen als\",\"breadcrumb\":{\"@id\":\"https:\\\/\\\/www.vandijkenko.nl\\\/de\\\/product\\\/mid-century-opbergkist-jitona\\\/#breadcrumb\"},\"inLanguage\":\"de\",\"potentialAction\":[{\"@type\":\"ReadAction\",\"target\":[\"https:\\\/\\\/www.vandijkenko.nl\\\/de\\\/product\\\/mid-century-opbergkist-jitona\\\/\"]}]},{\"@type\":\"ImageObject\",\"inLanguage\":\"de\",\"@id\":\"https:\\\/\\\/www.vandijkenko.nl\\\/de\\\/product\\\/mid-century-opbergkist-jitona\\\/#primaryimage\",\"url\":\"https:\\\/\\\/www.vandijkenko.nl\\\/wp-content\\\/uploads\\\/2026\\\/02\\\/3S0A5010-scaled.jpg\",\"contentUrl\":\"https:\\\/\\\/www.vandijkenko.nl\\\/wp-content\\\/uploads\\\/2026\\\/02\\\/3S0A5010-scaled.jpg\",\"width\":2560,\"height\":2560,\"caption\":\"Mid-century opbergkist - Jitona\"},{\"@type\":\"BreadcrumbList\",\"@id\":\"https:\\\/\\\/www.vandijkenko.nl\\\/de\\\/product\\\/mid-century-opbergkist-jitona\\\/#breadcrumb\",\"itemListElement\":[{\"@type\":\"ListItem\",\"position\":1,\"name\":\"Home\",\"item\":\"https:\\\/\\\/www.vandijkenko.nl\\\/de\\\/\"},{\"@type\":\"ListItem\",\"position\":2,\"name\":\"Mid-century opbergkist &#8211; Jitona\"}]},{\"@type\":\"WebSite\",\"@id\":\"https:\\\/\\\/www.vandijkenko.nl\\\/de\\\/#website\",\"url\":\"https:\\\/\\\/www.vandijkenko.nl\\\/de\\\/\",\"name\":\"Van Dijk &amp; Ko\",\"description\":\"\",\"publisher\":{\"@id\":\"https:\\\/\\\/www.vandijkenko.nl\\\/de\\\/#organization\"},\"potentialAction\":[{\"@type\":\"SearchAction\",\"target\":{\"@type\":\"EntryPoint\",\"urlTemplate\":\"https:\\\/\\\/www.vandijkenko.nl\\\/de\\\/?s={search_term_string}\"},\"query-input\":{\"@type\":\"PropertyValueSpecification\",\"valueRequired\":true,\"valueName\":\"search_term_string\"}}],\"inLanguage\":\"de\"},{\"@type\":[\"Organization\",\"Place\",\"FurnitureStore\"],\"@id\":\"https:\\\/\\\/www.vandijkenko.nl\\\/de\\\/#organization\",\"name\":\"Van Dijk & Ko\",\"url\":\"https:\\\/\\\/www.vandijkenko.nl\\\/de\\\/\",\"logo\":{\"@id\":\"https:\\\/\\\/www.vandijkenko.nl\\\/de\\\/product\\\/mid-century-opbergkist-jitona\\\/#local-main-organization-logo\"},\"image\":{\"@id\":\"https:\\\/\\\/www.vandijkenko.nl\\\/de\\\/product\\\/mid-century-opbergkist-jitona\\\/#local-main-organization-logo\"},\"sameAs\":[\"https:\\\/\\\/www.facebook.com\\\/vandijkenko\\\/\",\"https:\\\/\\\/www.instagram.com\\\/vandijkenko\\\/\",\"https:\\\/\\\/www.pinterest.co.uk\\\/vandijkko0026\\\/\"],\"address\":{\"@id\":\"https:\\\/\\\/www.vandijkenko.nl\\\/de\\\/product\\\/mid-century-opbergkist-jitona\\\/#local-main-place-address\"},\"geo\":{\"@type\":\"GeoCoordinates\",\"latitude\":\"52.3977911\",\"longitude\":\"4.9042822\"},\"telephone\":[\"+31 20 684 1524\"],\"openingHoursSpecification\":[{\"@type\":\"OpeningHoursSpecification\",\"dayOfWeek\":[\"Monday\"],\"opens\":\"00:00\",\"closes\":\"00:00\"},{\"@type\":\"OpeningHoursSpecification\",\"dayOfWeek\":[\"Tuesday\",\"Wednesday\",\"Thursday\",\"Friday\",\"Saturday\"],\"opens\":\"10:00\",\"closes\":\"18:00\"},{\"@type\":\"OpeningHoursSpecification\",\"dayOfWeek\":[\"Sunday\"],\"opens\":\"12:00\",\"closes\":\"18:00\"}],\"email\":\"info@vandijkenko.nl\"},{\"@type\":\"PostalAddress\",\"@id\":\"https:\\\/\\\/www.vandijkenko.nl\\\/de\\\/product\\\/mid-century-opbergkist-jitona\\\/#local-main-place-address\",\"streetAddress\":\"Papaverweg 46\",\"addressLocality\":\"Amsterdam\",\"postalCode\":\"1032 KJ\",\"addressRegion\":\"Noord-holland\",\"addressCountry\":\"NL\"},{\"@type\":\"ImageObject\",\"inLanguage\":\"de\",\"@id\":\"https:\\\/\\\/www.vandijkenko.nl\\\/de\\\/product\\\/mid-century-opbergkist-jitona\\\/#local-main-organization-logo\",\"url\":\"https:\\\/\\\/www.vandijkenko.nl\\\/wp-content\\\/uploads\\\/2019\\\/09\\\/VanDijkenKologo.jpg\",\"contentUrl\":\"https:\\\/\\\/www.vandijkenko.nl\\\/wp-content\\\/uploads\\\/2019\\\/09\\\/VanDijkenKologo.jpg\",\"width\":320,\"height\":320,\"caption\":\"Van Dijk & Ko\"}]}<\/script>\n<meta property=\"product:price:amount\" content=\"425.00\" \/>\n<meta property=\"product:price:currency\" content=\"EUR\" \/>\n<meta property=\"og:availability\" content=\"instock\" \/>\n<meta property=\"product:availability\" content=\"instock\" \/>\n<meta property=\"product:retailer_item_id\" content=\"kast 8206\" \/>\n<meta property=\"product:condition\" content=\"new\" \/>\n<meta name=\"geo.placename\" content=\"Amsterdam\" \/>\n<meta name=\"geo.position\" content=\"52.3977911;4.9042822\" \/>\n<meta name=\"geo.region\" content=\"Niederlande\" \/>\n<!-- \/ Yoast SEO Premium plugin. -->","yoast_head_json":{"title":"Mid-century opbergkist - Jitona - Van Dijk &amp; Ko","description":"Vintage opbergkist van Jitona, jaren \u201960, met prachtig doorlopend houtfineer en elegante taps toelopende pootjes. Oorspronkelijk ontworpen als","robots":{"index":"index","follow":"follow","max-snippet":"max-snippet:-1","max-image-preview":"max-image-preview:large","max-video-preview":"max-video-preview:-1"},"canonical":"https:\/\/www.vandijkenko.nl\/de\/product\/mid-century-opbergkist-jitona\/","og_locale":"de_DE","og_type":"article","og_title":"Mid-century opbergkist - Jitona","og_description":"Vintage opbergkist van Jitona, jaren \u201960, met prachtig doorlopend houtfineer en elegante taps toelopende pootjes. Oorspronkelijk ontworpen als","og_url":"https:\/\/www.vandijkenko.nl\/de\/product\/mid-century-opbergkist-jitona\/","og_site_name":"Van Dijk &amp; Ko","article_publisher":"https:\/\/www.facebook.com\/vandijkenko\/","article_modified_time":"2026-02-27T09:36:21+00:00","og_image":[{"width":2560,"height":2560,"url":"https:\/\/www.vandijkenko.nl\/wp-content\/uploads\/2026\/02\/3S0A5010-scaled.jpg","type":"image\/jpeg"}],"twitter_card":"summary_large_image","twitter_misc":{"Preis":"&euro; 425,00","Verf\u00fcgbarkeit":"Auf Lager"},"schema":{"@context":"https:\/\/schema.org","@graph":[{"@type":"WebPage","@id":"https:\/\/www.vandijkenko.nl\/de\/product\/mid-century-opbergkist-jitona\/","url":"https:\/\/www.vandijkenko.nl\/de\/product\/mid-century-opbergkist-jitona\/","name":"Mid-century opbergkist - Jitona - Van Dijk &amp; Ko","isPartOf":{"@id":"https:\/\/www.vandijkenko.nl\/de\/#website"},"primaryImageOfPage":{"@id":"https:\/\/www.vandijkenko.nl\/de\/product\/mid-century-opbergkist-jitona\/#primaryimage"},"image":{"@id":"https:\/\/www.vandijkenko.nl\/de\/product\/mid-century-opbergkist-jitona\/#primaryimage"},"thumbnailUrl":"https:\/\/www.vandijkenko.nl\/wp-content\/uploads\/2026\/02\/3S0A5010-scaled.jpg","datePublished":"2026-02-27T09:31:19+00:00","dateModified":"2026-02-27T09:36:21+00:00","description":"Vintage opbergkist van Jitona, jaren \u201960, met prachtig doorlopend houtfineer en elegante taps toelopende pootjes. Oorspronkelijk ontworpen als","breadcrumb":{"@id":"https:\/\/www.vandijkenko.nl\/de\/product\/mid-century-opbergkist-jitona\/#breadcrumb"},"inLanguage":"de","potentialAction":[{"@type":"ReadAction","target":["https:\/\/www.vandijkenko.nl\/de\/product\/mid-century-opbergkist-jitona\/"]}]},{"@type":"ImageObject","inLanguage":"de","@id":"https:\/\/www.vandijkenko.nl\/de\/product\/mid-century-opbergkist-jitona\/#primaryimage","url":"https:\/\/www.vandijkenko.nl\/wp-content\/uploads\/2026\/02\/3S0A5010-scaled.jpg","contentUrl":"https:\/\/www.vandijkenko.nl\/wp-content\/uploads\/2026\/02\/3S0A5010-scaled.jpg","width":2560,"height":2560,"caption":"Mid-century opbergkist - Jitona"},{"@type":"BreadcrumbList","@id":"https:\/\/www.vandijkenko.nl\/de\/product\/mid-century-opbergkist-jitona\/#breadcrumb","itemListElement":[{"@type":"ListItem","position":1,"name":"Home","item":"https:\/\/www.vandijkenko.nl\/de\/"},{"@type":"ListItem","position":2,"name":"Mid-century opbergkist &#8211; Jitona"}]},{"@type":"WebSite","@id":"https:\/\/www.vandijkenko.nl\/de\/#website","url":"https:\/\/www.vandijkenko.nl\/de\/","name":"Van Dijk &amp; Ko","description":"","publisher":{"@id":"https:\/\/www.vandijkenko.nl\/de\/#organization"},"potentialAction":[{"@type":"SearchAction","target":{"@type":"EntryPoint","urlTemplate":"https:\/\/www.vandijkenko.nl\/de\/?s={search_term_string}"},"query-input":{"@type":"PropertyValueSpecification","valueRequired":true,"valueName":"search_term_string"}}],"inLanguage":"de"},{"@type":["Organization","Place","FurnitureStore"],"@id":"https:\/\/www.vandijkenko.nl\/de\/#organization","name":"Van Dijk & Ko","url":"https:\/\/www.vandijkenko.nl\/de\/","logo":{"@id":"https:\/\/www.vandijkenko.nl\/de\/product\/mid-century-opbergkist-jitona\/#local-main-organization-logo"},"image":{"@id":"https:\/\/www.vandijkenko.nl\/de\/product\/mid-century-opbergkist-jitona\/#local-main-organization-logo"},"sameAs":["https:\/\/www.facebook.com\/vandijkenko\/","https:\/\/www.instagram.com\/vandijkenko\/","https:\/\/www.pinterest.co.uk\/vandijkko0026\/"],"address":{"@id":"https:\/\/www.vandijkenko.nl\/de\/product\/mid-century-opbergkist-jitona\/#local-main-place-address"},"geo":{"@type":"GeoCoordinates","latitude":"52.3977911","longitude":"4.9042822"},"telephone":["+31 20 684 1524"],"openingHoursSpecification":[{"@type":"OpeningHoursSpecification","dayOfWeek":["Monday"],"opens":"00:00","closes":"00:00"},{"@type":"OpeningHoursSpecification","dayOfWeek":["Tuesday","Wednesday","Thursday","Friday","Saturday"],"opens":"10:00","closes":"18:00"},{"@type":"OpeningHoursSpecification","dayOfWeek":["Sunday"],"opens":"12:00","closes":"18:00"}],"email":"info@vandijkenko.nl"},{"@type":"PostalAddress","@id":"https:\/\/www.vandijkenko.nl\/de\/product\/mid-century-opbergkist-jitona\/#local-main-place-address","streetAddress":"Papaverweg 46","addressLocality":"Amsterdam","postalCode":"1032 KJ","addressRegion":"Noord-holland","addressCountry":"NL"},{"@type":"ImageObject","inLanguage":"de","@id":"https:\/\/www.vandijkenko.nl\/de\/product\/mid-century-opbergkist-jitona\/#local-main-organization-logo","url":"https:\/\/www.vandijkenko.nl\/wp-content\/uploads\/2019\/09\/VanDijkenKologo.jpg","contentUrl":"https:\/\/www.vandijkenko.nl\/wp-content\/uploads\/2019\/09\/VanDijkenKologo.jpg","width":320,"height":320,"caption":"Van Dijk & Ko"}]},"product_price_amount":"425.00","product_price_currency":"EUR","og_availability":"instock","product_availability":"instock","product_retailer_item_id":"kast 8206","product_condition":"new","geo.placename":"Amsterdam","geo.position":{"lat":"52.3977911","long":"4.9042822"},"geo.region":"Niederlande"},"_links":{"self":[{"href":"https:\/\/www.vandijkenko.nl\/de\/wp-json\/wp\/v2\/product\/1026761","targetHints":{"allow":["GET"]}}],"collection":[{"href":"https:\/\/www.vandijkenko.nl\/de\/wp-json\/wp\/v2\/product"}],"about":[{"href":"https:\/\/www.vandijkenko.nl\/de\/wp-json\/wp\/v2\/types\/product"}],"replies":[{"embeddable":true,"href":"https:\/\/www.vandijkenko.nl\/de\/wp-json\/wp\/v2\/comments?post=1026761"}],"wp:featuredmedia":[{"embeddable":true,"href":"https:\/\/www.vandijkenko.nl\/de\/wp-json\/wp\/v2\/media\/1026589"}],"wp:attachment":[{"href":"https:\/\/www.vandijkenko.nl\/de\/wp-json\/wp\/v2\/media?parent=1026761"}],"wp:term":[{"taxonomy":"product_brand","embeddable":true,"href":"https:\/\/www.vandijkenko.nl\/de\/wp-json\/wp\/v2\/product_brand?post=1026761"},{"taxonomy":"product_cat","embeddable":true,"href":"https:\/\/www.vandijkenko.nl\/de\/wp-json\/wp\/v2\/product_cat?post=1026761"},{"taxonomy":"product_tag","embeddable":true,"href":"https:\/\/www.vandijkenko.nl\/de\/wp-json\/wp\/v2\/product_tag?post=1026761"}],"curies":[{"name":"wp","href":"https:\/\/api.w.org\/{rel}","templated":true}]}}