{"id":1031048,"date":"2026-04-21T10:44:18","date_gmt":"2026-04-21T08:44:18","guid":{"rendered":"https:\/\/www.vandijkenko.nl\/?post_type=product&#038;p=1031048"},"modified":"2026-04-21T10:49:08","modified_gmt":"2026-04-21T08:49:08","slug":"mid-century-sideboard-jiri-jiroutek","status":"publish","type":"product","link":"https:\/\/www.vandijkenko.nl\/de\/product\/mid-century-sideboard-jiri-jiroutek\/","title":{"rendered":"Mid Century sideboard &#8211; Ji\u0159\u00ed Jiroutek"},"content":{"rendered":"<div class=\"wpb-content-wrapper\"><p>[vc_row][vc_column][vc_column_text css=&#8220;&#8220;]<\/p>\n<p class=\"p1\">Mid Century U-460 sideboard van Ji\u0159\u00ed Jiroutek. Dit dressoir werd in de jaren \u201960 ontworpen door Ji\u0159\u00ed Jiroutek en geproduceerd voor Interi\u00e9r Praha in het toenmalige Tsjechoslowakije. Het is een opvallend meubelstuk met een strak mid-century ontwerp en karakteristieke zwart-wit gelakte laden aan de rechterzijde. Deze geven het dressoir een speelse en iconische uitstraling.<\/p>\n<p>&nbsp;<\/p>\n<p>Afmetingen (lxdxh) 165 x 46 x 77 cm<\/p>\n<p>&nbsp;<\/p>\n<p>We hebben altijd meerdere vintage parels staan, in allerlei kleuren, soorten &amp; maten. Elk exemplaar is uniek! Kom ze in het echt bewonderen in de <a href=\"https:\/\/www.vandijkenko.nl\/contact\/\">winkel<\/a>\u00a0of houd onze webshop in de gaten.<\/p>\n<p>&nbsp;<\/p>\n<p>Dit is kast nummer 83117<\/p>\n<p>Op dit artikel is de\u00a0<a href=\"https:\/\/www.belastingdienst.nl\/wps\/wcm\/connect\/bldcontentnl\/belastingdienst\/zakelijk\/btw\/bijzondere_regelingen\/margeregeling\/\"><span class=\"s1\">margeregeling<\/span><\/a>\u00a0van toepassing, dat betekent dat er over het product geen BTW wordt gerekend.[\/vc_column_text][\/vc_column][\/vc_row]<\/p>\n<\/div>","protected":false},"excerpt":{"rendered":"<p><i class=\"fa fa-check-circle\"><\/i>\u00a0Fysieke winkel<\/p>\n<p><i class=\"fa fa-check-circle\"><\/i>\u00a0Gratis afhalen<\/p>\n<p><i class=\"fa fa-check-circle\"><\/i>\u00a0We bezorgen in heel NL<\/p>\n","protected":false},"featured_media":1030721,"comment_status":"open","ping_status":"closed","template":"","meta":{"_acf_changed":false},"product_brand":[],"product_cat":[1760,1761,18,2698],"product_tag":[169,3541,4248,3731,3426,2550,3721,4297,208,1629,3729,4399,296,683],"class_list":{"0":"post-1031048","1":"product","2":"type-product","3":"status-publish","4":"has-post-thumbnail","6":"product_cat-bekijk-alle-kasten","7":"product_cat-dressoirs-commodes","8":"product_cat-kasten","9":"product_cat-vintage-design","10":"product_tag-dressoir","11":"product_tag-frantisek-jirak","12":"product_tag-interier-praha","13":"product_tag-jiri-jiroutek","14":"product_tag-jiroutek","15":"product_tag-mid-century","16":"product_tag-sideboard","17":"product_tag-u-460","18":"product_tag-vintage","19":"product_tag-vintage-dressoir","20":"product_tag-vintage-dressoir-jiroutek","21":"product_tag-vintage-ladekast-van-interier-praha","22":"product_tag-wandkast","23":"product_tag-wandmeubel","24":"pa_kleur-bruin","25":"pa_kleur-wit","26":"pa_kleur-zwart","27":"pa_materiaal-hout","28":"pa_materiaal-plastic","29":"pa_soort-kast-dressoir","30":"pa_soort-kast-vintage-kast","31":"pa_soort-kast-wandkast","33":"first","34":"instock","35":"featured","36":"sold-individually","37":"taxable","38":"shipping-taxable","39":"purchasable","40":"product-type-simple"},"bundled_by":[],"bundle_stock_status":"instock","bundle_stock_quantity":1,"bundle_virtual":false,"bundle_layout":"","bundle_add_to_cart_form_location":"","bundle_editable_in_cart":false,"bundle_sold_individually_context":"","bundle_item_grouping":"","bundle_min_size":"","bundle_max_size":"","bundle_price":[],"bundled_items":[],"bundle_sell_ids":[],"acf":[],"yoast_head":"<!-- This site is optimized with the Yoast SEO Premium plugin v27.4 (Yoast SEO v27.4) - https:\/\/yoast.com\/product\/yoast-seo-premium-wordpress\/ -->\n<title>Mid Century sideboard - Ji\u0159\u00ed Jiroutek - Van Dijk &amp; Ko<\/title>\n<meta name=\"description\" content=\"Mid Century U-460 sideboard van Ji\u0159\u00ed Jiroutek. Dit dressoir werd in de jaren \u201960 ontworpen door Ji\u0159\u00ed Jiroutek en geproduceerd voor Interi\u00e9r\" \/>\n<meta name=\"robots\" content=\"index, follow, max-snippet:-1, max-image-preview:large, max-video-preview:-1\" \/>\n<link rel=\"canonical\" href=\"https:\/\/www.vandijkenko.nl\/de\/product\/mid-century-sideboard-jiri-jiroutek\/\" \/>\n<meta property=\"og:locale\" content=\"de_DE\" \/>\n<meta property=\"og:type\" content=\"article\" \/>\n<meta property=\"og:title\" content=\"Mid Century sideboard - Ji\u0159\u00ed Jiroutek\" \/>\n<meta property=\"og:description\" content=\"Mid Century U-460 sideboard van Ji\u0159\u00ed Jiroutek. Dit dressoir werd in de jaren \u201960 ontworpen door Ji\u0159\u00ed Jiroutek en geproduceerd voor Interi\u00e9r\" \/>\n<meta property=\"og:url\" content=\"https:\/\/www.vandijkenko.nl\/de\/product\/mid-century-sideboard-jiri-jiroutek\/\" \/>\n<meta property=\"og:site_name\" content=\"Van Dijk &amp; Ko\" \/>\n<meta property=\"article:publisher\" content=\"https:\/\/www.facebook.com\/vandijkenko\/\" \/>\n<meta property=\"article:modified_time\" content=\"2026-04-21T08:49:08+00:00\" \/>\n<meta property=\"og:image\" content=\"https:\/\/www.vandijkenko.nl\/wp-content\/uploads\/2026\/04\/3S0A0849-scaled.jpg\" \/>\n\t<meta property=\"og:image:width\" content=\"2560\" \/>\n\t<meta property=\"og:image:height\" content=\"2560\" \/>\n\t<meta property=\"og:image:type\" content=\"image\/jpeg\" \/>\n<meta name=\"twitter:card\" content=\"summary_large_image\" \/>\n<meta name=\"twitter:label1\" content=\"Preis\" \/>\n\t<meta name=\"twitter:data1\" content=\"&euro; 1.150,00\" \/>\n\t<meta name=\"twitter:label2\" content=\"Verf\u00fcgbarkeit\" \/>\n\t<meta name=\"twitter:data2\" content=\"Auf Lager\" \/>\n<script type=\"application\/ld+json\" class=\"yoast-schema-graph\">{\"@context\":\"https:\\\/\\\/schema.org\",\"@graph\":[{\"@type\":\"WebPage\",\"@id\":\"https:\\\/\\\/www.vandijkenko.nl\\\/de\\\/product\\\/mid-century-sideboard-jiri-jiroutek\\\/\",\"url\":\"https:\\\/\\\/www.vandijkenko.nl\\\/de\\\/product\\\/mid-century-sideboard-jiri-jiroutek\\\/\",\"name\":\"Mid Century sideboard - Ji\u0159\u00ed Jiroutek - Van Dijk &amp; Ko\",\"isPartOf\":{\"@id\":\"https:\\\/\\\/www.vandijkenko.nl\\\/de\\\/#website\"},\"primaryImageOfPage\":{\"@id\":\"https:\\\/\\\/www.vandijkenko.nl\\\/de\\\/product\\\/mid-century-sideboard-jiri-jiroutek\\\/#primaryimage\"},\"image\":{\"@id\":\"https:\\\/\\\/www.vandijkenko.nl\\\/de\\\/product\\\/mid-century-sideboard-jiri-jiroutek\\\/#primaryimage\"},\"thumbnailUrl\":\"https:\\\/\\\/www.vandijkenko.nl\\\/wp-content\\\/uploads\\\/2026\\\/04\\\/3S0A0849-scaled.jpg\",\"datePublished\":\"2026-04-21T08:44:18+00:00\",\"dateModified\":\"2026-04-21T08:49:08+00:00\",\"description\":\"Mid Century U-460 sideboard van Ji\u0159\u00ed Jiroutek. Dit dressoir werd in de jaren \u201960 ontworpen door Ji\u0159\u00ed Jiroutek en geproduceerd voor Interi\u00e9r\",\"breadcrumb\":{\"@id\":\"https:\\\/\\\/www.vandijkenko.nl\\\/de\\\/product\\\/mid-century-sideboard-jiri-jiroutek\\\/#breadcrumb\"},\"inLanguage\":\"de\",\"potentialAction\":[{\"@type\":\"ReadAction\",\"target\":[\"https:\\\/\\\/www.vandijkenko.nl\\\/de\\\/product\\\/mid-century-sideboard-jiri-jiroutek\\\/\"]}]},{\"@type\":\"ImageObject\",\"inLanguage\":\"de\",\"@id\":\"https:\\\/\\\/www.vandijkenko.nl\\\/de\\\/product\\\/mid-century-sideboard-jiri-jiroutek\\\/#primaryimage\",\"url\":\"https:\\\/\\\/www.vandijkenko.nl\\\/wp-content\\\/uploads\\\/2026\\\/04\\\/3S0A0849-scaled.jpg\",\"contentUrl\":\"https:\\\/\\\/www.vandijkenko.nl\\\/wp-content\\\/uploads\\\/2026\\\/04\\\/3S0A0849-scaled.jpg\",\"width\":2560,\"height\":2560,\"caption\":\"Vintage dressoir - Interi\u00e9r Praha\"},{\"@type\":\"BreadcrumbList\",\"@id\":\"https:\\\/\\\/www.vandijkenko.nl\\\/de\\\/product\\\/mid-century-sideboard-jiri-jiroutek\\\/#breadcrumb\",\"itemListElement\":[{\"@type\":\"ListItem\",\"position\":1,\"name\":\"Home\",\"item\":\"https:\\\/\\\/www.vandijkenko.nl\\\/de\\\/\"},{\"@type\":\"ListItem\",\"position\":2,\"name\":\"Mid Century sideboard &#8211; Ji\u0159\u00ed Jiroutek\"}]},{\"@type\":\"WebSite\",\"@id\":\"https:\\\/\\\/www.vandijkenko.nl\\\/de\\\/#website\",\"url\":\"https:\\\/\\\/www.vandijkenko.nl\\\/de\\\/\",\"name\":\"Van Dijk &amp; Ko\",\"description\":\"\",\"publisher\":{\"@id\":\"https:\\\/\\\/www.vandijkenko.nl\\\/de\\\/#organization\"},\"potentialAction\":[{\"@type\":\"SearchAction\",\"target\":{\"@type\":\"EntryPoint\",\"urlTemplate\":\"https:\\\/\\\/www.vandijkenko.nl\\\/de\\\/?s={search_term_string}\"},\"query-input\":{\"@type\":\"PropertyValueSpecification\",\"valueRequired\":true,\"valueName\":\"search_term_string\"}}],\"inLanguage\":\"de\"},{\"@type\":[\"Organization\",\"Place\",\"FurnitureStore\"],\"@id\":\"https:\\\/\\\/www.vandijkenko.nl\\\/de\\\/#organization\",\"name\":\"Van Dijk & Ko\",\"url\":\"https:\\\/\\\/www.vandijkenko.nl\\\/de\\\/\",\"logo\":{\"@id\":\"https:\\\/\\\/www.vandijkenko.nl\\\/de\\\/product\\\/mid-century-sideboard-jiri-jiroutek\\\/#local-main-organization-logo\"},\"image\":{\"@id\":\"https:\\\/\\\/www.vandijkenko.nl\\\/de\\\/product\\\/mid-century-sideboard-jiri-jiroutek\\\/#local-main-organization-logo\"},\"sameAs\":[\"https:\\\/\\\/www.facebook.com\\\/vandijkenko\\\/\",\"https:\\\/\\\/www.instagram.com\\\/vandijkenko\\\/\",\"https:\\\/\\\/www.pinterest.co.uk\\\/vandijkko0026\\\/\"],\"address\":{\"@id\":\"https:\\\/\\\/www.vandijkenko.nl\\\/de\\\/product\\\/mid-century-sideboard-jiri-jiroutek\\\/#local-main-place-address\"},\"geo\":{\"@type\":\"GeoCoordinates\",\"latitude\":\"52.3977911\",\"longitude\":\"4.9042822\"},\"telephone\":[\"+31 20 684 1524\"],\"openingHoursSpecification\":[{\"@type\":\"OpeningHoursSpecification\",\"dayOfWeek\":[\"Monday\"],\"opens\":\"00:00\",\"closes\":\"00:00\"},{\"@type\":\"OpeningHoursSpecification\",\"dayOfWeek\":[\"Tuesday\",\"Wednesday\",\"Thursday\",\"Friday\",\"Saturday\"],\"opens\":\"10:00\",\"closes\":\"18:00\"},{\"@type\":\"OpeningHoursSpecification\",\"dayOfWeek\":[\"Sunday\"],\"opens\":\"12:00\",\"closes\":\"18:00\"}],\"email\":\"info@vandijkenko.nl\"},{\"@type\":\"PostalAddress\",\"@id\":\"https:\\\/\\\/www.vandijkenko.nl\\\/de\\\/product\\\/mid-century-sideboard-jiri-jiroutek\\\/#local-main-place-address\",\"streetAddress\":\"Papaverweg 46\",\"addressLocality\":\"Amsterdam\",\"postalCode\":\"1032 KJ\",\"addressRegion\":\"Noord-holland\",\"addressCountry\":\"NL\"},{\"@type\":\"ImageObject\",\"inLanguage\":\"de\",\"@id\":\"https:\\\/\\\/www.vandijkenko.nl\\\/de\\\/product\\\/mid-century-sideboard-jiri-jiroutek\\\/#local-main-organization-logo\",\"url\":\"https:\\\/\\\/www.vandijkenko.nl\\\/wp-content\\\/uploads\\\/2019\\\/09\\\/VanDijkenKologo.jpg\",\"contentUrl\":\"https:\\\/\\\/www.vandijkenko.nl\\\/wp-content\\\/uploads\\\/2019\\\/09\\\/VanDijkenKologo.jpg\",\"width\":320,\"height\":320,\"caption\":\"Van Dijk & Ko\"}]}<\/script>\n<meta property=\"product:price:amount\" content=\"1150.00\" \/>\n<meta property=\"product:price:currency\" content=\"EUR\" \/>\n<meta property=\"og:availability\" content=\"instock\" \/>\n<meta property=\"product:availability\" content=\"instock\" \/>\n<meta property=\"product:retailer_item_id\" content=\"kast 83117 marge\" \/>\n<meta property=\"product:condition\" content=\"new\" \/>\n<meta name=\"geo.placename\" content=\"Amsterdam\" \/>\n<meta name=\"geo.position\" content=\"52.3977911;4.9042822\" \/>\n<meta name=\"geo.region\" content=\"Niederlande\" \/>\n<!-- \/ Yoast SEO Premium plugin. -->","yoast_head_json":{"title":"Mid Century sideboard - Ji\u0159\u00ed Jiroutek - Van Dijk &amp; Ko","description":"Mid Century U-460 sideboard van Ji\u0159\u00ed Jiroutek. Dit dressoir werd in de jaren \u201960 ontworpen door Ji\u0159\u00ed Jiroutek en geproduceerd voor Interi\u00e9r","robots":{"index":"index","follow":"follow","max-snippet":"max-snippet:-1","max-image-preview":"max-image-preview:large","max-video-preview":"max-video-preview:-1"},"canonical":"https:\/\/www.vandijkenko.nl\/de\/product\/mid-century-sideboard-jiri-jiroutek\/","og_locale":"de_DE","og_type":"article","og_title":"Mid Century sideboard - Ji\u0159\u00ed Jiroutek","og_description":"Mid Century U-460 sideboard van Ji\u0159\u00ed Jiroutek. Dit dressoir werd in de jaren \u201960 ontworpen door Ji\u0159\u00ed Jiroutek en geproduceerd voor Interi\u00e9r","og_url":"https:\/\/www.vandijkenko.nl\/de\/product\/mid-century-sideboard-jiri-jiroutek\/","og_site_name":"Van Dijk &amp; Ko","article_publisher":"https:\/\/www.facebook.com\/vandijkenko\/","article_modified_time":"2026-04-21T08:49:08+00:00","og_image":[{"width":2560,"height":2560,"url":"https:\/\/www.vandijkenko.nl\/wp-content\/uploads\/2026\/04\/3S0A0849-scaled.jpg","type":"image\/jpeg"}],"twitter_card":"summary_large_image","twitter_misc":{"Preis":"&euro; 1.150,00","Verf\u00fcgbarkeit":"Auf Lager"},"schema":{"@context":"https:\/\/schema.org","@graph":[{"@type":"WebPage","@id":"https:\/\/www.vandijkenko.nl\/de\/product\/mid-century-sideboard-jiri-jiroutek\/","url":"https:\/\/www.vandijkenko.nl\/de\/product\/mid-century-sideboard-jiri-jiroutek\/","name":"Mid Century sideboard - Ji\u0159\u00ed Jiroutek - Van Dijk &amp; Ko","isPartOf":{"@id":"https:\/\/www.vandijkenko.nl\/de\/#website"},"primaryImageOfPage":{"@id":"https:\/\/www.vandijkenko.nl\/de\/product\/mid-century-sideboard-jiri-jiroutek\/#primaryimage"},"image":{"@id":"https:\/\/www.vandijkenko.nl\/de\/product\/mid-century-sideboard-jiri-jiroutek\/#primaryimage"},"thumbnailUrl":"https:\/\/www.vandijkenko.nl\/wp-content\/uploads\/2026\/04\/3S0A0849-scaled.jpg","datePublished":"2026-04-21T08:44:18+00:00","dateModified":"2026-04-21T08:49:08+00:00","description":"Mid Century U-460 sideboard van Ji\u0159\u00ed Jiroutek. Dit dressoir werd in de jaren \u201960 ontworpen door Ji\u0159\u00ed Jiroutek en geproduceerd voor Interi\u00e9r","breadcrumb":{"@id":"https:\/\/www.vandijkenko.nl\/de\/product\/mid-century-sideboard-jiri-jiroutek\/#breadcrumb"},"inLanguage":"de","potentialAction":[{"@type":"ReadAction","target":["https:\/\/www.vandijkenko.nl\/de\/product\/mid-century-sideboard-jiri-jiroutek\/"]}]},{"@type":"ImageObject","inLanguage":"de","@id":"https:\/\/www.vandijkenko.nl\/de\/product\/mid-century-sideboard-jiri-jiroutek\/#primaryimage","url":"https:\/\/www.vandijkenko.nl\/wp-content\/uploads\/2026\/04\/3S0A0849-scaled.jpg","contentUrl":"https:\/\/www.vandijkenko.nl\/wp-content\/uploads\/2026\/04\/3S0A0849-scaled.jpg","width":2560,"height":2560,"caption":"Vintage dressoir - Interi\u00e9r Praha"},{"@type":"BreadcrumbList","@id":"https:\/\/www.vandijkenko.nl\/de\/product\/mid-century-sideboard-jiri-jiroutek\/#breadcrumb","itemListElement":[{"@type":"ListItem","position":1,"name":"Home","item":"https:\/\/www.vandijkenko.nl\/de\/"},{"@type":"ListItem","position":2,"name":"Mid Century sideboard &#8211; Ji\u0159\u00ed Jiroutek"}]},{"@type":"WebSite","@id":"https:\/\/www.vandijkenko.nl\/de\/#website","url":"https:\/\/www.vandijkenko.nl\/de\/","name":"Van Dijk &amp; Ko","description":"","publisher":{"@id":"https:\/\/www.vandijkenko.nl\/de\/#organization"},"potentialAction":[{"@type":"SearchAction","target":{"@type":"EntryPoint","urlTemplate":"https:\/\/www.vandijkenko.nl\/de\/?s={search_term_string}"},"query-input":{"@type":"PropertyValueSpecification","valueRequired":true,"valueName":"search_term_string"}}],"inLanguage":"de"},{"@type":["Organization","Place","FurnitureStore"],"@id":"https:\/\/www.vandijkenko.nl\/de\/#organization","name":"Van Dijk & Ko","url":"https:\/\/www.vandijkenko.nl\/de\/","logo":{"@id":"https:\/\/www.vandijkenko.nl\/de\/product\/mid-century-sideboard-jiri-jiroutek\/#local-main-organization-logo"},"image":{"@id":"https:\/\/www.vandijkenko.nl\/de\/product\/mid-century-sideboard-jiri-jiroutek\/#local-main-organization-logo"},"sameAs":["https:\/\/www.facebook.com\/vandijkenko\/","https:\/\/www.instagram.com\/vandijkenko\/","https:\/\/www.pinterest.co.uk\/vandijkko0026\/"],"address":{"@id":"https:\/\/www.vandijkenko.nl\/de\/product\/mid-century-sideboard-jiri-jiroutek\/#local-main-place-address"},"geo":{"@type":"GeoCoordinates","latitude":"52.3977911","longitude":"4.9042822"},"telephone":["+31 20 684 1524"],"openingHoursSpecification":[{"@type":"OpeningHoursSpecification","dayOfWeek":["Monday"],"opens":"00:00","closes":"00:00"},{"@type":"OpeningHoursSpecification","dayOfWeek":["Tuesday","Wednesday","Thursday","Friday","Saturday"],"opens":"10:00","closes":"18:00"},{"@type":"OpeningHoursSpecification","dayOfWeek":["Sunday"],"opens":"12:00","closes":"18:00"}],"email":"info@vandijkenko.nl"},{"@type":"PostalAddress","@id":"https:\/\/www.vandijkenko.nl\/de\/product\/mid-century-sideboard-jiri-jiroutek\/#local-main-place-address","streetAddress":"Papaverweg 46","addressLocality":"Amsterdam","postalCode":"1032 KJ","addressRegion":"Noord-holland","addressCountry":"NL"},{"@type":"ImageObject","inLanguage":"de","@id":"https:\/\/www.vandijkenko.nl\/de\/product\/mid-century-sideboard-jiri-jiroutek\/#local-main-organization-logo","url":"https:\/\/www.vandijkenko.nl\/wp-content\/uploads\/2019\/09\/VanDijkenKologo.jpg","contentUrl":"https:\/\/www.vandijkenko.nl\/wp-content\/uploads\/2019\/09\/VanDijkenKologo.jpg","width":320,"height":320,"caption":"Van Dijk & Ko"}]},"product_price_amount":"1150.00","product_price_currency":"EUR","og_availability":"instock","product_availability":"instock","product_retailer_item_id":"kast 83117 marge","product_condition":"new","geo.placename":"Amsterdam","geo.position":{"lat":"52.3977911","long":"4.9042822"},"geo.region":"Niederlande"},"_links":{"self":[{"href":"https:\/\/www.vandijkenko.nl\/de\/wp-json\/wp\/v2\/product\/1031048","targetHints":{"allow":["GET"]}}],"collection":[{"href":"https:\/\/www.vandijkenko.nl\/de\/wp-json\/wp\/v2\/product"}],"about":[{"href":"https:\/\/www.vandijkenko.nl\/de\/wp-json\/wp\/v2\/types\/product"}],"replies":[{"embeddable":true,"href":"https:\/\/www.vandijkenko.nl\/de\/wp-json\/wp\/v2\/comments?post=1031048"}],"wp:featuredmedia":[{"embeddable":true,"href":"https:\/\/www.vandijkenko.nl\/de\/wp-json\/wp\/v2\/media\/1030721"}],"wp:attachment":[{"href":"https:\/\/www.vandijkenko.nl\/de\/wp-json\/wp\/v2\/media?parent=1031048"}],"wp:term":[{"taxonomy":"product_brand","embeddable":true,"href":"https:\/\/www.vandijkenko.nl\/de\/wp-json\/wp\/v2\/product_brand?post=1031048"},{"taxonomy":"product_cat","embeddable":true,"href":"https:\/\/www.vandijkenko.nl\/de\/wp-json\/wp\/v2\/product_cat?post=1031048"},{"taxonomy":"product_tag","embeddable":true,"href":"https:\/\/www.vandijkenko.nl\/de\/wp-json\/wp\/v2\/product_tag?post=1031048"}],"curies":[{"name":"wp","href":"https:\/\/api.w.org\/{rel}","templated":true}]}}