{"id":972082,"date":"2024-04-09T11:27:31","date_gmt":"2024-04-09T09:27:31","guid":{"rendered":"https:\/\/www.vandijkenko.nl\/?post_type=product&#038;p=972082"},"modified":"2024-08-03T12:03:20","modified_gmt":"2024-08-03T10:03:20","slug":"brocante-linnenkast-212","status":"publish","type":"product","link":"https:\/\/www.vandijkenko.nl\/de\/product\/brocante-linnenkast-212\/","title":{"rendered":"Brocante linnenkast"},"content":{"rendered":"<p>Ook deze prachtige brocante linnenkast hebben we opgespeurd \u00e9n opgeknapt in Hongarije, met oa nieuwe planken en een neutrale off-white kleur. Een aanwinst voor elk huis!<\/p>\n<p>&nbsp;<\/p>\n<p>De \u00e9\u00e9n vindt de kleur h\u00e9\u00e9l lichtgrijs, de ander weer ietwat groenig.. Moeilijk te definieren, maar sowieso een hele mooi neutrale tint! Je bent heel welkom om de kast live te bekijken in onze winkel.<\/p>\n<p>&nbsp;<\/p>\n<p>Afmetingen (lxdxh) 122 x 52 x 182 cm.<\/p>\n<p>&nbsp;<\/p>\n<p>Liever een roede of een extra plank? Neem dan even <a href=\"https:\/\/www.vandijkenko.nl\/contact\/\">contact<\/a> met ons op, voor een kleine meerprijs maken we je kast helemaal naar wens.<\/p>\n<p>&nbsp;<\/p>\n<p>Dit is kast nummer 44157.<\/p>\n","protected":false},"excerpt":{"rendered":"<p><i class=\"fa fa-check-circle\"><\/i> Fysieke winkel<\/p>\n<p><i class=\"fa fa-check-circle\"><\/i> Gratis afhalen<\/p>\n<p><i class=\"fa fa-check-circle\"><\/i> Bezorging in heel NL<\/p>\n","protected":false},"featured_media":972014,"comment_status":"closed","ping_status":"closed","template":"","meta":{"_acf_changed":false},"product_brand":[],"product_cat":[1760,1164,1163,18,1755],"product_tag":[435,1512,1493,2766,1406,524,1500,170,3481,1477],"class_list":{"0":"post-972082","1":"product","2":"type-product","3":"status-publish","4":"has-post-thumbnail","6":"product_cat-bekijk-alle-kasten","7":"product_cat-hongaars","8":"product_cat-hongarije","9":"product_cat-kasten","10":"product_cat-kledingkasten-linnenkasten","11":"product_tag-brocante","12":"product_tag-brocante-kast","13":"product_tag-brocante-kledingkast","14":"product_tag-creme-groene-linnenkast","15":"product_tag-groen","16":"product_tag-hongarije","17":"product_tag-houten-kast","18":"product_tag-kledingkast","19":"product_tag-salie","20":"product_tag-vintage-kast","21":"pa_materiaal-hout","22":"pa_soort-kast-kledingkast","23":"pa_soort-kast-linnenkast","24":"pa_soort-kast-upcycled-kast","25":"pa_soort-kast-wandkast","27":"first","28":"outofstock","29":"taxable","30":"shipping-taxable","31":"purchasable","32":"product-type-simple"},"bundled_by":[],"bundle_stock_status":"outofstock","bundle_stock_quantity":0,"bundle_virtual":false,"bundle_layout":"","bundle_add_to_cart_form_location":"","bundle_editable_in_cart":false,"bundle_sold_individually_context":"","bundle_item_grouping":"","bundle_min_size":"","bundle_max_size":"","bundle_price":[],"bundled_items":[],"bundle_sell_ids":[],"acf":[],"yoast_head":"<!-- This site is optimized with the Yoast SEO Premium plugin v27.1 (Yoast SEO v27.1.1) - https:\/\/yoast.com\/product\/yoast-seo-premium-wordpress\/ -->\n<title>Brocante linnenkast - Van Dijk &amp; Ko<\/title>\n<meta name=\"description\" content=\"Ook deze prachtige brocante linnenkast hebben we opgespeurd \u00e9n opgeknapt in Hongarije, met oa nieuwe planken en een neutrale off-white kleur.\" \/>\n<meta name=\"robots\" content=\"index, follow, max-snippet:-1, max-image-preview:large, max-video-preview:-1\" \/>\n<link rel=\"canonical\" href=\"https:\/\/www.vandijkenko.nl\/de\/product\/brocante-linnenkast-212\/\" \/>\n<meta property=\"og:locale\" content=\"de_DE\" \/>\n<meta property=\"og:type\" content=\"article\" \/>\n<meta property=\"og:title\" content=\"Brocante linnenkast\" \/>\n<meta property=\"og:description\" content=\"Ook deze prachtige brocante linnenkast hebben we opgespeurd \u00e9n opgeknapt in Hongarije, met oa nieuwe planken en een neutrale off-white kleur.\" \/>\n<meta property=\"og:url\" content=\"https:\/\/www.vandijkenko.nl\/de\/product\/brocante-linnenkast-212\/\" \/>\n<meta property=\"og:site_name\" content=\"Van Dijk &amp; Ko\" \/>\n<meta property=\"article:publisher\" content=\"https:\/\/www.facebook.com\/vandijkenko\/\" \/>\n<meta property=\"article:modified_time\" content=\"2024-08-03T10:03:20+00:00\" \/>\n<meta property=\"og:image\" content=\"https:\/\/www.vandijkenko.nl\/wp-content\/uploads\/2024\/04\/IMG_2405.jpg\" \/>\n\t<meta property=\"og:image:width\" content=\"2547\" \/>\n\t<meta property=\"og:image:height\" content=\"2547\" \/>\n\t<meta property=\"og:image:type\" content=\"image\/jpeg\" \/>\n<meta name=\"twitter:card\" content=\"summary_large_image\" \/>\n<meta name=\"twitter:label1\" content=\"Preis\" \/>\n\t<meta name=\"twitter:data1\" content=\"&euro; 825,00\" \/>\n\t<meta name=\"twitter:label2\" content=\"Verf\u00fcgbarkeit\" \/>\n\t<meta name=\"twitter:data2\" content=\"ausverkauft\" \/>\n<script type=\"application\/ld+json\" class=\"yoast-schema-graph\">{\"@context\":\"https:\/\/schema.org\",\"@graph\":[{\"@type\":\"WebPage\",\"@id\":\"https:\/\/www.vandijkenko.nl\/de\/product\/brocante-linnenkast-212\/\",\"url\":\"https:\/\/www.vandijkenko.nl\/de\/product\/brocante-linnenkast-212\/\",\"name\":\"Brocante linnenkast - Van Dijk &amp; Ko\",\"isPartOf\":{\"@id\":\"https:\/\/www.vandijkenko.nl\/de\/#website\"},\"primaryImageOfPage\":{\"@id\":\"https:\/\/www.vandijkenko.nl\/de\/product\/brocante-linnenkast-212\/#primaryimage\"},\"image\":{\"@id\":\"https:\/\/www.vandijkenko.nl\/de\/product\/brocante-linnenkast-212\/#primaryimage\"},\"thumbnailUrl\":\"https:\/\/www.vandijkenko.nl\/wp-content\/uploads\/2024\/04\/IMG_2405.jpg\",\"datePublished\":\"2024-04-09T09:27:31+00:00\",\"dateModified\":\"2024-08-03T10:03:20+00:00\",\"description\":\"Ook deze prachtige brocante linnenkast hebben we opgespeurd \u00e9n opgeknapt in Hongarije, met oa nieuwe planken en een neutrale off-white kleur.\",\"breadcrumb\":{\"@id\":\"https:\/\/www.vandijkenko.nl\/de\/product\/brocante-linnenkast-212\/#breadcrumb\"},\"inLanguage\":\"de\",\"potentialAction\":[{\"@type\":\"ReadAction\",\"target\":[\"https:\/\/www.vandijkenko.nl\/de\/product\/brocante-linnenkast-212\/\"]}]},{\"@type\":\"ImageObject\",\"inLanguage\":\"de\",\"@id\":\"https:\/\/www.vandijkenko.nl\/de\/product\/brocante-linnenkast-212\/#primaryimage\",\"url\":\"https:\/\/www.vandijkenko.nl\/wp-content\/uploads\/2024\/04\/IMG_2405.jpg\",\"contentUrl\":\"https:\/\/www.vandijkenko.nl\/wp-content\/uploads\/2024\/04\/IMG_2405.jpg\",\"width\":2547,\"height\":2547,\"caption\":\"Brocante linnenkast\"},{\"@type\":\"BreadcrumbList\",\"@id\":\"https:\/\/www.vandijkenko.nl\/de\/product\/brocante-linnenkast-212\/#breadcrumb\",\"itemListElement\":[{\"@type\":\"ListItem\",\"position\":1,\"name\":\"Home\",\"item\":\"https:\/\/www.vandijkenko.nl\/de\/\"},{\"@type\":\"ListItem\",\"position\":2,\"name\":\"Brocante linnenkast\"}]},{\"@type\":\"WebSite\",\"@id\":\"https:\/\/www.vandijkenko.nl\/de\/#website\",\"url\":\"https:\/\/www.vandijkenko.nl\/de\/\",\"name\":\"Van Dijk &amp; Ko\",\"description\":\"\",\"publisher\":{\"@id\":\"https:\/\/www.vandijkenko.nl\/de\/#organization\"},\"potentialAction\":[{\"@type\":\"SearchAction\",\"target\":{\"@type\":\"EntryPoint\",\"urlTemplate\":\"https:\/\/www.vandijkenko.nl\/de\/?s={search_term_string}\"},\"query-input\":{\"@type\":\"PropertyValueSpecification\",\"valueRequired\":true,\"valueName\":\"search_term_string\"}}],\"inLanguage\":\"de\"},{\"@type\":[\"Organization\",\"Place\",\"FurnitureStore\"],\"@id\":\"https:\/\/www.vandijkenko.nl\/de\/#organization\",\"name\":\"Van Dijk & Ko\",\"url\":\"https:\/\/www.vandijkenko.nl\/de\/\",\"logo\":{\"@id\":\"https:\/\/www.vandijkenko.nl\/de\/product\/brocante-linnenkast-212\/#local-main-organization-logo\"},\"image\":{\"@id\":\"https:\/\/www.vandijkenko.nl\/de\/product\/brocante-linnenkast-212\/#local-main-organization-logo\"},\"sameAs\":[\"https:\/\/www.facebook.com\/vandijkenko\/\",\"https:\/\/www.instagram.com\/vandijkenko\/\",\"https:\/\/www.pinterest.co.uk\/vandijkko0026\/\"],\"address\":{\"@id\":\"https:\/\/www.vandijkenko.nl\/de\/product\/brocante-linnenkast-212\/#local-main-place-address\"},\"geo\":{\"@type\":\"GeoCoordinates\",\"latitude\":\"52.3977911\",\"longitude\":\"4.9042822\"},\"telephone\":[\"+31 20 684 1524\"],\"openingHoursSpecification\":[{\"@type\":\"OpeningHoursSpecification\",\"dayOfWeek\":[\"Monday\"],\"opens\":\"00:00\",\"closes\":\"00:00\"},{\"@type\":\"OpeningHoursSpecification\",\"dayOfWeek\":[\"Tuesday\",\"Wednesday\",\"Thursday\",\"Friday\",\"Saturday\"],\"opens\":\"10:00\",\"closes\":\"18:00\"},{\"@type\":\"OpeningHoursSpecification\",\"dayOfWeek\":[\"Sunday\"],\"opens\":\"12:00\",\"closes\":\"18:00\"}],\"email\":\"info@vandijkenko.nl\"},{\"@type\":\"PostalAddress\",\"@id\":\"https:\/\/www.vandijkenko.nl\/de\/product\/brocante-linnenkast-212\/#local-main-place-address\",\"streetAddress\":\"Papaverweg 46\",\"addressLocality\":\"Amsterdam\",\"postalCode\":\"1032 KJ\",\"addressRegion\":\"Noord-holland\",\"addressCountry\":\"NL\"},{\"@type\":\"ImageObject\",\"inLanguage\":\"de\",\"@id\":\"https:\/\/www.vandijkenko.nl\/de\/product\/brocante-linnenkast-212\/#local-main-organization-logo\",\"url\":\"https:\/\/www.vandijkenko.nl\/wp-content\/uploads\/2019\/09\/VanDijkenKologo.jpg\",\"contentUrl\":\"https:\/\/www.vandijkenko.nl\/wp-content\/uploads\/2019\/09\/VanDijkenKologo.jpg\",\"width\":320,\"height\":320,\"caption\":\"Van Dijk & Ko\"}]}<\/script>\n<meta property=\"product:price:amount\" content=\"825.00\" \/>\n<meta property=\"product:price:currency\" content=\"EUR\" \/>\n<meta property=\"og:availability\" content=\"out of stock\" \/>\n<meta property=\"product:availability\" content=\"out of stock\" \/>\n<meta property=\"product:retailer_item_id\" content=\"kast 44158-1\" \/>\n<meta property=\"product:condition\" content=\"new\" \/>\n<meta name=\"geo.placename\" content=\"Amsterdam\" \/>\n<meta name=\"geo.position\" content=\"52.3977911;4.9042822\" \/>\n<meta name=\"geo.region\" content=\"Niederlande\" \/>\n<!-- \/ Yoast SEO Premium plugin. -->","yoast_head_json":{"title":"Brocante linnenkast - Van Dijk &amp; Ko","description":"Ook deze prachtige brocante linnenkast hebben we opgespeurd \u00e9n opgeknapt in Hongarije, met oa nieuwe planken en een neutrale off-white kleur.","robots":{"index":"index","follow":"follow","max-snippet":"max-snippet:-1","max-image-preview":"max-image-preview:large","max-video-preview":"max-video-preview:-1"},"canonical":"https:\/\/www.vandijkenko.nl\/de\/product\/brocante-linnenkast-212\/","og_locale":"de_DE","og_type":"article","og_title":"Brocante linnenkast","og_description":"Ook deze prachtige brocante linnenkast hebben we opgespeurd \u00e9n opgeknapt in Hongarije, met oa nieuwe planken en een neutrale off-white kleur.","og_url":"https:\/\/www.vandijkenko.nl\/de\/product\/brocante-linnenkast-212\/","og_site_name":"Van Dijk &amp; Ko","article_publisher":"https:\/\/www.facebook.com\/vandijkenko\/","article_modified_time":"2024-08-03T10:03:20+00:00","og_image":[{"width":2547,"height":2547,"url":"https:\/\/www.vandijkenko.nl\/wp-content\/uploads\/2024\/04\/IMG_2405.jpg","type":"image\/jpeg"}],"twitter_card":"summary_large_image","twitter_misc":{"Preis":"&euro; 825,00","Verf\u00fcgbarkeit":"ausverkauft"},"schema":{"@context":"https:\/\/schema.org","@graph":[{"@type":"WebPage","@id":"https:\/\/www.vandijkenko.nl\/de\/product\/brocante-linnenkast-212\/","url":"https:\/\/www.vandijkenko.nl\/de\/product\/brocante-linnenkast-212\/","name":"Brocante linnenkast - Van Dijk &amp; Ko","isPartOf":{"@id":"https:\/\/www.vandijkenko.nl\/de\/#website"},"primaryImageOfPage":{"@id":"https:\/\/www.vandijkenko.nl\/de\/product\/brocante-linnenkast-212\/#primaryimage"},"image":{"@id":"https:\/\/www.vandijkenko.nl\/de\/product\/brocante-linnenkast-212\/#primaryimage"},"thumbnailUrl":"https:\/\/www.vandijkenko.nl\/wp-content\/uploads\/2024\/04\/IMG_2405.jpg","datePublished":"2024-04-09T09:27:31+00:00","dateModified":"2024-08-03T10:03:20+00:00","description":"Ook deze prachtige brocante linnenkast hebben we opgespeurd \u00e9n opgeknapt in Hongarije, met oa nieuwe planken en een neutrale off-white kleur.","breadcrumb":{"@id":"https:\/\/www.vandijkenko.nl\/de\/product\/brocante-linnenkast-212\/#breadcrumb"},"inLanguage":"de","potentialAction":[{"@type":"ReadAction","target":["https:\/\/www.vandijkenko.nl\/de\/product\/brocante-linnenkast-212\/"]}]},{"@type":"ImageObject","inLanguage":"de","@id":"https:\/\/www.vandijkenko.nl\/de\/product\/brocante-linnenkast-212\/#primaryimage","url":"https:\/\/www.vandijkenko.nl\/wp-content\/uploads\/2024\/04\/IMG_2405.jpg","contentUrl":"https:\/\/www.vandijkenko.nl\/wp-content\/uploads\/2024\/04\/IMG_2405.jpg","width":2547,"height":2547,"caption":"Brocante linnenkast"},{"@type":"BreadcrumbList","@id":"https:\/\/www.vandijkenko.nl\/de\/product\/brocante-linnenkast-212\/#breadcrumb","itemListElement":[{"@type":"ListItem","position":1,"name":"Home","item":"https:\/\/www.vandijkenko.nl\/de\/"},{"@type":"ListItem","position":2,"name":"Brocante linnenkast"}]},{"@type":"WebSite","@id":"https:\/\/www.vandijkenko.nl\/de\/#website","url":"https:\/\/www.vandijkenko.nl\/de\/","name":"Van Dijk &amp; Ko","description":"","publisher":{"@id":"https:\/\/www.vandijkenko.nl\/de\/#organization"},"potentialAction":[{"@type":"SearchAction","target":{"@type":"EntryPoint","urlTemplate":"https:\/\/www.vandijkenko.nl\/de\/?s={search_term_string}"},"query-input":{"@type":"PropertyValueSpecification","valueRequired":true,"valueName":"search_term_string"}}],"inLanguage":"de"},{"@type":["Organization","Place","FurnitureStore"],"@id":"https:\/\/www.vandijkenko.nl\/de\/#organization","name":"Van Dijk & Ko","url":"https:\/\/www.vandijkenko.nl\/de\/","logo":{"@id":"https:\/\/www.vandijkenko.nl\/de\/product\/brocante-linnenkast-212\/#local-main-organization-logo"},"image":{"@id":"https:\/\/www.vandijkenko.nl\/de\/product\/brocante-linnenkast-212\/#local-main-organization-logo"},"sameAs":["https:\/\/www.facebook.com\/vandijkenko\/","https:\/\/www.instagram.com\/vandijkenko\/","https:\/\/www.pinterest.co.uk\/vandijkko0026\/"],"address":{"@id":"https:\/\/www.vandijkenko.nl\/de\/product\/brocante-linnenkast-212\/#local-main-place-address"},"geo":{"@type":"GeoCoordinates","latitude":"52.3977911","longitude":"4.9042822"},"telephone":["+31 20 684 1524"],"openingHoursSpecification":[{"@type":"OpeningHoursSpecification","dayOfWeek":["Monday"],"opens":"00:00","closes":"00:00"},{"@type":"OpeningHoursSpecification","dayOfWeek":["Tuesday","Wednesday","Thursday","Friday","Saturday"],"opens":"10:00","closes":"18:00"},{"@type":"OpeningHoursSpecification","dayOfWeek":["Sunday"],"opens":"12:00","closes":"18:00"}],"email":"info@vandijkenko.nl"},{"@type":"PostalAddress","@id":"https:\/\/www.vandijkenko.nl\/de\/product\/brocante-linnenkast-212\/#local-main-place-address","streetAddress":"Papaverweg 46","addressLocality":"Amsterdam","postalCode":"1032 KJ","addressRegion":"Noord-holland","addressCountry":"NL"},{"@type":"ImageObject","inLanguage":"de","@id":"https:\/\/www.vandijkenko.nl\/de\/product\/brocante-linnenkast-212\/#local-main-organization-logo","url":"https:\/\/www.vandijkenko.nl\/wp-content\/uploads\/2019\/09\/VanDijkenKologo.jpg","contentUrl":"https:\/\/www.vandijkenko.nl\/wp-content\/uploads\/2019\/09\/VanDijkenKologo.jpg","width":320,"height":320,"caption":"Van Dijk & Ko"}]},"product_price_amount":"825.00","product_price_currency":"EUR","og_availability":"out of stock","product_availability":"out of stock","product_retailer_item_id":"kast 44158-1","product_condition":"new","geo.placename":"Amsterdam","geo.position":{"lat":"52.3977911","long":"4.9042822"},"geo.region":"Niederlande"},"_links":{"self":[{"href":"https:\/\/www.vandijkenko.nl\/de\/wp-json\/wp\/v2\/product\/972082","targetHints":{"allow":["GET"]}}],"collection":[{"href":"https:\/\/www.vandijkenko.nl\/de\/wp-json\/wp\/v2\/product"}],"about":[{"href":"https:\/\/www.vandijkenko.nl\/de\/wp-json\/wp\/v2\/types\/product"}],"replies":[{"embeddable":true,"href":"https:\/\/www.vandijkenko.nl\/de\/wp-json\/wp\/v2\/comments?post=972082"}],"wp:featuredmedia":[{"embeddable":true,"href":"https:\/\/www.vandijkenko.nl\/de\/wp-json\/wp\/v2\/media\/972014"}],"wp:attachment":[{"href":"https:\/\/www.vandijkenko.nl\/de\/wp-json\/wp\/v2\/media?parent=972082"}],"wp:term":[{"taxonomy":"product_brand","embeddable":true,"href":"https:\/\/www.vandijkenko.nl\/de\/wp-json\/wp\/v2\/product_brand?post=972082"},{"taxonomy":"product_cat","embeddable":true,"href":"https:\/\/www.vandijkenko.nl\/de\/wp-json\/wp\/v2\/product_cat?post=972082"},{"taxonomy":"product_tag","embeddable":true,"href":"https:\/\/www.vandijkenko.nl\/de\/wp-json\/wp\/v2\/product_tag?post=972082"}],"curies":[{"name":"wp","href":"https:\/\/api.w.org\/{rel}","templated":true}]}}